{"id":8,"date":"2018-05-29T15:43:20","date_gmt":"2018-05-29T13:43:20","guid":{"rendered":"https:\/\/nordiclighthotel.se\/?page_id=8"},"modified":"2026-04-07T08:29:31","modified_gmt":"2026-04-07T06:29:31","slug":"restaurang","status":"publish","type":"page","link":"https:\/\/nordiclighthotel.com\/sv\/restaurang\/","title":{"rendered":"Restaurang"},"content":{"rendered":"\n<div class=\"wp-block-group has-black-color has-text-color has-link-color wp-elements-6a8ef08e03162affbaa32437a745c9d0 is-content-justification-center is-layout-constrained wp-container-core-group-is-layout-e2849c9d wp-block-group-is-layout-constrained\" style=\"margin-top:0;margin-bottom:0;padding-top:var(--wp--preset--spacing--30);padding-right:var(--wp--preset--spacing--30);padding-bottom:var(--wp--preset--spacing--30);padding-left:var(--wp--preset--spacing--30)\">\n<div class=\"wp-block-group is-layout-constrained wp-block-group-is-layout-constrained\">\n<h2 class=\"wp-block-heading has-text-align-center has-black-color has-text-color has-link-color wp-elements-edfd8e8e87e8aa0b76292cace5b3b6e8\">\u00d6ppettider under p\u00e5sk<\/h2>\n\n\n\n<div style=\"height:20px\" aria-hidden=\"true\" class=\"wp-block-spacer\"><\/div>\n\n\n\n<h3 class=\"wp-block-heading has-text-align-center has-black-color has-text-color has-link-color wp-elements-565f117b584c97d3a0574df935d224f8\">Frukost<\/h3>\n\n\n\n<p class=\"has-text-align-center has-black-color has-text-color has-link-color wp-elements-ab6ea62d5203a1137f12bbd7c81ff767\">3 april \u2013 7 april: 07:00 \u2013 11:00<\/p>\n\n\n\n<h3 class=\"wp-block-heading has-text-align-center has-black-color has-text-color has-link-color wp-elements-3e2c50b79b9fd2c11d6afffab04daa2d\">Lykke<\/h3>\n\n\n\n<p class=\"has-text-align-center has-black-color has-text-color has-link-color wp-elements-13199d17ff597f057aac0770755b14d9\">Lunch \u00e4r st\u00e4ngt 3 april &amp; 6 april. Tillbaka som vanligt 7 april.<\/p>\n\n\n\n<p class=\"has-text-align-center has-black-color has-text-color has-link-color wp-elements-dd2e6526ecfddcf54c435dd131cbdd12\">Den ordinarie middagsserveringen \u00e4r st\u00e4ngd fr\u00e5n 2 april \u2013 11 april. \u00c0 la carte-servering erbjuds ist\u00e4llet fr\u00e5n v\u00e5r Lobby Bar. P\u00e5 utvalda dagar (3 april, 5 april &amp; 6 april) serveras en begr\u00e4nsad meny.<\/p>\n\n\n\n<p class=\"has-text-align-center\">Brunch \u00e4r \u00f6ppet som vanligt 4 april och 11 april.<\/p>\n\n\n\n<h3 class=\"wp-block-heading has-text-align-center has-black-color has-text-color has-link-color wp-elements-be2ae684da4c0b0f3702f2fb752616ab\">Baren<\/h3>\n\n\n\n<p class=\"has-text-align-center has-black-color has-text-color has-link-color wp-elements-2395e5b297ade52b1c6c613eec45f2da\">2 april, 16:00 \u2013 23:00 | 3 april, 16:00 \u2013 22:00 | 4 april, 16:00 \u2013 00:00 | 5 april, 16:00 \u2013 21:00 | 6 april, 16:00 \u2013 22:00 | 7, 8 &amp; 9 april, 16:00 \u2013 23:00 | 10 &amp; 11 april, 16:00 \u2013 00:00<\/p>\n\n\n\n<p class=\"has-text-align-center has-black-color has-text-color has-link-color wp-elements-078a0ff6190ea05c14e5b5c3607437e6\"><em><em>Sista best\u00e4llning g\u00f6rs alltid 30 minuter innan st\u00e4ngning<\/em><\/em><\/p>\n<\/div>\n<\/div>\n\n\n\n<p><\/p>\n","protected":false},"excerpt":{"rendered":"<p>\u00d6ppettider under p\u00e5sk Frukost 3 april \u2013 7 april: 07:00 \u2013 11:00 Lykke Lunch \u00e4r st\u00e4ngt 3 april &amp; 6 april. Tillbaka som vanligt 7 april. Den ordinarie middagsserveringen \u00e4r st\u00e4ngd fr\u00e5n 2 april \u2013 11 april. \u00c0 la carte-servering erbjuds ist\u00e4llet fr\u00e5n v\u00e5r Lobby Bar. P\u00e5 utvalda dagar (3 april, 5 april &amp; 6&hellip;<\/p>\n","protected":false},"author":3,"featured_media":17405,"parent":0,"menu_order":0,"comment_status":"closed","ping_status":"closed","template":"templates\/template-restaurant.php","meta":{"_acf_changed":false,"footnotes":""},"class_list":["post-8","page","type-page","status-publish","has-post-thumbnail","hentry"],"acf":[],"yoast_head":"<!-- This site is optimized with the Yoast SEO plugin v27.3 - https:\/\/yoast.com\/product\/yoast-seo-wordpress\/ -->\n<title>Restaurang Stockholm central |\u00a0Lykke - en modern bistro<\/title>\n<meta name=\"description\" content=\"S\u00e4songsbetonade smaker i fokus p\u00e5 restaurang LYKKE, en modern tolkning p\u00e5 en rustik bistro med fokus p\u00e5 r\u00e5varan. Allt i en unikt designad milj\u00f6.\" \/>\n<meta name=\"robots\" content=\"index, follow, max-snippet:-1, max-image-preview:large, max-video-preview:-1\" \/>\n<link rel=\"canonical\" href=\"https:\/\/nordiclighthotel.com\/sv\/restaurang\/\" \/>\n<meta property=\"og:locale\" content=\"sv_SE\" \/>\n<meta property=\"og:type\" content=\"article\" \/>\n<meta property=\"og:title\" content=\"Restaurang Stockholm central |\u00a0Lykke - en modern bistro\" \/>\n<meta property=\"og:description\" content=\"S\u00e4songsbetonade smaker i fokus p\u00e5 restaurang LYKKE, en modern tolkning p\u00e5 en rustik bistro med fokus p\u00e5 r\u00e5varan. Allt i en unikt designad milj\u00f6.\" \/>\n<meta property=\"og:url\" content=\"https:\/\/nordiclighthotel.com\/sv\/restaurang\/\" \/>\n<meta property=\"og:site_name\" content=\"Nordic Light Hotel\" \/>\n<meta property=\"article:modified_time\" content=\"2026-04-07T06:29:31+00:00\" \/>\n<meta property=\"og:image\" content=\"https:\/\/nordiclighthotel.com\/wp-content\/uploads\/2024\/11\/FALL-MENU-9393-scaled-e1731052515142.jpg\" \/>\n\t<meta property=\"og:image:width\" content=\"2560\" \/>\n\t<meta property=\"og:image:height\" content=\"1280\" \/>\n\t<meta property=\"og:image:type\" content=\"image\/jpeg\" \/>\n<meta name=\"twitter:card\" content=\"summary_large_image\" \/>\n<meta name=\"twitter:label1\" content=\"Ber\u00e4knad l\u00e4stid\" \/>\n\t<meta name=\"twitter:data1\" content=\"1 minut\" \/>\n<script type=\"application\/ld+json\" class=\"yoast-schema-graph\">{\"@context\":\"https:\\\/\\\/schema.org\",\"@graph\":[{\"@type\":\"WebPage\",\"@id\":\"https:\\\/\\\/nordiclighthotel.com\\\/sv\\\/restaurang\\\/\",\"url\":\"https:\\\/\\\/nordiclighthotel.com\\\/sv\\\/restaurang\\\/\",\"name\":\"Restaurang Stockholm central |\u00a0Lykke - en modern bistro\",\"isPartOf\":{\"@id\":\"https:\\\/\\\/nordiclighthotel.com\\\/#website\"},\"primaryImageOfPage\":{\"@id\":\"https:\\\/\\\/nordiclighthotel.com\\\/sv\\\/restaurang\\\/#primaryimage\"},\"image\":{\"@id\":\"https:\\\/\\\/nordiclighthotel.com\\\/sv\\\/restaurang\\\/#primaryimage\"},\"thumbnailUrl\":\"https:\\\/\\\/nordiclighthotel.com\\\/wp-content\\\/uploads\\\/2024\\\/11\\\/FALL-MENU-9393-scaled-e1731052515142.jpg\",\"datePublished\":\"2018-05-29T13:43:20+00:00\",\"dateModified\":\"2026-04-07T06:29:31+00:00\",\"description\":\"S\u00e4songsbetonade smaker i fokus p\u00e5 restaurang LYKKE, en modern tolkning p\u00e5 en rustik bistro med fokus p\u00e5 r\u00e5varan. Allt i en unikt designad milj\u00f6.\",\"breadcrumb\":{\"@id\":\"https:\\\/\\\/nordiclighthotel.com\\\/sv\\\/restaurang\\\/#breadcrumb\"},\"inLanguage\":\"sv-SE\",\"potentialAction\":[{\"@type\":\"ReadAction\",\"target\":[\"https:\\\/\\\/nordiclighthotel.com\\\/sv\\\/restaurang\\\/\"]}]},{\"@type\":\"ImageObject\",\"inLanguage\":\"sv-SE\",\"@id\":\"https:\\\/\\\/nordiclighthotel.com\\\/sv\\\/restaurang\\\/#primaryimage\",\"url\":\"https:\\\/\\\/nordiclighthotel.com\\\/wp-content\\\/uploads\\\/2024\\\/11\\\/FALL-MENU-9393-scaled-e1731052515142.jpg\",\"contentUrl\":\"https:\\\/\\\/nordiclighthotel.com\\\/wp-content\\\/uploads\\\/2024\\\/11\\\/FALL-MENU-9393-scaled-e1731052515142.jpg\",\"width\":2560,\"height\":1280},{\"@type\":\"BreadcrumbList\",\"@id\":\"https:\\\/\\\/nordiclighthotel.com\\\/sv\\\/restaurang\\\/#breadcrumb\",\"itemListElement\":[{\"@type\":\"ListItem\",\"position\":1,\"name\":\"Hem\",\"item\":\"https:\\\/\\\/nordiclighthotel.com\\\/sv\\\/\"},{\"@type\":\"ListItem\",\"position\":2,\"name\":\"Restaurang\"}]},{\"@type\":\"WebSite\",\"@id\":\"https:\\\/\\\/nordiclighthotel.com\\\/#website\",\"url\":\"https:\\\/\\\/nordiclighthotel.com\\\/\",\"name\":\"Nordic Light Hotel\",\"description\":\"Stockholm mest centrala hotell - inklusive frukost &amp; wifi | Nordic Light Hotel\",\"potentialAction\":[{\"@type\":\"SearchAction\",\"target\":{\"@type\":\"EntryPoint\",\"urlTemplate\":\"https:\\\/\\\/nordiclighthotel.com\\\/?s={search_term_string}\"},\"query-input\":{\"@type\":\"PropertyValueSpecification\",\"valueRequired\":true,\"valueName\":\"search_term_string\"}}],\"inLanguage\":\"sv-SE\"}]}<\/script>\n<!-- \/ Yoast SEO plugin. -->","yoast_head_json":{"title":"Restaurang Stockholm central |\u00a0Lykke - en modern bistro","description":"S\u00e4songsbetonade smaker i fokus p\u00e5 restaurang LYKKE, en modern tolkning p\u00e5 en rustik bistro med fokus p\u00e5 r\u00e5varan. Allt i en unikt designad milj\u00f6.","robots":{"index":"index","follow":"follow","max-snippet":"max-snippet:-1","max-image-preview":"max-image-preview:large","max-video-preview":"max-video-preview:-1"},"canonical":"https:\/\/nordiclighthotel.com\/sv\/restaurang\/","og_locale":"sv_SE","og_type":"article","og_title":"Restaurang Stockholm central |\u00a0Lykke - en modern bistro","og_description":"S\u00e4songsbetonade smaker i fokus p\u00e5 restaurang LYKKE, en modern tolkning p\u00e5 en rustik bistro med fokus p\u00e5 r\u00e5varan. Allt i en unikt designad milj\u00f6.","og_url":"https:\/\/nordiclighthotel.com\/sv\/restaurang\/","og_site_name":"Nordic Light Hotel","article_modified_time":"2026-04-07T06:29:31+00:00","og_image":[{"width":2560,"height":1280,"url":"https:\/\/nordiclighthotel.com\/wp-content\/uploads\/2024\/11\/FALL-MENU-9393-scaled-e1731052515142.jpg","type":"image\/jpeg"}],"twitter_card":"summary_large_image","twitter_misc":{"Ber\u00e4knad l\u00e4stid":"1 minut"},"schema":{"@context":"https:\/\/schema.org","@graph":[{"@type":"WebPage","@id":"https:\/\/nordiclighthotel.com\/sv\/restaurang\/","url":"https:\/\/nordiclighthotel.com\/sv\/restaurang\/","name":"Restaurang Stockholm central |\u00a0Lykke - en modern bistro","isPartOf":{"@id":"https:\/\/nordiclighthotel.com\/#website"},"primaryImageOfPage":{"@id":"https:\/\/nordiclighthotel.com\/sv\/restaurang\/#primaryimage"},"image":{"@id":"https:\/\/nordiclighthotel.com\/sv\/restaurang\/#primaryimage"},"thumbnailUrl":"https:\/\/nordiclighthotel.com\/wp-content\/uploads\/2024\/11\/FALL-MENU-9393-scaled-e1731052515142.jpg","datePublished":"2018-05-29T13:43:20+00:00","dateModified":"2026-04-07T06:29:31+00:00","description":"S\u00e4songsbetonade smaker i fokus p\u00e5 restaurang LYKKE, en modern tolkning p\u00e5 en rustik bistro med fokus p\u00e5 r\u00e5varan. Allt i en unikt designad milj\u00f6.","breadcrumb":{"@id":"https:\/\/nordiclighthotel.com\/sv\/restaurang\/#breadcrumb"},"inLanguage":"sv-SE","potentialAction":[{"@type":"ReadAction","target":["https:\/\/nordiclighthotel.com\/sv\/restaurang\/"]}]},{"@type":"ImageObject","inLanguage":"sv-SE","@id":"https:\/\/nordiclighthotel.com\/sv\/restaurang\/#primaryimage","url":"https:\/\/nordiclighthotel.com\/wp-content\/uploads\/2024\/11\/FALL-MENU-9393-scaled-e1731052515142.jpg","contentUrl":"https:\/\/nordiclighthotel.com\/wp-content\/uploads\/2024\/11\/FALL-MENU-9393-scaled-e1731052515142.jpg","width":2560,"height":1280},{"@type":"BreadcrumbList","@id":"https:\/\/nordiclighthotel.com\/sv\/restaurang\/#breadcrumb","itemListElement":[{"@type":"ListItem","position":1,"name":"Hem","item":"https:\/\/nordiclighthotel.com\/sv\/"},{"@type":"ListItem","position":2,"name":"Restaurang"}]},{"@type":"WebSite","@id":"https:\/\/nordiclighthotel.com\/#website","url":"https:\/\/nordiclighthotel.com\/","name":"Nordic Light Hotel","description":"Stockholm mest centrala hotell - inklusive frukost &amp; wifi | Nordic Light Hotel","potentialAction":[{"@type":"SearchAction","target":{"@type":"EntryPoint","urlTemplate":"https:\/\/nordiclighthotel.com\/?s={search_term_string}"},"query-input":{"@type":"PropertyValueSpecification","valueRequired":true,"valueName":"search_term_string"}}],"inLanguage":"sv-SE"}]}},"_links":{"self":[{"href":"https:\/\/nordiclighthotel.com\/sv\/wp-json\/wp\/v2\/pages\/8","targetHints":{"allow":["GET"]}}],"collection":[{"href":"https:\/\/nordiclighthotel.com\/sv\/wp-json\/wp\/v2\/pages"}],"about":[{"href":"https:\/\/nordiclighthotel.com\/sv\/wp-json\/wp\/v2\/types\/page"}],"author":[{"embeddable":true,"href":"https:\/\/nordiclighthotel.com\/sv\/wp-json\/wp\/v2\/users\/3"}],"replies":[{"embeddable":true,"href":"https:\/\/nordiclighthotel.com\/sv\/wp-json\/wp\/v2\/comments?post=8"}],"version-history":[{"count":1422,"href":"https:\/\/nordiclighthotel.com\/sv\/wp-json\/wp\/v2\/pages\/8\/revisions"}],"predecessor-version":[{"id":20923,"href":"https:\/\/nordiclighthotel.com\/sv\/wp-json\/wp\/v2\/pages\/8\/revisions\/20923"}],"wp:featuredmedia":[{"embeddable":true,"href":"https:\/\/nordiclighthotel.com\/sv\/wp-json\/wp\/v2\/media\/17405"}],"wp:attachment":[{"href":"https:\/\/nordiclighthotel.com\/sv\/wp-json\/wp\/v2\/media?parent=8"}],"curies":[{"name":"wp","href":"https:\/\/api.w.org\/{rel}","templated":true}]}}