{"id":6655,"date":"2020-01-14T15:52:22","date_gmt":"2020-01-14T14:52:22","guid":{"rendered":"https:\/\/nordiclighthotel.se\/?page_id=6655"},"modified":"2026-02-06T15:59:39","modified_gmt":"2026-02-06T14:59:39","slug":"we-care","status":"publish","type":"page","link":"https:\/\/nordiclighthotel.com\/sv\/we-care\/","title":{"rendered":"We Care"},"content":{"rendered":"\n<h1 class=\"wp-block-heading\">We Care<\/h1>\n\n\n\n<p><em>Vi delar en tradition och kultur att g\u00f6ra mer \u00e4n det som f\u00f6rv\u00e4ntas av oss &#8211; f\u00f6r g\u00e4sterna, v\u00e5ra medarbetare, samh\u00e4llet och milj\u00f6n. Vi kallar detta arbete f\u00f6r WeCare. H\u00e4r \u00e4r n\u00e5gra omr\u00e5den vi fokuserar p\u00e5 och vad vi g\u00f6r i praktiken.<\/em><\/p>\n\n\n\n<div style=\"height:40px\" aria-hidden=\"true\" class=\"wp-block-spacer\"><\/div>\n\n\n\n<h2 class=\"wp-block-heading\">Talita<\/h2>\n\n\n\n<p>Talita \u00e4r en ideell organisation som erbjuder en v\u00e4g ut ur prostitution, pornografi och m\u00e4nniskohandel f\u00f6r sexuella \u00e4ndam\u00e5l och in i ett nytt liv. Deras ett\u00e5riga rehabiliteringsprogram bygger p\u00e5 en metod som de utformat utifr\u00e5n den kunskap som de f\u00e5tt under 20 \u00e5r som varit verksamma. I programmet arbetar de f\u00f6rebyggande, upps\u00f6kande och rehabiliterande och kallar det Talitametoden. N\u00e4stintill samtliga kvinnor som genomg\u00e5tt programmet l\u00e4mnar prostitutionen f\u00f6r gott.<\/p>\n\n\n\n<p>P\u00e5 kuddarna i varje rum l\u00e4gger vi en d\u00f6rrh\u00e4ngare med information om Talita och hur du som g\u00e4st kan avst\u00e5 st\u00e4dning av ditt rum och d\u00e4rmed bidra med 20 SEK. Nordic Light dubblar sedan summan.<\/p>\n\n\n\n<div style=\"height:20px\" aria-hidden=\"true\" class=\"wp-block-spacer\"><\/div>\n\n\n\n<h2 class=\"wp-block-heading\">Milj\u00f6certifiering<\/h2>\n\n\n\n<p>P\u00e5 Nordic Light Hotel \u00e4r vi stolta \u00f6ver att vara ett Svanenm\u00e4rkt hotell, ett bevis p\u00e5 v\u00e5rt l\u00e5ngsiktiga och aktiva arbete f\u00f6r att minska v\u00e5r milj\u00f6p\u00e5verkan och driva en mer h\u00e5llbar verksamhet. L\u00e4s mer om v\u00e5rt milj\u00f6arbete och Svanenm\u00e4rkningen&nbsp;<a href=\"https:\/\/www.strawberry.se\/blog\/wecare\/svanen\/\">h\u00e4r<\/a>.<\/p>\n\n\n\n<div style=\"height:20px\" aria-hidden=\"true\" class=\"wp-block-spacer\"><\/div>\n\n\n\n<h2 class=\"wp-block-heading\">Matrevolutionen<\/h2>\n\n\n\n<p>Mindre tallrikar &#8211; mindre avfall. Av all mat som produceras i v\u00e4rlden slutar 33 % som avfall. Det \u00e4r f\u00f6rst\u00e5s inte h\u00e5llbart. Att minska matsvinnet \u00e4r n\u00e5got som vi jobbar med, och du kan bidra! Genom att minska tallriksstorleken ett par centimeter,&nbsp; reducerar vi avfallet med hela 20 %.<\/p>\n\n\n\n<p>Vi anv\u00e4nder WWF:s fiskeguide f\u00f6r att utarbeta en egen r\u00f6dlista (r\u00f6dlistning finns till f\u00f6r att utv\u00e4rdera och bed\u00f6ma tillst\u00e5ndet f\u00f6r arter i naturen. Resultatet \u00e4r en &#8221;r\u00f6dlista&#8221; som anv\u00e4nds f\u00f6r att kunnabed\u00f6ma vilka k\u00f6tt- och fiskprodukter som ska undvikas). Vi vill inte att maten vi serverar kommer fr\u00e5n en produktion med djurmisshandel, utrotning eller p\u00e5 ett s\u00e4tt som skadar milj\u00f6n. Samtlig fisk hos oss \u00e4r ACE eller MCE m\u00e4rkt.<\/p>\n\n\n\n<div style=\"height:20px\" aria-hidden=\"true\" class=\"wp-block-spacer\"><\/div>\n\n\n\n<h2 class=\"wp-block-heading\">Etisk Handel<\/h2>\n\n\n\n<p>Ett bes\u00f6k hos oss ska vara positivt och smart, b\u00e5de f\u00f6r v\u00e5ra g\u00e4ster och f\u00f6r samh\u00e4llet. Att leverera fantastiska hotellupplevelser, producerade med omtanke f\u00f6r m\u00e4nniskor och milj\u00f6, \u00e4r viktigt f\u00f6r oss.<\/p>\n\n\n\n<p>Det \u00e4r inte alltid l\u00e4tt att handla r\u00e4tt, d\u00e4rf\u00f6r har vi utvecklat etiska riktlinjer f\u00f6r v\u00e5ra leverant\u00f6rer och alla deras leverant\u00f6rsled. Dessa t\u00e4cker grundl\u00e4ggande m\u00e4nskliga r\u00e4ttigheter, krav p\u00e5 goda arbetsf\u00f6rh\u00e5llanden och milj\u00f6krav som \u00e4r internationellt erk\u00e4nda&nbsp;FN-konventioner&nbsp;och&nbsp;ILO-konventioner.<\/p>\n\n\n\n<p>Vi vill att alla v\u00e5ra samarbetspartners g\u00f6r s\u00e5 lite p\u00e5verkan p\u00e5 milj\u00f6n som m\u00f6jligt. D\u00e4rf\u00f6r har vi en lista \u00f6ver minimikrav p\u00e5 milj\u00f6certifieringar och milj\u00f6policies som alla v\u00e5ra leverant\u00f6rer f\u00f6rbinder sig till att uppr\u00e4tth\u00e5lla.<\/p>\n\n\n\n<div style=\"height:20px\" aria-hidden=\"true\" class=\"wp-block-spacer\"><\/div>\n\n\n\n<h2 class=\"wp-block-heading\">M\u00e5ngfald<\/h2>\n\n\n\n<p>Vi \u00e4r 16 500 medarbetare fr\u00e5n 170 olika l\u00e4nder. Oavsett vilken erfarenhet du har, var du \u00e4r i livet, vilken r\u00f6rlighet du har eller vem du \u00e4lskar s\u00e5 finns en plats f\u00f6r dig p\u00e5 Nordic Choice Hotels d\u00e4r Nordic Light Hotel ing\u00e5r.<\/p>\n\n\n\n<p>Vi har ett ambiti\u00f6st arbete f\u00f6r lika r\u00e4ttigheter och m\u00f6jligheter, oavsett sexuell l\u00e4ggning, k\u00f6nsidentitet och k\u00f6nsuttryck.<\/p>\n\n\n\n<p>Nordic Light Hotel \u00e4r TAG Approved \u00ae som ett LGBTQ-Hotell med v\u00e5r samarbetsparter Preferred Hotels &amp; Resorts.<\/p>\n\n\n\n<div style=\"height:40px\" aria-hidden=\"true\" class=\"wp-block-spacer\"><\/div>\n\n\n\n<p><\/p>\n","protected":false},"excerpt":{"rendered":"<p>We Care Vi delar en tradition och kultur att g\u00f6ra mer \u00e4n det som f\u00f6rv\u00e4ntas av oss &#8211; f\u00f6r g\u00e4sterna, v\u00e5ra medarbetare, samh\u00e4llet och milj\u00f6n. Vi kallar detta arbete f\u00f6r WeCare. H\u00e4r \u00e4r n\u00e5gra omr\u00e5den vi fokuserar p\u00e5 och vad vi g\u00f6r i praktiken. Talita Talita \u00e4r en ideell organisation som erbjuder en v\u00e4g ut&hellip;<\/p>\n","protected":false},"author":3,"featured_media":0,"parent":0,"menu_order":0,"comment_status":"closed","ping_status":"closed","template":"","meta":{"_acf_changed":false,"footnotes":""},"class_list":["post-6655","page","type-page","status-publish","hentry"],"acf":[],"yoast_head":"<!-- This site is optimized with the Yoast SEO plugin v27.3 - https:\/\/yoast.com\/product\/yoast-seo-wordpress\/ -->\n<title>We Care - Nordic Light Hotel<\/title>\n<meta name=\"description\" content=\"Vi delar en tradition och kultur att g\u00f6ra mer \u00e4n det som f\u00f6rv\u00e4ntas av oss - f\u00f6r g\u00e4sterna, v\u00e5ra medarbetare, samh\u00e4llet och milj\u00f6n.\" \/>\n<meta name=\"robots\" content=\"index, follow, max-snippet:-1, max-image-preview:large, max-video-preview:-1\" \/>\n<link rel=\"canonical\" href=\"https:\/\/nordiclighthotel.com\/sv\/we-care\/\" \/>\n<meta property=\"og:locale\" content=\"sv_SE\" \/>\n<meta property=\"og:type\" content=\"article\" \/>\n<meta property=\"og:title\" content=\"We Care - Nordic Light Hotel\" \/>\n<meta property=\"og:description\" content=\"Vi delar en tradition och kultur att g\u00f6ra mer \u00e4n det som f\u00f6rv\u00e4ntas av oss - f\u00f6r g\u00e4sterna, v\u00e5ra medarbetare, samh\u00e4llet och milj\u00f6n.\" \/>\n<meta property=\"og:url\" content=\"https:\/\/nordiclighthotel.com\/sv\/we-care\/\" \/>\n<meta property=\"og:site_name\" content=\"Nordic Light Hotel\" \/>\n<meta property=\"article:modified_time\" content=\"2026-02-06T14:59:39+00:00\" \/>\n<meta name=\"twitter:card\" content=\"summary_large_image\" \/>\n<meta name=\"twitter:label1\" content=\"Ber\u00e4knad l\u00e4stid\" \/>\n\t<meta name=\"twitter:data1\" content=\"3 minuter\" \/>\n<script type=\"application\/ld+json\" class=\"yoast-schema-graph\">{\"@context\":\"https:\\\/\\\/schema.org\",\"@graph\":[{\"@type\":\"WebPage\",\"@id\":\"https:\\\/\\\/nordiclighthotel.com\\\/sv\\\/we-care\\\/\",\"url\":\"https:\\\/\\\/nordiclighthotel.com\\\/sv\\\/we-care\\\/\",\"name\":\"We Care - Nordic Light Hotel\",\"isPartOf\":{\"@id\":\"https:\\\/\\\/nordiclighthotel.com\\\/#website\"},\"datePublished\":\"2020-01-14T14:52:22+00:00\",\"dateModified\":\"2026-02-06T14:59:39+00:00\",\"description\":\"Vi delar en tradition och kultur att g\u00f6ra mer \u00e4n det som f\u00f6rv\u00e4ntas av oss - f\u00f6r g\u00e4sterna, v\u00e5ra medarbetare, samh\u00e4llet och milj\u00f6n.\",\"breadcrumb\":{\"@id\":\"https:\\\/\\\/nordiclighthotel.com\\\/sv\\\/we-care\\\/#breadcrumb\"},\"inLanguage\":\"sv-SE\",\"potentialAction\":[{\"@type\":\"ReadAction\",\"target\":[\"https:\\\/\\\/nordiclighthotel.com\\\/sv\\\/we-care\\\/\"]}]},{\"@type\":\"BreadcrumbList\",\"@id\":\"https:\\\/\\\/nordiclighthotel.com\\\/sv\\\/we-care\\\/#breadcrumb\",\"itemListElement\":[{\"@type\":\"ListItem\",\"position\":1,\"name\":\"Hem\",\"item\":\"https:\\\/\\\/nordiclighthotel.com\\\/sv\\\/\"},{\"@type\":\"ListItem\",\"position\":2,\"name\":\"We Care\"}]},{\"@type\":\"WebSite\",\"@id\":\"https:\\\/\\\/nordiclighthotel.com\\\/#website\",\"url\":\"https:\\\/\\\/nordiclighthotel.com\\\/\",\"name\":\"Nordic Light Hotel\",\"description\":\"Stockholm mest centrala hotell - inklusive frukost &amp; wifi | Nordic Light Hotel\",\"potentialAction\":[{\"@type\":\"SearchAction\",\"target\":{\"@type\":\"EntryPoint\",\"urlTemplate\":\"https:\\\/\\\/nordiclighthotel.com\\\/?s={search_term_string}\"},\"query-input\":{\"@type\":\"PropertyValueSpecification\",\"valueRequired\":true,\"valueName\":\"search_term_string\"}}],\"inLanguage\":\"sv-SE\"}]}<\/script>\n<!-- \/ Yoast SEO plugin. -->","yoast_head_json":{"title":"We Care - Nordic Light Hotel","description":"Vi delar en tradition och kultur att g\u00f6ra mer \u00e4n det som f\u00f6rv\u00e4ntas av oss - f\u00f6r g\u00e4sterna, v\u00e5ra medarbetare, samh\u00e4llet och milj\u00f6n.","robots":{"index":"index","follow":"follow","max-snippet":"max-snippet:-1","max-image-preview":"max-image-preview:large","max-video-preview":"max-video-preview:-1"},"canonical":"https:\/\/nordiclighthotel.com\/sv\/we-care\/","og_locale":"sv_SE","og_type":"article","og_title":"We Care - Nordic Light Hotel","og_description":"Vi delar en tradition och kultur att g\u00f6ra mer \u00e4n det som f\u00f6rv\u00e4ntas av oss - f\u00f6r g\u00e4sterna, v\u00e5ra medarbetare, samh\u00e4llet och milj\u00f6n.","og_url":"https:\/\/nordiclighthotel.com\/sv\/we-care\/","og_site_name":"Nordic Light Hotel","article_modified_time":"2026-02-06T14:59:39+00:00","twitter_card":"summary_large_image","twitter_misc":{"Ber\u00e4knad l\u00e4stid":"3 minuter"},"schema":{"@context":"https:\/\/schema.org","@graph":[{"@type":"WebPage","@id":"https:\/\/nordiclighthotel.com\/sv\/we-care\/","url":"https:\/\/nordiclighthotel.com\/sv\/we-care\/","name":"We Care - Nordic Light Hotel","isPartOf":{"@id":"https:\/\/nordiclighthotel.com\/#website"},"datePublished":"2020-01-14T14:52:22+00:00","dateModified":"2026-02-06T14:59:39+00:00","description":"Vi delar en tradition och kultur att g\u00f6ra mer \u00e4n det som f\u00f6rv\u00e4ntas av oss - f\u00f6r g\u00e4sterna, v\u00e5ra medarbetare, samh\u00e4llet och milj\u00f6n.","breadcrumb":{"@id":"https:\/\/nordiclighthotel.com\/sv\/we-care\/#breadcrumb"},"inLanguage":"sv-SE","potentialAction":[{"@type":"ReadAction","target":["https:\/\/nordiclighthotel.com\/sv\/we-care\/"]}]},{"@type":"BreadcrumbList","@id":"https:\/\/nordiclighthotel.com\/sv\/we-care\/#breadcrumb","itemListElement":[{"@type":"ListItem","position":1,"name":"Hem","item":"https:\/\/nordiclighthotel.com\/sv\/"},{"@type":"ListItem","position":2,"name":"We Care"}]},{"@type":"WebSite","@id":"https:\/\/nordiclighthotel.com\/#website","url":"https:\/\/nordiclighthotel.com\/","name":"Nordic Light Hotel","description":"Stockholm mest centrala hotell - inklusive frukost &amp; wifi | Nordic Light Hotel","potentialAction":[{"@type":"SearchAction","target":{"@type":"EntryPoint","urlTemplate":"https:\/\/nordiclighthotel.com\/?s={search_term_string}"},"query-input":{"@type":"PropertyValueSpecification","valueRequired":true,"valueName":"search_term_string"}}],"inLanguage":"sv-SE"}]}},"_links":{"self":[{"href":"https:\/\/nordiclighthotel.com\/sv\/wp-json\/wp\/v2\/pages\/6655","targetHints":{"allow":["GET"]}}],"collection":[{"href":"https:\/\/nordiclighthotel.com\/sv\/wp-json\/wp\/v2\/pages"}],"about":[{"href":"https:\/\/nordiclighthotel.com\/sv\/wp-json\/wp\/v2\/types\/page"}],"author":[{"embeddable":true,"href":"https:\/\/nordiclighthotel.com\/sv\/wp-json\/wp\/v2\/users\/3"}],"replies":[{"embeddable":true,"href":"https:\/\/nordiclighthotel.com\/sv\/wp-json\/wp\/v2\/comments?post=6655"}],"version-history":[{"count":87,"href":"https:\/\/nordiclighthotel.com\/sv\/wp-json\/wp\/v2\/pages\/6655\/revisions"}],"predecessor-version":[{"id":20349,"href":"https:\/\/nordiclighthotel.com\/sv\/wp-json\/wp\/v2\/pages\/6655\/revisions\/20349"}],"wp:attachment":[{"href":"https:\/\/nordiclighthotel.com\/sv\/wp-json\/wp\/v2\/media?parent=6655"}],"curies":[{"name":"wp","href":"https:\/\/api.w.org\/{rel}","templated":true}]}}