{"id":661,"date":"2018-06-29T09:27:09","date_gmt":"2018-06-29T07:27:09","guid":{"rendered":"https:\/\/nordiclighthotel.se\/?page_id=661"},"modified":"2026-02-16T12:34:09","modified_gmt":"2026-02-16T11:34:09","slug":"book","status":"publish","type":"page","link":"https:\/\/nordiclighthotel.com\/sv\/book\/","title":{"rendered":"Book"},"content":{"rendered":"\n<div style=\"height:125px\" aria-hidden=\"true\" class=\"wp-block-spacer\"><\/div>\n\n\n<div class=\"outer-guesthouse-container\" style=\"display: flex; justify-content: center; padding-top: 50px; padding-bottom: 50px; padding-left: 0px; padding-right: 0px; \"><div class=\"inner-guesthouse-container\" style=\"position: relative; z-index: 1000; width: 500px;\"><div class=\"pricecalendarwidget\" data-id=\"58ddcf9b-a4f6-4894-bbbc-1ea64d86a839\" data-lang=\"sv-SE\" data-type=\"calendar\"><\/div><\/div><\/div>\n\n\n<p><\/p>\n","protected":false},"excerpt":{"rendered":"","protected":false},"author":3,"featured_media":0,"parent":0,"menu_order":0,"comment_status":"closed","ping_status":"closed","template":"templates\/template-gutenberg.php","meta":{"_acf_changed":false,"footnotes":""},"class_list":["post-661","page","type-page","status-publish","hentry"],"acf":[],"yoast_head":"<!-- This site is optimized with the Yoast SEO plugin v27.3 - https:\/\/yoast.com\/product\/yoast-seo-wordpress\/ -->\n<title>Boka hotellrum vid centralen i Stockholm | Nordic Light<\/title>\n<meta name=\"description\" content=\"Boka hotellrum online p\u00e5 nordiclighthotel.se. V\u00e4lj paket, anpassa ditt rum och din vistelse. Anv\u00e4nd din kampanjkod och f\u00e5 rabatt. Alltid b\u00e4st pris p\u00e5 v\u00e5r site!\" \/>\n<meta name=\"robots\" content=\"index, follow, max-snippet:-1, max-image-preview:large, max-video-preview:-1\" \/>\n<link rel=\"canonical\" href=\"https:\/\/nordiclighthotel.com\/sv\/book\/\" \/>\n<meta property=\"og:locale\" content=\"sv_SE\" \/>\n<meta property=\"og:type\" content=\"article\" \/>\n<meta property=\"og:title\" content=\"Boka hotellrum vid centralen i Stockholm | Nordic Light\" \/>\n<meta property=\"og:description\" content=\"Boka hotellrum online p\u00e5 nordiclighthotel.se. V\u00e4lj paket, anpassa ditt rum och din vistelse. Anv\u00e4nd din kampanjkod och f\u00e5 rabatt. Alltid b\u00e4st pris p\u00e5 v\u00e5r site!\" \/>\n<meta property=\"og:url\" content=\"https:\/\/nordiclighthotel.com\/sv\/book\/\" \/>\n<meta property=\"og:site_name\" content=\"Nordic Light Hotel\" \/>\n<meta property=\"article:modified_time\" content=\"2026-02-16T11:34:09+00:00\" \/>\n<meta name=\"twitter:card\" content=\"summary_large_image\" \/>\n<script type=\"application\/ld+json\" class=\"yoast-schema-graph\">{\"@context\":\"https:\\\/\\\/schema.org\",\"@graph\":[{\"@type\":\"WebPage\",\"@id\":\"https:\\\/\\\/nordiclighthotel.com\\\/sv\\\/book\\\/\",\"url\":\"https:\\\/\\\/nordiclighthotel.com\\\/sv\\\/book\\\/\",\"name\":\"Boka hotellrum vid centralen i Stockholm | Nordic Light\",\"isPartOf\":{\"@id\":\"https:\\\/\\\/nordiclighthotel.com\\\/#website\"},\"datePublished\":\"2018-06-29T07:27:09+00:00\",\"dateModified\":\"2026-02-16T11:34:09+00:00\",\"description\":\"Boka hotellrum online p\u00e5 nordiclighthotel.se. V\u00e4lj paket, anpassa ditt rum och din vistelse. Anv\u00e4nd din kampanjkod och f\u00e5 rabatt. Alltid b\u00e4st pris p\u00e5 v\u00e5r site!\",\"breadcrumb\":{\"@id\":\"https:\\\/\\\/nordiclighthotel.com\\\/sv\\\/book\\\/#breadcrumb\"},\"inLanguage\":\"sv-SE\",\"potentialAction\":[{\"@type\":\"ReadAction\",\"target\":[\"https:\\\/\\\/nordiclighthotel.com\\\/sv\\\/book\\\/\"]}]},{\"@type\":\"BreadcrumbList\",\"@id\":\"https:\\\/\\\/nordiclighthotel.com\\\/sv\\\/book\\\/#breadcrumb\",\"itemListElement\":[{\"@type\":\"ListItem\",\"position\":1,\"name\":\"Hem\",\"item\":\"https:\\\/\\\/nordiclighthotel.com\\\/sv\\\/\"},{\"@type\":\"ListItem\",\"position\":2,\"name\":\"Book\"}]},{\"@type\":\"WebSite\",\"@id\":\"https:\\\/\\\/nordiclighthotel.com\\\/#website\",\"url\":\"https:\\\/\\\/nordiclighthotel.com\\\/\",\"name\":\"Nordic Light Hotel\",\"description\":\"Stockholm mest centrala hotell - inklusive frukost &amp; wifi | Nordic Light Hotel\",\"potentialAction\":[{\"@type\":\"SearchAction\",\"target\":{\"@type\":\"EntryPoint\",\"urlTemplate\":\"https:\\\/\\\/nordiclighthotel.com\\\/?s={search_term_string}\"},\"query-input\":{\"@type\":\"PropertyValueSpecification\",\"valueRequired\":true,\"valueName\":\"search_term_string\"}}],\"inLanguage\":\"sv-SE\"}]}<\/script>\n<!-- \/ Yoast SEO plugin. -->","yoast_head_json":{"title":"Boka hotellrum vid centralen i Stockholm | Nordic Light","description":"Boka hotellrum online p\u00e5 nordiclighthotel.se. V\u00e4lj paket, anpassa ditt rum och din vistelse. Anv\u00e4nd din kampanjkod och f\u00e5 rabatt. Alltid b\u00e4st pris p\u00e5 v\u00e5r site!","robots":{"index":"index","follow":"follow","max-snippet":"max-snippet:-1","max-image-preview":"max-image-preview:large","max-video-preview":"max-video-preview:-1"},"canonical":"https:\/\/nordiclighthotel.com\/sv\/book\/","og_locale":"sv_SE","og_type":"article","og_title":"Boka hotellrum vid centralen i Stockholm | Nordic Light","og_description":"Boka hotellrum online p\u00e5 nordiclighthotel.se. V\u00e4lj paket, anpassa ditt rum och din vistelse. Anv\u00e4nd din kampanjkod och f\u00e5 rabatt. Alltid b\u00e4st pris p\u00e5 v\u00e5r site!","og_url":"https:\/\/nordiclighthotel.com\/sv\/book\/","og_site_name":"Nordic Light Hotel","article_modified_time":"2026-02-16T11:34:09+00:00","twitter_card":"summary_large_image","schema":{"@context":"https:\/\/schema.org","@graph":[{"@type":"WebPage","@id":"https:\/\/nordiclighthotel.com\/sv\/book\/","url":"https:\/\/nordiclighthotel.com\/sv\/book\/","name":"Boka hotellrum vid centralen i Stockholm | Nordic Light","isPartOf":{"@id":"https:\/\/nordiclighthotel.com\/#website"},"datePublished":"2018-06-29T07:27:09+00:00","dateModified":"2026-02-16T11:34:09+00:00","description":"Boka hotellrum online p\u00e5 nordiclighthotel.se. V\u00e4lj paket, anpassa ditt rum och din vistelse. Anv\u00e4nd din kampanjkod och f\u00e5 rabatt. Alltid b\u00e4st pris p\u00e5 v\u00e5r site!","breadcrumb":{"@id":"https:\/\/nordiclighthotel.com\/sv\/book\/#breadcrumb"},"inLanguage":"sv-SE","potentialAction":[{"@type":"ReadAction","target":["https:\/\/nordiclighthotel.com\/sv\/book\/"]}]},{"@type":"BreadcrumbList","@id":"https:\/\/nordiclighthotel.com\/sv\/book\/#breadcrumb","itemListElement":[{"@type":"ListItem","position":1,"name":"Hem","item":"https:\/\/nordiclighthotel.com\/sv\/"},{"@type":"ListItem","position":2,"name":"Book"}]},{"@type":"WebSite","@id":"https:\/\/nordiclighthotel.com\/#website","url":"https:\/\/nordiclighthotel.com\/","name":"Nordic Light Hotel","description":"Stockholm mest centrala hotell - inklusive frukost &amp; wifi | Nordic Light Hotel","potentialAction":[{"@type":"SearchAction","target":{"@type":"EntryPoint","urlTemplate":"https:\/\/nordiclighthotel.com\/?s={search_term_string}"},"query-input":{"@type":"PropertyValueSpecification","valueRequired":true,"valueName":"search_term_string"}}],"inLanguage":"sv-SE"}]}},"_links":{"self":[{"href":"https:\/\/nordiclighthotel.com\/sv\/wp-json\/wp\/v2\/pages\/661","targetHints":{"allow":["GET"]}}],"collection":[{"href":"https:\/\/nordiclighthotel.com\/sv\/wp-json\/wp\/v2\/pages"}],"about":[{"href":"https:\/\/nordiclighthotel.com\/sv\/wp-json\/wp\/v2\/types\/page"}],"author":[{"embeddable":true,"href":"https:\/\/nordiclighthotel.com\/sv\/wp-json\/wp\/v2\/users\/3"}],"replies":[{"embeddable":true,"href":"https:\/\/nordiclighthotel.com\/sv\/wp-json\/wp\/v2\/comments?post=661"}],"version-history":[{"count":6,"href":"https:\/\/nordiclighthotel.com\/sv\/wp-json\/wp\/v2\/pages\/661\/revisions"}],"predecessor-version":[{"id":20409,"href":"https:\/\/nordiclighthotel.com\/sv\/wp-json\/wp\/v2\/pages\/661\/revisions\/20409"}],"wp:attachment":[{"href":"https:\/\/nordiclighthotel.com\/sv\/wp-json\/wp\/v2\/media?parent=661"}],"curies":[{"name":"wp","href":"https:\/\/api.w.org\/{rel}","templated":true}]}}