{"id":6,"date":"2018-05-29T15:42:50","date_gmt":"2018-05-29T13:42:50","guid":{"rendered":"https:\/\/nordiclighthotel.se\/?page_id=6"},"modified":"2025-11-12T09:27:10","modified_gmt":"2025-11-12T08:27:10","slug":"gym","status":"publish","type":"page","link":"https:\/\/nordiclighthotel.com\/sv\/gym\/","title":{"rendered":"Gym &amp; H\u00e4lsa"},"content":{"rendered":"\n<p class=\"has-text-align-center\"><\/p>\n\n\n\n<div style=\"height:20px\" aria-hidden=\"true\" class=\"wp-block-spacer\"><\/div>\n\n\n\n<p class=\"has-text-align-center\" id=\"block-b05cfbf4-38a1-4736-b945-daf181885754\">Oavsett om du f\u00f6rs\u00f6ker motverka jetlag eller vill v\u00e4ssa dina sinnen har vi platsen f\u00f6r dig. V\u00e5rt gym erbjuder ett komplett utbud av utrustning som passar alla typer av tr\u00e4ning. H\u00e4r hittar du l\u00f6pband, cyklar, en crosstrainer och en roddmaskin f\u00f6r konditionstr\u00e4ning, samt kettlebells, hantlar, b\u00e4nkar och en kabelstation f\u00f6r styrketr\u00e4ning. Det finns ocks\u00e5 en \u00f6ppen yta med mattor \u2013 perfekt f\u00f6r stretching, b\u00e5ltr\u00e4ning eller en lugn nedvarvning.<\/p>\n\n\n\n<p class=\"has-text-align-center\" id=\"block-b05cfbf4-38a1-4736-b945-daf181885754\"><em>Gymmet \u00e4r \u00f6ppet dygnet runt.<\/em><\/p>\n\n\n\n<p class=\"has-text-align-center\"><\/p>\n\n\n\n<div style=\"height:50px\" aria-hidden=\"true\" class=\"wp-block-spacer\"><\/div>\n\n\n\n<p id=\"block-c10cfcb3-86cb-460a-be05-5efd71f7602b\"><\/p>\n\n\n\n<h2 class=\"wp-block-heading has-text-align-center\" id=\"block-b955a07c-e102-4340-9789-8ffeffc3df00\">Letar du efter en extra boost?<\/h2>\n\n\n\n<div style=\"height:20px\" aria-hidden=\"true\" class=\"wp-block-spacer\"><\/div>\n\n\n\n<p class=\"has-text-align-center\" id=\"block-1cd7400b-0669-4576-8794-c4522233e388\">Ta din tr\u00e4ningsrutin till n\u00e4sta niv\u00e5n med personlig tr\u00e4ning, massage, yoga och andra v\u00e4lm\u00e5endetj\u00e4nster som kan bokas p\u00e5 f\u00f6rfr\u00e5gan. Kontakta receptionen via <a href=\"mailto:reception@nordiclighthotel.com\">e-post<\/a> eller bes\u00f6k oss p\u00e5 plats f\u00f6r mer information.<\/p>\n\n\n\n<div style=\"height:20px\" aria-hidden=\"true\" class=\"wp-block-spacer\"><\/div>\n\n\n\n<div class=\"wp-block-buttons is-content-justification-center is-layout-flex wp-container-core-buttons-is-layout-a89b3969 wp-block-buttons-is-layout-flex\">\n<div class=\"wp-block-button\"><a class=\"wp-block-button__link wp-element-button\" href=\"https:\/\/nordiclighthotel.com\/wp-content\/uploads\/2025\/11\/Jovanna-Stolt-Health-1.pdf\" target=\"_blank\" rel=\"noreferrer noopener\">Personlig tr\u00e4ning<\/a><\/div>\n\n\n\n<div class=\"wp-block-button\"><a class=\"wp-block-button__link wp-element-button\" href=\"https:\/\/nordiclighthotel.com\/wp-content\/uploads\/2025\/11\/Nordic-beauty-treatments.pdf\" target=\"_blank\" rel=\"noreferrer noopener\">Nordiska sk\u00f6nhetsbehandlingar<\/a><\/div>\n\n\n\n<div class=\"wp-block-button\"><a class=\"wp-block-button__link wp-element-button\" href=\"https:\/\/nordiclighthotel.com\/wp-content\/uploads\/2025\/11\/Gympak.pdf\" target=\"_blank\" rel=\"noreferrer noopener\">Uthyrning av tr\u00e4ningskl\u00e4der<\/a><\/div>\n<\/div>\n\n\n\n<div style=\"height:100px\" aria-hidden=\"true\" class=\"wp-block-spacer\"><\/div>\n\n\n\n<p><\/p>\n","protected":false},"excerpt":{"rendered":"<p>Oavsett om du f\u00f6rs\u00f6ker motverka jetlag eller vill v\u00e4ssa dina sinnen har vi platsen f\u00f6r dig. V\u00e5rt gym erbjuder ett komplett utbud av utrustning som passar alla typer av tr\u00e4ning. H\u00e4r hittar du l\u00f6pband, cyklar, en crosstrainer och en roddmaskin f\u00f6r konditionstr\u00e4ning, samt kettlebells, hantlar, b\u00e4nkar och en kabelstation f\u00f6r styrketr\u00e4ning. Det finns ocks\u00e5 en&hellip;<\/p>\n","protected":false},"author":3,"featured_media":0,"parent":0,"menu_order":0,"comment_status":"closed","ping_status":"closed","template":"","meta":{"_acf_changed":false,"footnotes":""},"class_list":["post-6","page","type-page","status-publish","hentry"],"acf":[],"yoast_head":"<!-- This site is optimized with the Yoast SEO plugin v27.3 - https:\/\/yoast.com\/product\/yoast-seo-wordpress\/ -->\n<title>Hotell med gym i centrala Stockholm | Nordic Light Hotel<\/title>\n<meta name=\"description\" content=\"V\u00e5rt moderna och fullt utrustade gym \u00e4r det perfekta st\u00e4llet att samla tankarna p\u00e5 mellan aktiviteter och sj\u00e4lvklart \u00e4r det inkluderat i ditt boende. L\u00e4s mer!\" \/>\n<meta name=\"robots\" content=\"index, follow, max-snippet:-1, max-image-preview:large, max-video-preview:-1\" \/>\n<link rel=\"canonical\" href=\"https:\/\/nordiclighthotel.com\/sv\/gym\/\" \/>\n<meta property=\"og:locale\" content=\"sv_SE\" \/>\n<meta property=\"og:type\" content=\"article\" \/>\n<meta property=\"og:title\" content=\"Hotell med gym i centrala Stockholm | Nordic Light Hotel\" \/>\n<meta property=\"og:description\" content=\"V\u00e5rt moderna och fullt utrustade gym \u00e4r det perfekta st\u00e4llet att samla tankarna p\u00e5 mellan aktiviteter och sj\u00e4lvklart \u00e4r det inkluderat i ditt boende. L\u00e4s mer!\" \/>\n<meta property=\"og:url\" content=\"https:\/\/nordiclighthotel.com\/sv\/gym\/\" \/>\n<meta property=\"og:site_name\" content=\"Nordic Light Hotel\" \/>\n<meta property=\"article:modified_time\" content=\"2025-11-12T08:27:10+00:00\" \/>\n<meta name=\"twitter:card\" content=\"summary_large_image\" \/>\n<meta name=\"twitter:label1\" content=\"Ber\u00e4knad l\u00e4stid\" \/>\n\t<meta name=\"twitter:data1\" content=\"1 minut\" \/>\n<script type=\"application\/ld+json\" class=\"yoast-schema-graph\">{\"@context\":\"https:\\\/\\\/schema.org\",\"@graph\":[{\"@type\":\"WebPage\",\"@id\":\"https:\\\/\\\/nordiclighthotel.com\\\/sv\\\/gym\\\/\",\"url\":\"https:\\\/\\\/nordiclighthotel.com\\\/sv\\\/gym\\\/\",\"name\":\"Hotell med gym i centrala Stockholm | Nordic Light Hotel\",\"isPartOf\":{\"@id\":\"https:\\\/\\\/nordiclighthotel.com\\\/#website\"},\"datePublished\":\"2018-05-29T13:42:50+00:00\",\"dateModified\":\"2025-11-12T08:27:10+00:00\",\"description\":\"V\u00e5rt moderna och fullt utrustade gym \u00e4r det perfekta st\u00e4llet att samla tankarna p\u00e5 mellan aktiviteter och sj\u00e4lvklart \u00e4r det inkluderat i ditt boende. L\u00e4s mer!\",\"breadcrumb\":{\"@id\":\"https:\\\/\\\/nordiclighthotel.com\\\/sv\\\/gym\\\/#breadcrumb\"},\"inLanguage\":\"sv-SE\",\"potentialAction\":[{\"@type\":\"ReadAction\",\"target\":[\"https:\\\/\\\/nordiclighthotel.com\\\/sv\\\/gym\\\/\"]}]},{\"@type\":\"BreadcrumbList\",\"@id\":\"https:\\\/\\\/nordiclighthotel.com\\\/sv\\\/gym\\\/#breadcrumb\",\"itemListElement\":[{\"@type\":\"ListItem\",\"position\":1,\"name\":\"Hem\",\"item\":\"https:\\\/\\\/nordiclighthotel.com\\\/sv\\\/\"},{\"@type\":\"ListItem\",\"position\":2,\"name\":\"Gym &amp; H\u00e4lsa\"}]},{\"@type\":\"WebSite\",\"@id\":\"https:\\\/\\\/nordiclighthotel.com\\\/#website\",\"url\":\"https:\\\/\\\/nordiclighthotel.com\\\/\",\"name\":\"Nordic Light Hotel\",\"description\":\"Stockholm mest centrala hotell - inklusive frukost &amp; wifi | Nordic Light Hotel\",\"potentialAction\":[{\"@type\":\"SearchAction\",\"target\":{\"@type\":\"EntryPoint\",\"urlTemplate\":\"https:\\\/\\\/nordiclighthotel.com\\\/?s={search_term_string}\"},\"query-input\":{\"@type\":\"PropertyValueSpecification\",\"valueRequired\":true,\"valueName\":\"search_term_string\"}}],\"inLanguage\":\"sv-SE\"}]}<\/script>\n<!-- \/ Yoast SEO plugin. -->","yoast_head_json":{"title":"Hotell med gym i centrala Stockholm | Nordic Light Hotel","description":"V\u00e5rt moderna och fullt utrustade gym \u00e4r det perfekta st\u00e4llet att samla tankarna p\u00e5 mellan aktiviteter och sj\u00e4lvklart \u00e4r det inkluderat i ditt boende. L\u00e4s mer!","robots":{"index":"index","follow":"follow","max-snippet":"max-snippet:-1","max-image-preview":"max-image-preview:large","max-video-preview":"max-video-preview:-1"},"canonical":"https:\/\/nordiclighthotel.com\/sv\/gym\/","og_locale":"sv_SE","og_type":"article","og_title":"Hotell med gym i centrala Stockholm | Nordic Light Hotel","og_description":"V\u00e5rt moderna och fullt utrustade gym \u00e4r det perfekta st\u00e4llet att samla tankarna p\u00e5 mellan aktiviteter och sj\u00e4lvklart \u00e4r det inkluderat i ditt boende. L\u00e4s mer!","og_url":"https:\/\/nordiclighthotel.com\/sv\/gym\/","og_site_name":"Nordic Light Hotel","article_modified_time":"2025-11-12T08:27:10+00:00","twitter_card":"summary_large_image","twitter_misc":{"Ber\u00e4knad l\u00e4stid":"1 minut"},"schema":{"@context":"https:\/\/schema.org","@graph":[{"@type":"WebPage","@id":"https:\/\/nordiclighthotel.com\/sv\/gym\/","url":"https:\/\/nordiclighthotel.com\/sv\/gym\/","name":"Hotell med gym i centrala Stockholm | Nordic Light Hotel","isPartOf":{"@id":"https:\/\/nordiclighthotel.com\/#website"},"datePublished":"2018-05-29T13:42:50+00:00","dateModified":"2025-11-12T08:27:10+00:00","description":"V\u00e5rt moderna och fullt utrustade gym \u00e4r det perfekta st\u00e4llet att samla tankarna p\u00e5 mellan aktiviteter och sj\u00e4lvklart \u00e4r det inkluderat i ditt boende. L\u00e4s mer!","breadcrumb":{"@id":"https:\/\/nordiclighthotel.com\/sv\/gym\/#breadcrumb"},"inLanguage":"sv-SE","potentialAction":[{"@type":"ReadAction","target":["https:\/\/nordiclighthotel.com\/sv\/gym\/"]}]},{"@type":"BreadcrumbList","@id":"https:\/\/nordiclighthotel.com\/sv\/gym\/#breadcrumb","itemListElement":[{"@type":"ListItem","position":1,"name":"Hem","item":"https:\/\/nordiclighthotel.com\/sv\/"},{"@type":"ListItem","position":2,"name":"Gym &amp; H\u00e4lsa"}]},{"@type":"WebSite","@id":"https:\/\/nordiclighthotel.com\/#website","url":"https:\/\/nordiclighthotel.com\/","name":"Nordic Light Hotel","description":"Stockholm mest centrala hotell - inklusive frukost &amp; wifi | Nordic Light Hotel","potentialAction":[{"@type":"SearchAction","target":{"@type":"EntryPoint","urlTemplate":"https:\/\/nordiclighthotel.com\/?s={search_term_string}"},"query-input":{"@type":"PropertyValueSpecification","valueRequired":true,"valueName":"search_term_string"}}],"inLanguage":"sv-SE"}]}},"_links":{"self":[{"href":"https:\/\/nordiclighthotel.com\/sv\/wp-json\/wp\/v2\/pages\/6","targetHints":{"allow":["GET"]}}],"collection":[{"href":"https:\/\/nordiclighthotel.com\/sv\/wp-json\/wp\/v2\/pages"}],"about":[{"href":"https:\/\/nordiclighthotel.com\/sv\/wp-json\/wp\/v2\/types\/page"}],"author":[{"embeddable":true,"href":"https:\/\/nordiclighthotel.com\/sv\/wp-json\/wp\/v2\/users\/3"}],"replies":[{"embeddable":true,"href":"https:\/\/nordiclighthotel.com\/sv\/wp-json\/wp\/v2\/comments?post=6"}],"version-history":[{"count":42,"href":"https:\/\/nordiclighthotel.com\/sv\/wp-json\/wp\/v2\/pages\/6\/revisions"}],"predecessor-version":[{"id":19739,"href":"https:\/\/nordiclighthotel.com\/sv\/wp-json\/wp\/v2\/pages\/6\/revisions\/19739"}],"wp:attachment":[{"href":"https:\/\/nordiclighthotel.com\/sv\/wp-json\/wp\/v2\/media?parent=6"}],"curies":[{"name":"wp","href":"https:\/\/api.w.org\/{rel}","templated":true}]}}