{"id":547,"date":"2018-09-17T14:05:28","date_gmt":"2018-09-17T12:05:28","guid":{"rendered":"https:\/\/nordiclighthotel.se\/?page_id=547"},"modified":"2026-04-14T12:41:34","modified_gmt":"2026-04-14T10:41:34","slug":"nordisk-design","status":"publish","type":"page","link":"https:\/\/nordiclighthotel.com\/sv\/nordisk-design\/","title":{"rendered":"Nordic Design"},"content":{"rendered":"\n<h1 class=\"wp-block-heading\">Ett unikt design hotell, ett i ordets alla bem\u00e4rkelser<\/h1>\n\n\n\n<p>Nordic Light Hotel vill levandeg\u00f6ra Nordens unicitet p\u00e5 ett tillg\u00e4ngligt och dynamiskt s\u00e4tt. S\u00e5 f\u00f6r oss handlar inte design bara om form och material. Det \u00e4r genom den vi manifesterar v\u00e5r tolkning av nordisk kultur och utmanar det nordiska uttrycket. F\u00f6r att lyckas med detta har vi haft ett omfattande samarbete med huvudarkitekt Todd Saunders, \u00f6vergripande designansvarig John Tong och noggrant utvalda nordiska m\u00f6beldesigners. Tillsammans har vi lyckats skapa en plats d\u00e4r varje enskilt element \u00e4r en del av en st\u00f6rre tanke, en gestaltning av den region d\u00e4r vi verkar. H\u00e4r kan du l\u00e4sa mer n\u00e5gra av alla inblandade.<\/p>\n\n\n\n<h2 class=\"wp-block-heading\">+tongtong<\/h2>\n\n\n\n<p>En multidisciplin\u00e4r designstudio som drivs av en k\u00e4nsla f\u00f6r m\u00f6jligheter och en passion f\u00f6r att utveckla rum som n\u00e4r och inspirerar kreativitet. Varje projekt syftar till att transformera den fysiska milj\u00f6n till en dynamisk uppt\u00e4ckt som \u00e4r s\u00e5v\u00e4l h\u00f6gst funktionell som rik p\u00e5 kulturell betydelse. Grundande designern John Tong \u00e4r internationellt erk\u00e4nd och har genom \u00e5ren vunnit ett stort antal designpriser. Hans l\u00e5ng meritlista inkluderar kunder som IKEA, Est\u00e9e Lauder \u2013 MAC Cosmetics, W Hotel och MTV Canada och hans jobb har st\u00e4llts ut p\u00e5 bland annat MOMA i New York City.<\/p>\n\n\n\n<h2 class=\"wp-block-heading\">Saunders Architecture<\/h2>\n\n\n\n<p>Internationellt erk\u00e4nd, publicerad och prisvinnande byr\u00e5 som grundats av kanadensiska arkitekten Todd Saunders. Deras ton \u00e4r modern och m\u00e4nniskocentrerad med en djup respekt f\u00f6r den naturliga omgivningen. Byr\u00e5n \u00e4r b\u00e5de entusiastisk och dynamisk och syssels\u00e4tter ett multidisciplin\u00e4rt team av arkitekter, ingenj\u00f6rer och konstn\u00e4rer. Deras fokus \u00e4r inte att g\u00f6ra s\u00e5 m\u00e5nga projekt som m\u00f6jligt utan snarare att ta sig an ett f\u00e5tal betydande \u00e5t g\u00e5ngen. Det \u00e4r det som m\u00f6jligg\u00f6r den modiga och innovativa design som de ocks\u00e5 \u00e4r k\u00e4nda f\u00f6r.<\/p>\n\n\n\n<h2 class=\"wp-block-heading\">Studio Marcus Bergst\u00f6m<\/h2>\n\n\n\n<p>Designstudio som huvudsakligen arbetar med att utveckla m\u00f6bler och rum f\u00f6r specifika kontexter och situationer, med fokus p\u00e5 material, hantverk och produktionss\u00e4tt. Studion ligger i G\u00f6teborg och arbetar med ett n\u00e4tverk av kollegor runtom i v\u00e4rlden, f\u00f6r att p\u00e5 s\u00e5 s\u00e4tt kunna ta sig an internationella uppdrag.<\/p>\n\n\n\n<p>Samtidigt som det \u00e4r en praktiserande designstudio s\u00e5 \u00e4r den ocks\u00e5 en plattform f\u00f6r akademiskt engagemang vid institutioner s\u00e5som Central Saint Martins, The Cass School of Architecture, Goldsmiths University, Hochschule Luzern, SVA och G\u00f6teborgs universitet.<\/p>\n\n\n\n<h2 class=\"wp-block-heading\">Fredrik Paulsens<\/h2>\n\n\n\n<p>Arbete omfattar allt fr\u00e5n m\u00f6bler till inrednings- och m\u00e4ssdesign. Han \u00e4r intresserad av att skapa en k\u00e4nsla av gemenskap och att hitta nya s\u00e4tt att g\u00f6ra oberoende och sm\u00e5skalig design mer tillg\u00e4nglig. Fredrik \u00e4r medgrundare av \u00d6rnbergsaktionen, medlem i designgruppen LAST och g\u00e4stf\u00f6rel\u00e4sare p\u00e5 Beckmans Designh\u00f6gskola. I Fredrik Paulsen arbetsspektra, kastas anti-konsumismid\u00e9er, konstgjordhet och motkultur ner i ett kreativt blandk\u00e4rl som hyllar material, f\u00e4rg och form. Med en lekfull inst\u00e4llning till vardagliga ting, experimenterar han med nya kreativa processer.<\/p>\n\n\n\n<h2 class=\"wp-block-heading\">Mats Theselius<\/h2>\n\n\n\n<p>Arbetet st\u00e5r l\u00e5ngt fr\u00e5n den kliniska funktionalism som pr\u00e4glat m\u00f6belarkitektscenen under stora delar av 1900-talet. Det b\u00e4r den ovanliga kombinationen av att k\u00e4nnas bekant med den v\u00e4rld vi lever i och samtidigt helt ok\u00e4nd, osedd. Hans arbete r\u00f6r sig mellan konst och design och han arbetar s\u00e5v\u00e4l med olika konstkommissioner som med egen produktion, utst\u00e4llningar, set design, installationer, b\u00f6cker, filmer och musik. Han skapar ocks\u00e5 sina egna, unika f\u00e5t\u00f6ljer. Theselius utbildades vid Konstfack i Stockholm och arbetade till en b\u00f6rjan med sm\u00e5skalig arkitektur. Han blev s\u00e5 sm\u00e5ningom professor HDK i G\u00f6teborg och senare medlem i Svenska Konstakademien. Mats arbete finns representerat p\u00e5 mus\u00e9er och institutioner runtom i Norden, i Tyskland, Usa och i Ryssland och han har genom \u00e5ren bel\u00f6nats med ett stort antal design- och konstpriser.<\/p>\n\n\n\n<h2 class=\"wp-block-heading\">Uglycute<\/h2>\n\n\n\n<p>Design- och arkitektbyr\u00e5 i Stockholm som grundades 1999. De arbetar med att bredda designkonceptet genom att korsbefrukta det med deras olika professioner och genom att analysera dess samh\u00e4llsp\u00e5verkan. Detta g\u00f6rs inte bara genom att praktisera arbetet utan ocks\u00e5 genom att skriva, undervisa och organisera workshops.<\/p>\n\n\n\n<h2 class=\"wp-block-heading\">Sami Kallio<\/h2>\n\n\n\n<p>Inredningsarkitekt och m\u00f6beldesigner fr\u00e5n G\u00f6teborg, med utbildning fr\u00e5n HDK i G\u00f6teborg och UIAH i Helsingfors. Hans design bygger ofta p\u00e5 en traditionell och funktionell bas, men med ett designelement som g\u00f6r det till n\u00e5got nytt. Han har sin egna m\u00f6belverkstad och designstudio d\u00e4r han sj\u00e4lv skapar och testar alla sina prototyper innan han skickar iv\u00e4g dem till r\u00e4tt m\u00f6belproducent.<\/p>\n\n\n\n<p>Kallios drivkraft \u00e4r k\u00e4rleken till bra hantverk och nyfikenheten i att utmana nya eller v\u00e4lk\u00e4nda material. Det \u00e4r genom detta han hittar sina id\u00e9er f\u00f6r s\u00e5v\u00e4l vision\u00e4r som traditionell m\u00f6beldesign. M\u00e5let \u00e4r att skapa m\u00f6bler som \u00e4r h\u00e5llbara b\u00e5de tekniskt och i sin utformning s\u00e5 att de kan g\u00e5 vidare i arv till n\u00e4sta generation.<\/p>\n\n\n\n<p><\/p>\n\n\n\n<p><\/p>\n","protected":false},"excerpt":{"rendered":"<p>Ett unikt design hotell, ett i ordets alla bem\u00e4rkelser Nordic Light Hotel vill levandeg\u00f6ra Nordens unicitet p\u00e5 ett tillg\u00e4ngligt och dynamiskt s\u00e4tt. S\u00e5 f\u00f6r oss handlar inte design bara om form och material. Det \u00e4r genom den vi manifesterar v\u00e5r tolkning av nordisk kultur och utmanar det nordiska uttrycket. F\u00f6r att lyckas med detta har&hellip;<\/p>\n","protected":false},"author":3,"featured_media":0,"parent":0,"menu_order":0,"comment_status":"closed","ping_status":"closed","template":"","meta":{"_acf_changed":false,"footnotes":""},"class_list":["post-547","page","type-page","status-publish","hentry"],"acf":[],"yoast_head":"<!-- This site is optimized with the Yoast SEO plugin v27.3 - https:\/\/yoast.com\/product\/yoast-seo-wordpress\/ -->\n<title>Nordisk design | Ett unikt designhotell | Nordic Light<\/title>\n<meta name=\"description\" content=\"Nordic Light Hotel har ett omfattande samarbete med arkitekt Todd Saunders, och designansvarig John Tong som noggrant valt ut nordiska m\u00f6beldesigners.\" \/>\n<meta name=\"robots\" content=\"index, follow, max-snippet:-1, max-image-preview:large, max-video-preview:-1\" \/>\n<link rel=\"canonical\" href=\"https:\/\/nordiclighthotel.com\/sv\/nordisk-design\/\" \/>\n<meta property=\"og:locale\" content=\"sv_SE\" \/>\n<meta property=\"og:type\" content=\"article\" \/>\n<meta property=\"og:title\" content=\"Nordisk design | Ett unikt designhotell | Nordic Light\" \/>\n<meta property=\"og:description\" content=\"Nordic Light Hotel har ett omfattande samarbete med arkitekt Todd Saunders, och designansvarig John Tong som noggrant valt ut nordiska m\u00f6beldesigners.\" \/>\n<meta property=\"og:url\" content=\"https:\/\/nordiclighthotel.com\/sv\/nordisk-design\/\" \/>\n<meta property=\"og:site_name\" content=\"Nordic Light Hotel\" \/>\n<meta property=\"article:modified_time\" content=\"2026-04-14T10:41:34+00:00\" \/>\n<meta name=\"twitter:card\" content=\"summary_large_image\" \/>\n<meta name=\"twitter:label1\" content=\"Ber\u00e4knad l\u00e4stid\" \/>\n\t<meta name=\"twitter:data1\" content=\"4 minuter\" \/>\n<script type=\"application\/ld+json\" class=\"yoast-schema-graph\">{\"@context\":\"https:\\\/\\\/schema.org\",\"@graph\":[{\"@type\":\"WebPage\",\"@id\":\"https:\\\/\\\/nordiclighthotel.com\\\/sv\\\/nordisk-design\\\/\",\"url\":\"https:\\\/\\\/nordiclighthotel.com\\\/sv\\\/nordisk-design\\\/\",\"name\":\"Nordisk design | Ett unikt designhotell | Nordic Light\",\"isPartOf\":{\"@id\":\"https:\\\/\\\/nordiclighthotel.com\\\/#website\"},\"datePublished\":\"2018-09-17T12:05:28+00:00\",\"dateModified\":\"2026-04-14T10:41:34+00:00\",\"description\":\"Nordic Light Hotel har ett omfattande samarbete med arkitekt Todd Saunders, och designansvarig John Tong som noggrant valt ut nordiska m\u00f6beldesigners.\",\"breadcrumb\":{\"@id\":\"https:\\\/\\\/nordiclighthotel.com\\\/sv\\\/nordisk-design\\\/#breadcrumb\"},\"inLanguage\":\"sv-SE\",\"potentialAction\":[{\"@type\":\"ReadAction\",\"target\":[\"https:\\\/\\\/nordiclighthotel.com\\\/sv\\\/nordisk-design\\\/\"]}]},{\"@type\":\"BreadcrumbList\",\"@id\":\"https:\\\/\\\/nordiclighthotel.com\\\/sv\\\/nordisk-design\\\/#breadcrumb\",\"itemListElement\":[{\"@type\":\"ListItem\",\"position\":1,\"name\":\"Hem\",\"item\":\"https:\\\/\\\/nordiclighthotel.com\\\/sv\\\/\"},{\"@type\":\"ListItem\",\"position\":2,\"name\":\"Nordic Design\"}]},{\"@type\":\"WebSite\",\"@id\":\"https:\\\/\\\/nordiclighthotel.com\\\/#website\",\"url\":\"https:\\\/\\\/nordiclighthotel.com\\\/\",\"name\":\"Nordic Light Hotel\",\"description\":\"Stockholm mest centrala hotell - inklusive frukost &amp; wifi | Nordic Light Hotel\",\"potentialAction\":[{\"@type\":\"SearchAction\",\"target\":{\"@type\":\"EntryPoint\",\"urlTemplate\":\"https:\\\/\\\/nordiclighthotel.com\\\/?s={search_term_string}\"},\"query-input\":{\"@type\":\"PropertyValueSpecification\",\"valueRequired\":true,\"valueName\":\"search_term_string\"}}],\"inLanguage\":\"sv-SE\"}]}<\/script>\n<!-- \/ Yoast SEO plugin. -->","yoast_head_json":{"title":"Nordisk design | Ett unikt designhotell | Nordic Light","description":"Nordic Light Hotel har ett omfattande samarbete med arkitekt Todd Saunders, och designansvarig John Tong som noggrant valt ut nordiska m\u00f6beldesigners.","robots":{"index":"index","follow":"follow","max-snippet":"max-snippet:-1","max-image-preview":"max-image-preview:large","max-video-preview":"max-video-preview:-1"},"canonical":"https:\/\/nordiclighthotel.com\/sv\/nordisk-design\/","og_locale":"sv_SE","og_type":"article","og_title":"Nordisk design | Ett unikt designhotell | Nordic Light","og_description":"Nordic Light Hotel har ett omfattande samarbete med arkitekt Todd Saunders, och designansvarig John Tong som noggrant valt ut nordiska m\u00f6beldesigners.","og_url":"https:\/\/nordiclighthotel.com\/sv\/nordisk-design\/","og_site_name":"Nordic Light Hotel","article_modified_time":"2026-04-14T10:41:34+00:00","twitter_card":"summary_large_image","twitter_misc":{"Ber\u00e4knad l\u00e4stid":"4 minuter"},"schema":{"@context":"https:\/\/schema.org","@graph":[{"@type":"WebPage","@id":"https:\/\/nordiclighthotel.com\/sv\/nordisk-design\/","url":"https:\/\/nordiclighthotel.com\/sv\/nordisk-design\/","name":"Nordisk design | Ett unikt designhotell | Nordic Light","isPartOf":{"@id":"https:\/\/nordiclighthotel.com\/#website"},"datePublished":"2018-09-17T12:05:28+00:00","dateModified":"2026-04-14T10:41:34+00:00","description":"Nordic Light Hotel har ett omfattande samarbete med arkitekt Todd Saunders, och designansvarig John Tong som noggrant valt ut nordiska m\u00f6beldesigners.","breadcrumb":{"@id":"https:\/\/nordiclighthotel.com\/sv\/nordisk-design\/#breadcrumb"},"inLanguage":"sv-SE","potentialAction":[{"@type":"ReadAction","target":["https:\/\/nordiclighthotel.com\/sv\/nordisk-design\/"]}]},{"@type":"BreadcrumbList","@id":"https:\/\/nordiclighthotel.com\/sv\/nordisk-design\/#breadcrumb","itemListElement":[{"@type":"ListItem","position":1,"name":"Hem","item":"https:\/\/nordiclighthotel.com\/sv\/"},{"@type":"ListItem","position":2,"name":"Nordic Design"}]},{"@type":"WebSite","@id":"https:\/\/nordiclighthotel.com\/#website","url":"https:\/\/nordiclighthotel.com\/","name":"Nordic Light Hotel","description":"Stockholm mest centrala hotell - inklusive frukost &amp; wifi | Nordic Light Hotel","potentialAction":[{"@type":"SearchAction","target":{"@type":"EntryPoint","urlTemplate":"https:\/\/nordiclighthotel.com\/?s={search_term_string}"},"query-input":{"@type":"PropertyValueSpecification","valueRequired":true,"valueName":"search_term_string"}}],"inLanguage":"sv-SE"}]}},"_links":{"self":[{"href":"https:\/\/nordiclighthotel.com\/sv\/wp-json\/wp\/v2\/pages\/547","targetHints":{"allow":["GET"]}}],"collection":[{"href":"https:\/\/nordiclighthotel.com\/sv\/wp-json\/wp\/v2\/pages"}],"about":[{"href":"https:\/\/nordiclighthotel.com\/sv\/wp-json\/wp\/v2\/types\/page"}],"author":[{"embeddable":true,"href":"https:\/\/nordiclighthotel.com\/sv\/wp-json\/wp\/v2\/users\/3"}],"replies":[{"embeddable":true,"href":"https:\/\/nordiclighthotel.com\/sv\/wp-json\/wp\/v2\/comments?post=547"}],"version-history":[{"count":84,"href":"https:\/\/nordiclighthotel.com\/sv\/wp-json\/wp\/v2\/pages\/547\/revisions"}],"predecessor-version":[{"id":20989,"href":"https:\/\/nordiclighthotel.com\/sv\/wp-json\/wp\/v2\/pages\/547\/revisions\/20989"}],"wp:attachment":[{"href":"https:\/\/nordiclighthotel.com\/sv\/wp-json\/wp\/v2\/media?parent=547"}],"curies":[{"name":"wp","href":"https:\/\/api.w.org\/{rel}","templated":true}]}}