{"id":515,"date":"2018-06-13T08:10:08","date_gmt":"2018-06-13T06:10:08","guid":{"rendered":"https:\/\/nordiclighthotel.se\/?page_id=515"},"modified":"2025-10-06T22:30:32","modified_gmt":"2025-10-06T20:30:32","slug":"kop-presentkort","status":"publish","type":"page","link":"https:\/\/nordiclighthotel.com\/sv\/kop-presentkort\/","title":{"rendered":"Presentkort"},"content":{"rendered":"<p style=\"text-align: center;\">S\u00e4tt guldkant p\u00e5 tillvaron f\u00f6r n\u00e5gon du tycker om med ett presentkort fr\u00e5n Nordic Light Hotel. Ge dina v\u00e4nner och familj chansen att ta del av of\u00f6rgl\u00f6mliga stunder i v\u00e5r restaurang, upplev en lugn natts s\u00f6mn i ett av v\u00e5ra bekv\u00e4ma rum, njut av v\u00e5r frukostbuff\u00e9 och mycket mer.<\/p>\n<p style=\"text-align: center;\">Presentkortet \u00e4r endast giltigt f\u00f6r bokningar som g\u00f6rs p\u00e5 nordiclighthotel.com eller genom receptionen: +46 (0)8 50 56 32 00 \/ <a target=\"_new\" rel=\"noopener\">reception@nordiclighthotel.com<\/a><\/p>\n<p>&nbsp;<\/p>\n<p>&nbsp;<\/p>\n<p style=\"text-align: center;\">\n","protected":false},"excerpt":{"rendered":"<p>S\u00e4tt guldkant p\u00e5 tillvaron f\u00f6r n\u00e5gon du tycker om med ett presentkort fr\u00e5n Nordic Light Hotel. Ge dina v\u00e4nner och familj chansen att ta del av of\u00f6rgl\u00f6mliga stunder i v\u00e5r restaurang, upplev en lugn natts s\u00f6mn i ett av v\u00e5ra bekv\u00e4ma rum, njut av v\u00e5r frukostbuff\u00e9 och mycket mer. Presentkortet \u00e4r endast giltigt f\u00f6r bokningar&hellip;<\/p>\n","protected":false},"author":3,"featured_media":0,"parent":0,"menu_order":0,"comment_status":"closed","ping_status":"closed","template":"","meta":{"_acf_changed":false,"footnotes":""},"class_list":["post-515","page","type-page","status-publish","hentry"],"acf":[],"yoast_head":"<!-- This site is optimized with the Yoast SEO plugin v27.3 - https:\/\/yoast.com\/product\/yoast-seo-wordpress\/ -->\n<title>K\u00f6p presentkort | Nordic Light Hotel i centrala Stockholm<\/title>\n<meta name=\"description\" content=\"\u00d6verraska n\u00e5gon du \u00e4lskar, tycker om, bryr dig om, st\u00f6ttar eller helt enkelt bara beh\u00f6ver sk\u00e4mma bort. K\u00f6p ett presentkort p\u00e5 Nordic Light Hotel.\" \/>\n<meta name=\"robots\" content=\"index, follow, max-snippet:-1, max-image-preview:large, max-video-preview:-1\" \/>\n<link rel=\"canonical\" href=\"https:\/\/nordiclighthotel.com\/sv\/kop-presentkort\/\" \/>\n<meta property=\"og:locale\" content=\"sv_SE\" \/>\n<meta property=\"og:type\" content=\"article\" \/>\n<meta property=\"og:title\" content=\"K\u00f6p presentkort | Nordic Light Hotel i centrala Stockholm\" \/>\n<meta property=\"og:description\" content=\"\u00d6verraska n\u00e5gon du \u00e4lskar, tycker om, bryr dig om, st\u00f6ttar eller helt enkelt bara beh\u00f6ver sk\u00e4mma bort. K\u00f6p ett presentkort p\u00e5 Nordic Light Hotel.\" \/>\n<meta property=\"og:url\" content=\"https:\/\/nordiclighthotel.com\/sv\/kop-presentkort\/\" \/>\n<meta property=\"og:site_name\" content=\"Nordic Light Hotel\" \/>\n<meta property=\"article:modified_time\" content=\"2025-10-06T20:30:32+00:00\" \/>\n<meta name=\"twitter:card\" content=\"summary_large_image\" \/>\n<meta name=\"twitter:label1\" content=\"Ber\u00e4knad l\u00e4stid\" \/>\n\t<meta name=\"twitter:data1\" content=\"1 minut\" \/>\n<script type=\"application\/ld+json\" class=\"yoast-schema-graph\">{\"@context\":\"https:\\\/\\\/schema.org\",\"@graph\":[{\"@type\":\"WebPage\",\"@id\":\"https:\\\/\\\/nordiclighthotel.com\\\/sv\\\/kop-presentkort\\\/\",\"url\":\"https:\\\/\\\/nordiclighthotel.com\\\/sv\\\/kop-presentkort\\\/\",\"name\":\"K\u00f6p presentkort | Nordic Light Hotel i centrala Stockholm\",\"isPartOf\":{\"@id\":\"https:\\\/\\\/nordiclighthotel.com\\\/#website\"},\"datePublished\":\"2018-06-13T06:10:08+00:00\",\"dateModified\":\"2025-10-06T20:30:32+00:00\",\"description\":\"\u00d6verraska n\u00e5gon du \u00e4lskar, tycker om, bryr dig om, st\u00f6ttar eller helt enkelt bara beh\u00f6ver sk\u00e4mma bort. K\u00f6p ett presentkort p\u00e5 Nordic Light Hotel.\",\"breadcrumb\":{\"@id\":\"https:\\\/\\\/nordiclighthotel.com\\\/sv\\\/kop-presentkort\\\/#breadcrumb\"},\"inLanguage\":\"sv-SE\",\"potentialAction\":[{\"@type\":\"ReadAction\",\"target\":[\"https:\\\/\\\/nordiclighthotel.com\\\/sv\\\/kop-presentkort\\\/\"]}]},{\"@type\":\"BreadcrumbList\",\"@id\":\"https:\\\/\\\/nordiclighthotel.com\\\/sv\\\/kop-presentkort\\\/#breadcrumb\",\"itemListElement\":[{\"@type\":\"ListItem\",\"position\":1,\"name\":\"Hem\",\"item\":\"https:\\\/\\\/nordiclighthotel.com\\\/sv\\\/\"},{\"@type\":\"ListItem\",\"position\":2,\"name\":\"Presentkort\"}]},{\"@type\":\"WebSite\",\"@id\":\"https:\\\/\\\/nordiclighthotel.com\\\/#website\",\"url\":\"https:\\\/\\\/nordiclighthotel.com\\\/\",\"name\":\"Nordic Light Hotel\",\"description\":\"Stockholm mest centrala hotell - inklusive frukost &amp; wifi | Nordic Light Hotel\",\"potentialAction\":[{\"@type\":\"SearchAction\",\"target\":{\"@type\":\"EntryPoint\",\"urlTemplate\":\"https:\\\/\\\/nordiclighthotel.com\\\/?s={search_term_string}\"},\"query-input\":{\"@type\":\"PropertyValueSpecification\",\"valueRequired\":true,\"valueName\":\"search_term_string\"}}],\"inLanguage\":\"sv-SE\"}]}<\/script>\n<!-- \/ Yoast SEO plugin. -->","yoast_head_json":{"title":"K\u00f6p presentkort | Nordic Light Hotel i centrala Stockholm","description":"\u00d6verraska n\u00e5gon du \u00e4lskar, tycker om, bryr dig om, st\u00f6ttar eller helt enkelt bara beh\u00f6ver sk\u00e4mma bort. K\u00f6p ett presentkort p\u00e5 Nordic Light Hotel.","robots":{"index":"index","follow":"follow","max-snippet":"max-snippet:-1","max-image-preview":"max-image-preview:large","max-video-preview":"max-video-preview:-1"},"canonical":"https:\/\/nordiclighthotel.com\/sv\/kop-presentkort\/","og_locale":"sv_SE","og_type":"article","og_title":"K\u00f6p presentkort | Nordic Light Hotel i centrala Stockholm","og_description":"\u00d6verraska n\u00e5gon du \u00e4lskar, tycker om, bryr dig om, st\u00f6ttar eller helt enkelt bara beh\u00f6ver sk\u00e4mma bort. K\u00f6p ett presentkort p\u00e5 Nordic Light Hotel.","og_url":"https:\/\/nordiclighthotel.com\/sv\/kop-presentkort\/","og_site_name":"Nordic Light Hotel","article_modified_time":"2025-10-06T20:30:32+00:00","twitter_card":"summary_large_image","twitter_misc":{"Ber\u00e4knad l\u00e4stid":"1 minut"},"schema":{"@context":"https:\/\/schema.org","@graph":[{"@type":"WebPage","@id":"https:\/\/nordiclighthotel.com\/sv\/kop-presentkort\/","url":"https:\/\/nordiclighthotel.com\/sv\/kop-presentkort\/","name":"K\u00f6p presentkort | Nordic Light Hotel i centrala Stockholm","isPartOf":{"@id":"https:\/\/nordiclighthotel.com\/#website"},"datePublished":"2018-06-13T06:10:08+00:00","dateModified":"2025-10-06T20:30:32+00:00","description":"\u00d6verraska n\u00e5gon du \u00e4lskar, tycker om, bryr dig om, st\u00f6ttar eller helt enkelt bara beh\u00f6ver sk\u00e4mma bort. K\u00f6p ett presentkort p\u00e5 Nordic Light Hotel.","breadcrumb":{"@id":"https:\/\/nordiclighthotel.com\/sv\/kop-presentkort\/#breadcrumb"},"inLanguage":"sv-SE","potentialAction":[{"@type":"ReadAction","target":["https:\/\/nordiclighthotel.com\/sv\/kop-presentkort\/"]}]},{"@type":"BreadcrumbList","@id":"https:\/\/nordiclighthotel.com\/sv\/kop-presentkort\/#breadcrumb","itemListElement":[{"@type":"ListItem","position":1,"name":"Hem","item":"https:\/\/nordiclighthotel.com\/sv\/"},{"@type":"ListItem","position":2,"name":"Presentkort"}]},{"@type":"WebSite","@id":"https:\/\/nordiclighthotel.com\/#website","url":"https:\/\/nordiclighthotel.com\/","name":"Nordic Light Hotel","description":"Stockholm mest centrala hotell - inklusive frukost &amp; wifi | Nordic Light Hotel","potentialAction":[{"@type":"SearchAction","target":{"@type":"EntryPoint","urlTemplate":"https:\/\/nordiclighthotel.com\/?s={search_term_string}"},"query-input":{"@type":"PropertyValueSpecification","valueRequired":true,"valueName":"search_term_string"}}],"inLanguage":"sv-SE"}]}},"_links":{"self":[{"href":"https:\/\/nordiclighthotel.com\/sv\/wp-json\/wp\/v2\/pages\/515","targetHints":{"allow":["GET"]}}],"collection":[{"href":"https:\/\/nordiclighthotel.com\/sv\/wp-json\/wp\/v2\/pages"}],"about":[{"href":"https:\/\/nordiclighthotel.com\/sv\/wp-json\/wp\/v2\/types\/page"}],"author":[{"embeddable":true,"href":"https:\/\/nordiclighthotel.com\/sv\/wp-json\/wp\/v2\/users\/3"}],"replies":[{"embeddable":true,"href":"https:\/\/nordiclighthotel.com\/sv\/wp-json\/wp\/v2\/comments?post=515"}],"version-history":[{"count":39,"href":"https:\/\/nordiclighthotel.com\/sv\/wp-json\/wp\/v2\/pages\/515\/revisions"}],"predecessor-version":[{"id":19485,"href":"https:\/\/nordiclighthotel.com\/sv\/wp-json\/wp\/v2\/pages\/515\/revisions\/19485"}],"wp:attachment":[{"href":"https:\/\/nordiclighthotel.com\/sv\/wp-json\/wp\/v2\/media?parent=515"}],"curies":[{"name":"wp","href":"https:\/\/api.w.org\/{rel}","templated":true}]}}