{"id":44,"date":"2018-06-01T15:37:32","date_gmt":"2018-06-01T13:37:32","guid":{"rendered":"https:\/\/nordiclighthotel.se\/?page_id=44"},"modified":"2026-03-24T14:00:46","modified_gmt":"2026-03-24T13:00:46","slug":"kontakta-oss","status":"publish","type":"page","link":"https:\/\/nordiclighthotel.com\/sv\/kontakta-oss\/","title":{"rendered":"Kontakt och information"},"content":{"rendered":"\n<h1 class=\"wp-block-heading\">Kontakt och information<\/h1>\n\n\n\n<p>Nordic Light Hotel \u00e4r platsen d\u00e4r Nordens essens kommer till liv. Vi \u00e4r en modern m\u00f6tesplats mitt i centrala Stockholms liv och r\u00f6relse. H\u00e4r speglas den pulserande staden i ett hotel som aldrig sover.<\/p>\n\n\n\n<p>Nordisk estetik \u00e4r v\u00e5r ledstj\u00e4rna. Vi tror p\u00e5 sk\u00f6nhetens f\u00f6rvandlande kraft \u2013 sk\u00f6nheten i form och funktion, men ocks\u00e5 sk\u00f6nheten i kvalitet och \u00e4rlighet. V\u00e5r designfilosofi kretsar kring nordisk design, f\u00f6rverkligad p\u00e5 ett dynamiskt s\u00e4tt. Huset \u00e4r ett samarbete mellan en grupp framst\u00e5ende designers, som har visualiserat sin tolkning av Norden. V\u00e5rt arv, k\u00e4nt f\u00f6r sin enkelhet, funktionalitet och starka koppling till naturen, syns i varje detalj.<\/p>\n\n\n\n<p>Fr\u00e5n tidig morgon till sen kv\u00e4ll bjuder vi in v\u00e5ra g\u00e4ster till en milj\u00f6 att njuta av med alla sinnen. Fr\u00e5n nyfiket kuraterade g\u00e4strum och konferensutrymmen till en livlig restaurang, lobby och co-workingutrymme \u2013 v\u00e5rt hotell \u00e4r en naturlig knutpunkt f\u00f6r dagens alla h\u00f6jdpunkter.<\/p>\n\n\n\n<p>V\u00e4lkommen till ett stopp du har sett fram emot.<\/p>\n\n\n\n<p><em>Nordic Light Hotel \u00e4gs och drivs av Nordic Hotels &amp; Resorts AB \/ AS, som \u00e4r en del av Petter Stordalens Strawberry Hospitality Group.<\/em><\/p>\n\n\n\n<h3 class=\"wp-block-heading\">Telefon<\/h3>\n\n\n\n<p>+46 (0)8 50 56 32 00<\/p>\n\n\n\n<h3 class=\"wp-block-heading\">Individuell bokning<\/h3>\n\n\n\n<p><a href=\"https:\/\/nordiclighthotel.se\/en\/book\/\">Boka online<\/a> eller ring +46 (0)8 50 56 32 00<\/p>\n\n\n\n<h3 class=\"wp-block-heading\">Grupp och konferens<\/h3>\n\n\n\n<p><a href=\"mailto:meetings@nordiclighthotel.com\">meetings@nordiclighthotel.com<\/a> eller ring +46 (0)8 50 56 32 40<\/p>\n\n\n\n<p>Telefontider: Mon \u2013 fre | 8.30 \u2013 17.00<\/p>\n\n\n\n<h3 class=\"wp-block-heading\">Sales Manager<\/h3>\n\n\n\n<p><a href=\"mailto:simon.johansson@nordiclighthotel.com\">simon.johansson@nordiclighthotel.com<\/a> eller ring +46 (0)76 777 82 08<\/p>\n\n\n\n<h3 class=\"wp-block-heading\">Restaurang Lykke<\/h3>\n\n\n\n<p><a href=\"mailto:meetings@nordiclighthotel.com\">lykke@nordiclighthotel.com<\/a>&nbsp;eller ring +46 (0)8 50 56 35 71<\/p>\n\n\n\n<h3 class=\"wp-block-heading\">Adress<\/h3>\n\n\n\n<p>Vasaplan 7, 111 20 Stockholm, Sweden<\/p>\n\n\n\n<h3 class=\"wp-block-heading\">GPS koordinater<\/h3>\n\n\n\n<p>Latitude\/Longitude 59.332631\/18.056491<\/p>\n\n\n\n<h3 class=\"wp-block-heading\">N\u00e4ra Centralstationen och Arlanda Express<\/h3>\n\n\n\n<p>Nordic Light Hotel har ett centralt l\u00e4ge bredvid Arlanda Express och Centralstationen.<\/p>\n\n\n\n<p><em>F\u00f6r mer information och eventuella fr\u00e5gor, \u00e4r du v\u00e4lkommen att kontakta oss p\u00e5 <\/em><em><a href=\"mailto:reception@nordiclighthotel.com\">reception@nordiclighthotel.com<\/a> eller ring <\/em><em>+46 (0)8 50 56 32 00<\/em><\/p>\n","protected":false},"excerpt":{"rendered":"<p>Kontakt och information Nordic Light Hotel \u00e4r platsen d\u00e4r Nordens essens kommer till liv. Vi \u00e4r en modern m\u00f6tesplats mitt i centrala Stockholms liv och r\u00f6relse. H\u00e4r speglas den pulserande staden i ett hotel som aldrig sover. Nordisk estetik \u00e4r v\u00e5r ledstj\u00e4rna. Vi tror p\u00e5 sk\u00f6nhetens f\u00f6rvandlande kraft \u2013 sk\u00f6nheten i form och funktion, men&hellip;<\/p>\n","protected":false},"author":3,"featured_media":0,"parent":0,"menu_order":0,"comment_status":"closed","ping_status":"closed","template":"","meta":{"_acf_changed":false,"footnotes":""},"class_list":["post-44","page","type-page","status-publish","hentry"],"acf":[],"yoast_head":"<!-- This site is optimized with the Yoast SEO plugin v27.3 - https:\/\/yoast.com\/product\/yoast-seo-wordpress\/ -->\n<title>Cookie Policy | Nordic Light Hotel<\/title>\n<meta name=\"description\" content=\"Nordic Light Hotel cookie poilcy. L\u00e4s om cookies och vad det anv\u00e4nds till, olika typer av cookies och om du vill undvika cookies. Kontakta oss vid fr\u00e5gor!\" \/>\n<meta name=\"robots\" content=\"index, follow, max-snippet:-1, max-image-preview:large, max-video-preview:-1\" \/>\n<link rel=\"canonical\" href=\"https:\/\/nordiclighthotel.com\/sv\/kontakta-oss\/\" \/>\n<meta property=\"og:locale\" content=\"sv_SE\" \/>\n<meta property=\"og:type\" content=\"article\" \/>\n<meta property=\"og:title\" content=\"Cookie Policy | Nordic Light Hotel\" \/>\n<meta property=\"og:description\" content=\"Nordic Light Hotel cookie poilcy. L\u00e4s om cookies och vad det anv\u00e4nds till, olika typer av cookies och om du vill undvika cookies. Kontakta oss vid fr\u00e5gor!\" \/>\n<meta property=\"og:url\" content=\"https:\/\/nordiclighthotel.com\/sv\/kontakta-oss\/\" \/>\n<meta property=\"og:site_name\" content=\"Nordic Light Hotel\" \/>\n<meta property=\"article:modified_time\" content=\"2026-03-24T13:00:46+00:00\" \/>\n<meta name=\"twitter:card\" content=\"summary_large_image\" \/>\n<meta name=\"twitter:label1\" content=\"Ber\u00e4knad l\u00e4stid\" \/>\n\t<meta name=\"twitter:data1\" content=\"2 minuter\" \/>\n<script type=\"application\/ld+json\" class=\"yoast-schema-graph\">{\"@context\":\"https:\\\/\\\/schema.org\",\"@graph\":[{\"@type\":\"WebPage\",\"@id\":\"https:\\\/\\\/nordiclighthotel.com\\\/sv\\\/kontakta-oss\\\/\",\"url\":\"https:\\\/\\\/nordiclighthotel.com\\\/sv\\\/kontakta-oss\\\/\",\"name\":\"Cookie Policy | Nordic Light Hotel\",\"isPartOf\":{\"@id\":\"https:\\\/\\\/nordiclighthotel.com\\\/#website\"},\"datePublished\":\"2018-06-01T13:37:32+00:00\",\"dateModified\":\"2026-03-24T13:00:46+00:00\",\"description\":\"Nordic Light Hotel cookie poilcy. L\u00e4s om cookies och vad det anv\u00e4nds till, olika typer av cookies och om du vill undvika cookies. Kontakta oss vid fr\u00e5gor!\",\"breadcrumb\":{\"@id\":\"https:\\\/\\\/nordiclighthotel.com\\\/sv\\\/kontakta-oss\\\/#breadcrumb\"},\"inLanguage\":\"sv-SE\",\"potentialAction\":[{\"@type\":\"ReadAction\",\"target\":[\"https:\\\/\\\/nordiclighthotel.com\\\/sv\\\/kontakta-oss\\\/\"]}]},{\"@type\":\"BreadcrumbList\",\"@id\":\"https:\\\/\\\/nordiclighthotel.com\\\/sv\\\/kontakta-oss\\\/#breadcrumb\",\"itemListElement\":[{\"@type\":\"ListItem\",\"position\":1,\"name\":\"Hem\",\"item\":\"https:\\\/\\\/nordiclighthotel.com\\\/sv\\\/\"},{\"@type\":\"ListItem\",\"position\":2,\"name\":\"Kontakt och information\"}]},{\"@type\":\"WebSite\",\"@id\":\"https:\\\/\\\/nordiclighthotel.com\\\/#website\",\"url\":\"https:\\\/\\\/nordiclighthotel.com\\\/\",\"name\":\"Nordic Light Hotel\",\"description\":\"Stockholm mest centrala hotell - inklusive frukost &amp; wifi | Nordic Light Hotel\",\"potentialAction\":[{\"@type\":\"SearchAction\",\"target\":{\"@type\":\"EntryPoint\",\"urlTemplate\":\"https:\\\/\\\/nordiclighthotel.com\\\/?s={search_term_string}\"},\"query-input\":{\"@type\":\"PropertyValueSpecification\",\"valueRequired\":true,\"valueName\":\"search_term_string\"}}],\"inLanguage\":\"sv-SE\"}]}<\/script>\n<!-- \/ Yoast SEO plugin. -->","yoast_head_json":{"title":"Cookie Policy | Nordic Light Hotel","description":"Nordic Light Hotel cookie poilcy. L\u00e4s om cookies och vad det anv\u00e4nds till, olika typer av cookies och om du vill undvika cookies. Kontakta oss vid fr\u00e5gor!","robots":{"index":"index","follow":"follow","max-snippet":"max-snippet:-1","max-image-preview":"max-image-preview:large","max-video-preview":"max-video-preview:-1"},"canonical":"https:\/\/nordiclighthotel.com\/sv\/kontakta-oss\/","og_locale":"sv_SE","og_type":"article","og_title":"Cookie Policy | Nordic Light Hotel","og_description":"Nordic Light Hotel cookie poilcy. L\u00e4s om cookies och vad det anv\u00e4nds till, olika typer av cookies och om du vill undvika cookies. Kontakta oss vid fr\u00e5gor!","og_url":"https:\/\/nordiclighthotel.com\/sv\/kontakta-oss\/","og_site_name":"Nordic Light Hotel","article_modified_time":"2026-03-24T13:00:46+00:00","twitter_card":"summary_large_image","twitter_misc":{"Ber\u00e4knad l\u00e4stid":"2 minuter"},"schema":{"@context":"https:\/\/schema.org","@graph":[{"@type":"WebPage","@id":"https:\/\/nordiclighthotel.com\/sv\/kontakta-oss\/","url":"https:\/\/nordiclighthotel.com\/sv\/kontakta-oss\/","name":"Cookie Policy | Nordic Light Hotel","isPartOf":{"@id":"https:\/\/nordiclighthotel.com\/#website"},"datePublished":"2018-06-01T13:37:32+00:00","dateModified":"2026-03-24T13:00:46+00:00","description":"Nordic Light Hotel cookie poilcy. L\u00e4s om cookies och vad det anv\u00e4nds till, olika typer av cookies och om du vill undvika cookies. Kontakta oss vid fr\u00e5gor!","breadcrumb":{"@id":"https:\/\/nordiclighthotel.com\/sv\/kontakta-oss\/#breadcrumb"},"inLanguage":"sv-SE","potentialAction":[{"@type":"ReadAction","target":["https:\/\/nordiclighthotel.com\/sv\/kontakta-oss\/"]}]},{"@type":"BreadcrumbList","@id":"https:\/\/nordiclighthotel.com\/sv\/kontakta-oss\/#breadcrumb","itemListElement":[{"@type":"ListItem","position":1,"name":"Hem","item":"https:\/\/nordiclighthotel.com\/sv\/"},{"@type":"ListItem","position":2,"name":"Kontakt och information"}]},{"@type":"WebSite","@id":"https:\/\/nordiclighthotel.com\/#website","url":"https:\/\/nordiclighthotel.com\/","name":"Nordic Light Hotel","description":"Stockholm mest centrala hotell - inklusive frukost &amp; wifi | Nordic Light Hotel","potentialAction":[{"@type":"SearchAction","target":{"@type":"EntryPoint","urlTemplate":"https:\/\/nordiclighthotel.com\/?s={search_term_string}"},"query-input":{"@type":"PropertyValueSpecification","valueRequired":true,"valueName":"search_term_string"}}],"inLanguage":"sv-SE"}]}},"_links":{"self":[{"href":"https:\/\/nordiclighthotel.com\/sv\/wp-json\/wp\/v2\/pages\/44","targetHints":{"allow":["GET"]}}],"collection":[{"href":"https:\/\/nordiclighthotel.com\/sv\/wp-json\/wp\/v2\/pages"}],"about":[{"href":"https:\/\/nordiclighthotel.com\/sv\/wp-json\/wp\/v2\/types\/page"}],"author":[{"embeddable":true,"href":"https:\/\/nordiclighthotel.com\/sv\/wp-json\/wp\/v2\/users\/3"}],"replies":[{"embeddable":true,"href":"https:\/\/nordiclighthotel.com\/sv\/wp-json\/wp\/v2\/comments?post=44"}],"version-history":[{"count":42,"href":"https:\/\/nordiclighthotel.com\/sv\/wp-json\/wp\/v2\/pages\/44\/revisions"}],"predecessor-version":[{"id":20875,"href":"https:\/\/nordiclighthotel.com\/sv\/wp-json\/wp\/v2\/pages\/44\/revisions\/20875"}],"wp:attachment":[{"href":"https:\/\/nordiclighthotel.com\/sv\/wp-json\/wp\/v2\/media?parent=44"}],"curies":[{"name":"wp","href":"https:\/\/api.w.org\/{rel}","templated":true}]}}