{"id":2975,"date":"2019-03-27T15:31:38","date_gmt":"2019-03-27T14:31:38","guid":{"rendered":"https:\/\/nordiclighthotel.se\/?page_id=2975"},"modified":"2024-11-13T14:08:22","modified_gmt":"2024-11-13T13:08:22","slug":"eventkalender","status":"publish","type":"page","link":"https:\/\/nordiclighthotel.com\/sv\/eventkalender\/","title":{"rendered":"Kalender"},"content":{"rendered":"\n<p><\/p>\n\n\n\n<p><\/p>\n","protected":false},"excerpt":{"rendered":"","protected":false},"author":3,"featured_media":0,"parent":0,"menu_order":0,"comment_status":"closed","ping_status":"closed","template":"templates\/template-events.php","meta":{"_acf_changed":false,"footnotes":""},"class_list":["post-2975","page","type-page","status-publish","hentry"],"acf":[],"yoast_head":"<!-- This site is optimized with the Yoast SEO plugin v27.1.1 - https:\/\/yoast.com\/product\/yoast-seo-wordpress\/ -->\n<title>Eventkalender | Kommande event p\u00e5 Nordic Light Hotel<\/title>\n<meta name=\"description\" content=\"H\u00e4r listar vi vad som h\u00e4nder p\u00e5 hotellet \u2013 sp\u00e4nnande menyer &amp; specialdrinkar i restaurang LYKKE, samt temadagar.Vi tipsar \u00e4ven om \u00f6vriga event i Stockholm.\" \/>\n<meta name=\"robots\" content=\"index, follow, max-snippet:-1, max-image-preview:large, max-video-preview:-1\" \/>\n<link rel=\"canonical\" href=\"https:\/\/nordiclighthotel.com\/sv\/eventkalender\/\" \/>\n<meta property=\"og:locale\" content=\"sv_SE\" \/>\n<meta property=\"og:type\" content=\"article\" \/>\n<meta property=\"og:title\" content=\"Eventkalender | Kommande event p\u00e5 Nordic Light Hotel\" \/>\n<meta property=\"og:description\" content=\"H\u00e4r listar vi vad som h\u00e4nder p\u00e5 hotellet \u2013 sp\u00e4nnande menyer &amp; specialdrinkar i restaurang LYKKE, samt temadagar.Vi tipsar \u00e4ven om \u00f6vriga event i Stockholm.\" \/>\n<meta property=\"og:url\" content=\"https:\/\/nordiclighthotel.com\/sv\/eventkalender\/\" \/>\n<meta property=\"og:site_name\" content=\"Nordic Light Hotel\" \/>\n<meta property=\"article:modified_time\" content=\"2024-11-13T13:08:22+00:00\" \/>\n<meta name=\"twitter:card\" content=\"summary_large_image\" \/>\n<script type=\"application\/ld+json\" class=\"yoast-schema-graph\">{\"@context\":\"https:\/\/schema.org\",\"@graph\":[{\"@type\":\"WebPage\",\"@id\":\"https:\/\/nordiclighthotel.com\/sv\/eventkalender\/\",\"url\":\"https:\/\/nordiclighthotel.com\/sv\/eventkalender\/\",\"name\":\"Eventkalender | Kommande event p\u00e5 Nordic Light Hotel\",\"isPartOf\":{\"@id\":\"https:\/\/nordiclighthotel.com\/#website\"},\"datePublished\":\"2019-03-27T14:31:38+00:00\",\"dateModified\":\"2024-11-13T13:08:22+00:00\",\"description\":\"H\u00e4r listar vi vad som h\u00e4nder p\u00e5 hotellet \u2013 sp\u00e4nnande menyer & specialdrinkar i restaurang LYKKE, samt temadagar.Vi tipsar \u00e4ven om \u00f6vriga event i Stockholm.\",\"breadcrumb\":{\"@id\":\"https:\/\/nordiclighthotel.com\/sv\/eventkalender\/#breadcrumb\"},\"inLanguage\":\"sv-SE\",\"potentialAction\":[{\"@type\":\"ReadAction\",\"target\":[\"https:\/\/nordiclighthotel.com\/sv\/eventkalender\/\"]}]},{\"@type\":\"BreadcrumbList\",\"@id\":\"https:\/\/nordiclighthotel.com\/sv\/eventkalender\/#breadcrumb\",\"itemListElement\":[{\"@type\":\"ListItem\",\"position\":1,\"name\":\"Hem\",\"item\":\"https:\/\/nordiclighthotel.com\/sv\/\"},{\"@type\":\"ListItem\",\"position\":2,\"name\":\"Kalender\"}]},{\"@type\":\"WebSite\",\"@id\":\"https:\/\/nordiclighthotel.com\/#website\",\"url\":\"https:\/\/nordiclighthotel.com\/\",\"name\":\"Nordic Light Hotel\",\"description\":\"Stockholm mest centrala hotell - inklusive frukost &amp; wifi | Nordic Light Hotel\",\"potentialAction\":[{\"@type\":\"SearchAction\",\"target\":{\"@type\":\"EntryPoint\",\"urlTemplate\":\"https:\/\/nordiclighthotel.com\/?s={search_term_string}\"},\"query-input\":{\"@type\":\"PropertyValueSpecification\",\"valueRequired\":true,\"valueName\":\"search_term_string\"}}],\"inLanguage\":\"sv-SE\"}]}<\/script>\n<!-- \/ Yoast SEO plugin. -->","yoast_head_json":{"title":"Eventkalender | Kommande event p\u00e5 Nordic Light Hotel","description":"H\u00e4r listar vi vad som h\u00e4nder p\u00e5 hotellet \u2013 sp\u00e4nnande menyer & specialdrinkar i restaurang LYKKE, samt temadagar.Vi tipsar \u00e4ven om \u00f6vriga event i Stockholm.","robots":{"index":"index","follow":"follow","max-snippet":"max-snippet:-1","max-image-preview":"max-image-preview:large","max-video-preview":"max-video-preview:-1"},"canonical":"https:\/\/nordiclighthotel.com\/sv\/eventkalender\/","og_locale":"sv_SE","og_type":"article","og_title":"Eventkalender | Kommande event p\u00e5 Nordic Light Hotel","og_description":"H\u00e4r listar vi vad som h\u00e4nder p\u00e5 hotellet \u2013 sp\u00e4nnande menyer & specialdrinkar i restaurang LYKKE, samt temadagar.Vi tipsar \u00e4ven om \u00f6vriga event i Stockholm.","og_url":"https:\/\/nordiclighthotel.com\/sv\/eventkalender\/","og_site_name":"Nordic Light Hotel","article_modified_time":"2024-11-13T13:08:22+00:00","twitter_card":"summary_large_image","schema":{"@context":"https:\/\/schema.org","@graph":[{"@type":"WebPage","@id":"https:\/\/nordiclighthotel.com\/sv\/eventkalender\/","url":"https:\/\/nordiclighthotel.com\/sv\/eventkalender\/","name":"Eventkalender | Kommande event p\u00e5 Nordic Light Hotel","isPartOf":{"@id":"https:\/\/nordiclighthotel.com\/#website"},"datePublished":"2019-03-27T14:31:38+00:00","dateModified":"2024-11-13T13:08:22+00:00","description":"H\u00e4r listar vi vad som h\u00e4nder p\u00e5 hotellet \u2013 sp\u00e4nnande menyer & specialdrinkar i restaurang LYKKE, samt temadagar.Vi tipsar \u00e4ven om \u00f6vriga event i Stockholm.","breadcrumb":{"@id":"https:\/\/nordiclighthotel.com\/sv\/eventkalender\/#breadcrumb"},"inLanguage":"sv-SE","potentialAction":[{"@type":"ReadAction","target":["https:\/\/nordiclighthotel.com\/sv\/eventkalender\/"]}]},{"@type":"BreadcrumbList","@id":"https:\/\/nordiclighthotel.com\/sv\/eventkalender\/#breadcrumb","itemListElement":[{"@type":"ListItem","position":1,"name":"Hem","item":"https:\/\/nordiclighthotel.com\/sv\/"},{"@type":"ListItem","position":2,"name":"Kalender"}]},{"@type":"WebSite","@id":"https:\/\/nordiclighthotel.com\/#website","url":"https:\/\/nordiclighthotel.com\/","name":"Nordic Light Hotel","description":"Stockholm mest centrala hotell - inklusive frukost &amp; wifi | Nordic Light Hotel","potentialAction":[{"@type":"SearchAction","target":{"@type":"EntryPoint","urlTemplate":"https:\/\/nordiclighthotel.com\/?s={search_term_string}"},"query-input":{"@type":"PropertyValueSpecification","valueRequired":true,"valueName":"search_term_string"}}],"inLanguage":"sv-SE"}]}},"_links":{"self":[{"href":"https:\/\/nordiclighthotel.com\/sv\/wp-json\/wp\/v2\/pages\/2975","targetHints":{"allow":["GET"]}}],"collection":[{"href":"https:\/\/nordiclighthotel.com\/sv\/wp-json\/wp\/v2\/pages"}],"about":[{"href":"https:\/\/nordiclighthotel.com\/sv\/wp-json\/wp\/v2\/types\/page"}],"author":[{"embeddable":true,"href":"https:\/\/nordiclighthotel.com\/sv\/wp-json\/wp\/v2\/users\/3"}],"replies":[{"embeddable":true,"href":"https:\/\/nordiclighthotel.com\/sv\/wp-json\/wp\/v2\/comments?post=2975"}],"version-history":[{"count":32,"href":"https:\/\/nordiclighthotel.com\/sv\/wp-json\/wp\/v2\/pages\/2975\/revisions"}],"predecessor-version":[{"id":17433,"href":"https:\/\/nordiclighthotel.com\/sv\/wp-json\/wp\/v2\/pages\/2975\/revisions\/17433"}],"wp:attachment":[{"href":"https:\/\/nordiclighthotel.com\/sv\/wp-json\/wp\/v2\/media?parent=2975"}],"curies":[{"name":"wp","href":"https:\/\/api.w.org\/{rel}","templated":true}]}}