{"id":15299,"date":"2024-03-22T15:46:14","date_gmt":"2024-03-22T14:46:14","guid":{"rendered":"https:\/\/nordiclighthotel.se\/?page_id=15299"},"modified":"2025-12-04T14:23:12","modified_gmt":"2025-12-04T13:23:12","slug":"anvandarvillkor","status":"publish","type":"page","link":"https:\/\/nordiclighthotel.com\/sv\/anvandarvillkor\/","title":{"rendered":"Anv\u00e4ndarvillkor"},"content":{"rendered":"<p>H\u00e4r hittar du anv\u00e4ndarvillkoren f\u00f6r v\u00e5ra webbsidor. F\u00f6r fr\u00e5gor ber vi dig kontakta kundservice, antingen via email: <a href=\"mailto:info@nordiclighthotel.com\">info@nordiclighthotel.com<\/a> eller p\u00e5 telefon +46 8 50 56 32 00. Dessutom finner du v\u00e5r Integritetspolicy <a href=\"https:\/\/nordiclighthotel.com\/policy\/\">h\u00e4r.<\/a><\/p>\n<h3>1. Webbsidan och dess villkor<\/h3>\n<p>1.1 Denne webbsida \u00e4gs och drivs av Nordic Light Hotel<br \/>1.2 Dessa villkor (\u00abAnv\u00e4ndarvillkoren\u00bb) g\u00e4ller f\u00f6r din anv\u00e4ndning av webbsidan. Genom att bes\u00f6ka och anv\u00e4nda webbsidan, \u00e4r du bunden av de vid varje tidpunkt g\u00e4llande villkoren f\u00f6r<br \/>1.3 F\u00f6r anv\u00e4ndare som registrerar sig som medlem i Strawberry kundklubb, Strawberry Club, g\u00e4ller f\u00f6rutom Anv\u00e4ndarvillkoren \u00e4ven Medlemsvillkoren f\u00f6r Strawberry Club som du finner h\u00e4r.<br \/>1.4 Anv\u00e4ndarna f\u00f6rbinder sig att inte bryta mot svensk lag vid anv\u00e4ndning av webbsidan.<\/p>\n<h3>2. \u00c4ndring av webbsida och anv\u00e4ndarvillkor<\/h3>\n<p>2.1 F\u00f6r att f\u00f6rb\u00e4ttra din anv\u00e4ndning av webbsidan kan Nordic Light Hotel komma att genomf\u00f6ra \u00e4ndringar av den.<br \/>2.2 Nordic Light Hotel f\u00f6rbeh\u00e5ller sig r\u00e4tten att, utan f\u00f6reg\u00e5ende meddelande, g\u00f6ra s\u00e5dana f\u00f6rb\u00e4ttringar, f\u00f6r\u00e4ndringar, till\u00e4gg eller borttagningar av information p\u00e5 webbsidan som Nordic Light Hotel anser n\u00f6dv\u00e4ndiga. Vidare f\u00f6rbeh\u00e5ller sig Nordic Light Hotel r\u00e4tten att g\u00f6ra \u00e4ndringar i Anv\u00e4ndarvillkoren. De vid var tidpunkt g\u00e4llande Anv\u00e4ndarvillkoren kommer att vara publicerade p\u00e5 v\u00e5ra webbsidor. Genom att forts\u00e4tta att anv\u00e4nda webbsidan efter att s\u00e5dana \u00e4ndringar har publicerats, accepterar du \u00e4ndringarna.<\/p>\n<h3>3. Immateriella r\u00e4ttigheter<\/h3>\n<p>3.1 Allt inneh\u00e5ll p\u00e5 webbsidan \u00e4gs, om inget annat anges, av Nordic Light Hotel eller Strawberry.<br \/>3.2 Webbsidans inneh\u00e5ll \u00e4r skyddat av upphovsr\u00e4tten, varum\u00e4rkesr\u00e4ttsliga best\u00e4mmelser och andra immaterialr\u00e4ttsliga best\u00e4mmelser. Anv\u00e4ndare ges aldrig vid n\u00e5got tillf\u00e4lle r\u00e4tt till att anv\u00e4nda webbsidans inneh\u00e5ll p\u00e5 annat s\u00e4tt \u00e4n i enlighet med Anv\u00e4ndarvillkoren.<br \/>3.3 Om inget annat anges, kr\u00e4ver reproduktion, publicering, bearbetning, \u00f6verf\u00f6ring, lagring eller annan anv\u00e4ndning av inneh\u00e5llet p\u00e5 webbsidan, skriftligt f\u00f6rhandsgodk\u00e4nnande fr\u00e5n Nordic Light Hotel eller Strawberry. Undantag g\u00f6rs f\u00f6r tillf\u00e4llig lagring p\u00e5 datorer eller utskrift f\u00f6r personligt bruk.<br \/>3.4 Anv\u00e4ndning av varum\u00e4rken och logotyper som finns p\u00e5 webbsidan, kr\u00e4ver Nordic Light Hotel eller Strawberry eller andra ber\u00f6rda r\u00e4ttighetsinnehavares skriftliga f\u00f6rhandsgodk\u00e4nnande.<\/p>\n<h3>4. Hyperl\u00e4nkar<\/h3>\n<p>4.1 V\u00e5r webbsida kan inneh\u00e5lla hyperl\u00e4nkar till webbsidor som \u00e4gs och tillhandah\u00e5lls av tredje person. D\u00e5 du anv\u00e4nder s\u00e5dana l\u00e4nkar inneb\u00e4r det att du l\u00e4mnar v\u00e5r webbsida.<br \/>4.2 Vi har inte n\u00e5gon som helst kontroll \u00f6ver eller p\u00e5verkan p\u00e5 utformningen av, eller inneh\u00e5llet p\u00e5 webbsidor som tillhandah\u00e5lles av tredje person.<br \/>4.3 Att vi erbjuder s\u00e5dana l\u00e4nkar inneb\u00e4r inte att vi st\u00e4ller oss bakom eller ansvarar f\u00f6r informationen, produkten eller tj\u00e4nsten som erbjuds via hyperl\u00e4nken.<br \/>4.4 Eftersom vi inte \u00e4r ansvariga f\u00f6r integritetshanteringen av dina personuppgifter p\u00e5 tredje persons webbsidor, uppmanar vi dig att l\u00e4sa igenom de villkor och f\u00f6ruts\u00e4ttningar som g\u00e4ller avseende din anv\u00e4ndning av s\u00e5dana webbsidor. Anv\u00e4ndning av sidor tillh\u00f6rande tredje person sker uteslutande p\u00e5 anv\u00e4ndarens risk.<\/p>\n<h3>5. Ansvarsbegr\u00e4nsning<\/h3>\n<p>5.1 Nordic Light Hotel l\u00e4mnar inga garantier avseende webbsidans funktion eller tillg\u00e4nglighet.<br \/>5.2 Nordic Light Hotel garanterar inte heller att den information som finns tillg\u00e4nglig p\u00e5 webbsidan \u00e4r korrekt eller fullst\u00e4ndig. Detta innefattar information om s\u00e5v\u00e4l produkter, tj\u00e4nster och erbjudanden samt annan information som anges p\u00e5 webbsidan.<br \/>5.3 Nordic Light Hotel \u00e4r inte ansvarig f\u00f6r direkta eller indirekta skador orsakade av webbplatsens utnyttjande, eller information p\u00e5 webbplatsen, i den utstr\u00e4ckning s\u00e5dant ansvar inte \u00e4r en f\u00f6ljd av ovillkorlig lagstiftning.<\/p>\n<h3>6. S\u00e4kerhet p\u00e5 webbsidan<\/h3>\n<p>6.1 Nordic Light Hotel samt v\u00e5ra samarbetsbolag kan komma att anv\u00e4nda den information du l\u00e4mnar i samband med transaktioner p\u00e5 webbsidan. S\u00e5dan information inkluderar kredit- och betalningsinformation samt leveransadresser och fakturor.<br \/>6.2 Nordic Light Hotel vidtar alla rimliga \u00e5tg\u00e4rder f\u00f6r att skydda den information du l\u00e4mnar inom detta omr\u00e5de i samband med transaktioner.<\/p>\n<h3>7. Kommersiell verksamhet<\/h3>\n<p>7.1 Kommersiell verksamhet i samband med vistelsen ska avtalas med hotellet.<\/p>\n<p>\u00a0<\/p>\n\n\n<div style=\"height:100px\" aria-hidden=\"true\" class=\"wp-block-spacer\"><\/div>\n","protected":false},"excerpt":{"rendered":"<p>H\u00e4r hittar du anv\u00e4ndarvillkoren f\u00f6r v\u00e5ra webbsidor. F\u00f6r fr\u00e5gor ber vi dig kontakta kundservice, antingen via email: info@nordiclighthotel.com eller p\u00e5 telefon +46 8 50 56 32 00. Dessutom finner du v\u00e5r Integritetspolicy h\u00e4r. 1. Webbsidan och dess villkor 1.1 Denne webbsida \u00e4gs och drivs av Nordic Light Hotel1.2 Dessa villkor (\u00abAnv\u00e4ndarvillkoren\u00bb) g\u00e4ller f\u00f6r din anv\u00e4ndning&hellip;<\/p>\n","protected":false},"author":33,"featured_media":0,"parent":0,"menu_order":0,"comment_status":"closed","ping_status":"closed","template":"","meta":{"_acf_changed":false,"footnotes":""},"class_list":["post-15299","page","type-page","status-publish","hentry"],"acf":[],"yoast_head":"<!-- This site is optimized with the Yoast SEO plugin v27.3 - https:\/\/yoast.com\/product\/yoast-seo-wordpress\/ -->\n<title>Anv\u00e4ndarvillkor \u2013 Nordic Light Hotel<\/title>\n<meta name=\"description\" content=\"L\u00e4s v\u00e5ra anv\u00e4ndarvillkor f\u00f6r Nordic Light Hotel. H\u00e4r hittar du villkoren f\u00f6r webbplatsen, r\u00e4ttigheter, ansvar och kontaktinformation.\" \/>\n<meta name=\"robots\" content=\"index, follow, max-snippet:-1, max-image-preview:large, max-video-preview:-1\" \/>\n<link rel=\"canonical\" href=\"https:\/\/nordiclighthotel.com\/sv\/anvandarvillkor\/\" \/>\n<meta property=\"og:locale\" content=\"sv_SE\" \/>\n<meta property=\"og:type\" content=\"article\" \/>\n<meta property=\"og:title\" content=\"Anv\u00e4ndarvillkor \u2013 Nordic Light Hotel\" \/>\n<meta property=\"og:description\" content=\"L\u00e4s v\u00e5ra anv\u00e4ndarvillkor f\u00f6r Nordic Light Hotel. H\u00e4r hittar du villkoren f\u00f6r webbplatsen, r\u00e4ttigheter, ansvar och kontaktinformation.\" \/>\n<meta property=\"og:url\" content=\"https:\/\/nordiclighthotel.com\/sv\/anvandarvillkor\/\" \/>\n<meta property=\"og:site_name\" content=\"Nordic Light Hotel\" \/>\n<meta property=\"article:modified_time\" content=\"2025-12-04T13:23:12+00:00\" \/>\n<meta name=\"twitter:card\" content=\"summary_large_image\" \/>\n<meta name=\"twitter:label1\" content=\"Ber\u00e4knad l\u00e4stid\" \/>\n\t<meta name=\"twitter:data1\" content=\"3 minuter\" \/>\n<script type=\"application\/ld+json\" class=\"yoast-schema-graph\">{\"@context\":\"https:\\\/\\\/schema.org\",\"@graph\":[{\"@type\":\"WebPage\",\"@id\":\"https:\\\/\\\/nordiclighthotel.com\\\/sv\\\/anvandarvillkor\\\/\",\"url\":\"https:\\\/\\\/nordiclighthotel.com\\\/sv\\\/anvandarvillkor\\\/\",\"name\":\"Anv\u00e4ndarvillkor \u2013 Nordic Light Hotel\",\"isPartOf\":{\"@id\":\"https:\\\/\\\/nordiclighthotel.com\\\/#website\"},\"datePublished\":\"2024-03-22T14:46:14+00:00\",\"dateModified\":\"2025-12-04T13:23:12+00:00\",\"description\":\"L\u00e4s v\u00e5ra anv\u00e4ndarvillkor f\u00f6r Nordic Light Hotel. H\u00e4r hittar du villkoren f\u00f6r webbplatsen, r\u00e4ttigheter, ansvar och kontaktinformation.\",\"breadcrumb\":{\"@id\":\"https:\\\/\\\/nordiclighthotel.com\\\/sv\\\/anvandarvillkor\\\/#breadcrumb\"},\"inLanguage\":\"sv-SE\",\"potentialAction\":[{\"@type\":\"ReadAction\",\"target\":[\"https:\\\/\\\/nordiclighthotel.com\\\/sv\\\/anvandarvillkor\\\/\"]}]},{\"@type\":\"BreadcrumbList\",\"@id\":\"https:\\\/\\\/nordiclighthotel.com\\\/sv\\\/anvandarvillkor\\\/#breadcrumb\",\"itemListElement\":[{\"@type\":\"ListItem\",\"position\":1,\"name\":\"Hem\",\"item\":\"https:\\\/\\\/nordiclighthotel.com\\\/sv\\\/\"},{\"@type\":\"ListItem\",\"position\":2,\"name\":\"Anv\u00e4ndarvillkor\"}]},{\"@type\":\"WebSite\",\"@id\":\"https:\\\/\\\/nordiclighthotel.com\\\/#website\",\"url\":\"https:\\\/\\\/nordiclighthotel.com\\\/\",\"name\":\"Nordic Light Hotel\",\"description\":\"Stockholm mest centrala hotell - inklusive frukost &amp; wifi | Nordic Light Hotel\",\"potentialAction\":[{\"@type\":\"SearchAction\",\"target\":{\"@type\":\"EntryPoint\",\"urlTemplate\":\"https:\\\/\\\/nordiclighthotel.com\\\/?s={search_term_string}\"},\"query-input\":{\"@type\":\"PropertyValueSpecification\",\"valueRequired\":true,\"valueName\":\"search_term_string\"}}],\"inLanguage\":\"sv-SE\"}]}<\/script>\n<!-- \/ Yoast SEO plugin. -->","yoast_head_json":{"title":"Anv\u00e4ndarvillkor \u2013 Nordic Light Hotel","description":"L\u00e4s v\u00e5ra anv\u00e4ndarvillkor f\u00f6r Nordic Light Hotel. H\u00e4r hittar du villkoren f\u00f6r webbplatsen, r\u00e4ttigheter, ansvar och kontaktinformation.","robots":{"index":"index","follow":"follow","max-snippet":"max-snippet:-1","max-image-preview":"max-image-preview:large","max-video-preview":"max-video-preview:-1"},"canonical":"https:\/\/nordiclighthotel.com\/sv\/anvandarvillkor\/","og_locale":"sv_SE","og_type":"article","og_title":"Anv\u00e4ndarvillkor \u2013 Nordic Light Hotel","og_description":"L\u00e4s v\u00e5ra anv\u00e4ndarvillkor f\u00f6r Nordic Light Hotel. H\u00e4r hittar du villkoren f\u00f6r webbplatsen, r\u00e4ttigheter, ansvar och kontaktinformation.","og_url":"https:\/\/nordiclighthotel.com\/sv\/anvandarvillkor\/","og_site_name":"Nordic Light Hotel","article_modified_time":"2025-12-04T13:23:12+00:00","twitter_card":"summary_large_image","twitter_misc":{"Ber\u00e4knad l\u00e4stid":"3 minuter"},"schema":{"@context":"https:\/\/schema.org","@graph":[{"@type":"WebPage","@id":"https:\/\/nordiclighthotel.com\/sv\/anvandarvillkor\/","url":"https:\/\/nordiclighthotel.com\/sv\/anvandarvillkor\/","name":"Anv\u00e4ndarvillkor \u2013 Nordic Light Hotel","isPartOf":{"@id":"https:\/\/nordiclighthotel.com\/#website"},"datePublished":"2024-03-22T14:46:14+00:00","dateModified":"2025-12-04T13:23:12+00:00","description":"L\u00e4s v\u00e5ra anv\u00e4ndarvillkor f\u00f6r Nordic Light Hotel. H\u00e4r hittar du villkoren f\u00f6r webbplatsen, r\u00e4ttigheter, ansvar och kontaktinformation.","breadcrumb":{"@id":"https:\/\/nordiclighthotel.com\/sv\/anvandarvillkor\/#breadcrumb"},"inLanguage":"sv-SE","potentialAction":[{"@type":"ReadAction","target":["https:\/\/nordiclighthotel.com\/sv\/anvandarvillkor\/"]}]},{"@type":"BreadcrumbList","@id":"https:\/\/nordiclighthotel.com\/sv\/anvandarvillkor\/#breadcrumb","itemListElement":[{"@type":"ListItem","position":1,"name":"Hem","item":"https:\/\/nordiclighthotel.com\/sv\/"},{"@type":"ListItem","position":2,"name":"Anv\u00e4ndarvillkor"}]},{"@type":"WebSite","@id":"https:\/\/nordiclighthotel.com\/#website","url":"https:\/\/nordiclighthotel.com\/","name":"Nordic Light Hotel","description":"Stockholm mest centrala hotell - inklusive frukost &amp; wifi | Nordic Light Hotel","potentialAction":[{"@type":"SearchAction","target":{"@type":"EntryPoint","urlTemplate":"https:\/\/nordiclighthotel.com\/?s={search_term_string}"},"query-input":{"@type":"PropertyValueSpecification","valueRequired":true,"valueName":"search_term_string"}}],"inLanguage":"sv-SE"}]}},"_links":{"self":[{"href":"https:\/\/nordiclighthotel.com\/sv\/wp-json\/wp\/v2\/pages\/15299","targetHints":{"allow":["GET"]}}],"collection":[{"href":"https:\/\/nordiclighthotel.com\/sv\/wp-json\/wp\/v2\/pages"}],"about":[{"href":"https:\/\/nordiclighthotel.com\/sv\/wp-json\/wp\/v2\/types\/page"}],"author":[{"embeddable":true,"href":"https:\/\/nordiclighthotel.com\/sv\/wp-json\/wp\/v2\/users\/33"}],"replies":[{"embeddable":true,"href":"https:\/\/nordiclighthotel.com\/sv\/wp-json\/wp\/v2\/comments?post=15299"}],"version-history":[{"count":12,"href":"https:\/\/nordiclighthotel.com\/sv\/wp-json\/wp\/v2\/pages\/15299\/revisions"}],"predecessor-version":[{"id":19847,"href":"https:\/\/nordiclighthotel.com\/sv\/wp-json\/wp\/v2\/pages\/15299\/revisions\/19847"}],"wp:attachment":[{"href":"https:\/\/nordiclighthotel.com\/sv\/wp-json\/wp\/v2\/media?parent=15299"}],"curies":[{"name":"wp","href":"https:\/\/api.w.org\/{rel}","templated":true}]}}