{"id":14,"date":"2018-05-29T15:44:40","date_gmt":"2018-05-29T13:44:40","guid":{"rendered":"https:\/\/nordiclighthotel.se\/?page_id=14"},"modified":"2026-03-05T10:50:56","modified_gmt":"2026-03-05T09:50:56","slug":"hotellrum-stockholm","status":"publish","type":"page","link":"https:\/\/nordiclighthotel.com\/sv\/hotellrum-stockholm\/","title":{"rendered":"Rum"},"content":{"rendered":"\n<h1 class=\"wp-block-heading\">Upplev nordisk g\u00e4stfrihet<\/h1>\n\n\n\n<p>Upplev modern skandinavisk design p\u00e5 Nordic Light Hotel \u2013 perfekt bel\u00e4get mitt i centrala Stockholm. Bara n\u00e5gra steg fr\u00e5n Stockholms centralstation och Arlanda Express har du stadens mest ikoniska sev\u00e4rdheter, shoppinggator och kulturella upplevelser inom n\u00e4ra r\u00e4ckh\u00e5ll. Gamla stan, Sergels torg och Drottninggatan ligger alla bara en kort promenad bort.<\/p>\n\n\n\n<p>Hotellet fick sin nuvarande form 2017, n\u00e4r ett kollektiv av vision\u00e4ra kreat\u00f6rer \u2013 d\u00e4ribland designern John Tong, arkitekten Todd Saunders och flera ledande nordiska formgivare \u2013 satte sin pr\u00e4gel p\u00e5 varje detalj. Resultatet \u00e4r en plats d\u00e4r nordisk kreativitet m\u00f6ter komfort. I rummen v\u00e4ntar bekv\u00e4ma s\u00e4ngar fr\u00e5n Hilding, experter p\u00e5 god s\u00f6mn, tillsammans med kostnadsfritt Wi-Fi, satellit-TV och moderna badrum.<\/p>\n\n\n\n<p>Ta en paus i v\u00e5r restaurang Lykke och njut av nordiskt inspirerad mat, koppla av i baren eller p\u00e5 terrassen, eller h\u00e5ll ig\u00e5ng i v\u00e5rt fullt utrustade gym. Med stilren design, genomt\u00e4nkta detaljer och ett l\u00e4ge som \u00e4r sv\u00e5rt att sl\u00e5 \u00e4r Nordic Light Hotel en perfekt utg\u00e5ngspunkt, oavsett om du reser i jobbet eller f\u00f6r att uppleva Stockholm.<\/p>\n\n\n\n<p><\/p>\n","protected":false},"excerpt":{"rendered":"<p>Upplev nordisk g\u00e4stfrihet Upplev modern skandinavisk design p\u00e5 Nordic Light Hotel \u2013 perfekt bel\u00e4get mitt i centrala Stockholm. Bara n\u00e5gra steg fr\u00e5n Stockholms centralstation och Arlanda Express har du stadens mest ikoniska sev\u00e4rdheter, shoppinggator och kulturella upplevelser inom n\u00e4ra r\u00e4ckh\u00e5ll. Gamla stan, Sergels torg och Drottninggatan ligger alla bara en kort promenad bort. Hotellet fick&hellip;<\/p>\n","protected":false},"author":3,"featured_media":0,"parent":0,"menu_order":0,"comment_status":"closed","ping_status":"closed","template":"","meta":{"_acf_changed":false,"footnotes":""},"class_list":["post-14","page","type-page","status-publish","hentry"],"acf":[],"yoast_head":"<!-- This site is optimized with the Yoast SEO plugin v27.3 - https:\/\/yoast.com\/product\/yoast-seo-wordpress\/ -->\n<title>Boka hotellrum i Stockholm | Nordisk design | Nordic Light<\/title>\n<meta name=\"description\" content=\"Se v\u00e5ra hotellrum! Nordic Light \u00e4r ett modernt hotell med nordisk design bel\u00e4get vid centralstationen i Stockholm.\" \/>\n<meta name=\"robots\" content=\"index, follow, max-snippet:-1, max-image-preview:large, max-video-preview:-1\" \/>\n<link rel=\"canonical\" href=\"https:\/\/nordiclighthotel.com\/sv\/hotellrum-stockholm\/\" \/>\n<meta property=\"og:locale\" content=\"sv_SE\" \/>\n<meta property=\"og:type\" content=\"article\" \/>\n<meta property=\"og:title\" content=\"Boka hotellrum i Stockholm | Nordisk design | Nordic Light\" \/>\n<meta property=\"og:description\" content=\"Se v\u00e5ra hotellrum! Nordic Light \u00e4r ett modernt hotell med nordisk design bel\u00e4get vid centralstationen i Stockholm.\" \/>\n<meta property=\"og:url\" content=\"https:\/\/nordiclighthotel.com\/sv\/hotellrum-stockholm\/\" \/>\n<meta property=\"og:site_name\" content=\"Nordic Light Hotel\" \/>\n<meta property=\"article:modified_time\" content=\"2026-03-05T09:50:56+00:00\" \/>\n<meta name=\"twitter:card\" content=\"summary_large_image\" \/>\n<meta name=\"twitter:label1\" content=\"Ber\u00e4knad l\u00e4stid\" \/>\n\t<meta name=\"twitter:data1\" content=\"1 minut\" \/>\n<script type=\"application\/ld+json\" class=\"yoast-schema-graph\">{\"@context\":\"https:\\\/\\\/schema.org\",\"@graph\":[{\"@type\":\"WebPage\",\"@id\":\"https:\\\/\\\/nordiclighthotel.com\\\/sv\\\/hotellrum-stockholm\\\/\",\"url\":\"https:\\\/\\\/nordiclighthotel.com\\\/sv\\\/hotellrum-stockholm\\\/\",\"name\":\"Boka hotellrum i Stockholm | Nordisk design | Nordic Light\",\"isPartOf\":{\"@id\":\"https:\\\/\\\/nordiclighthotel.com\\\/#website\"},\"datePublished\":\"2018-05-29T13:44:40+00:00\",\"dateModified\":\"2026-03-05T09:50:56+00:00\",\"description\":\"Se v\u00e5ra hotellrum! Nordic Light \u00e4r ett modernt hotell med nordisk design bel\u00e4get vid centralstationen i Stockholm.\",\"breadcrumb\":{\"@id\":\"https:\\\/\\\/nordiclighthotel.com\\\/sv\\\/hotellrum-stockholm\\\/#breadcrumb\"},\"inLanguage\":\"sv-SE\",\"potentialAction\":[{\"@type\":\"ReadAction\",\"target\":[\"https:\\\/\\\/nordiclighthotel.com\\\/sv\\\/hotellrum-stockholm\\\/\"]}]},{\"@type\":\"BreadcrumbList\",\"@id\":\"https:\\\/\\\/nordiclighthotel.com\\\/sv\\\/hotellrum-stockholm\\\/#breadcrumb\",\"itemListElement\":[{\"@type\":\"ListItem\",\"position\":1,\"name\":\"Hem\",\"item\":\"https:\\\/\\\/nordiclighthotel.com\\\/sv\\\/\"},{\"@type\":\"ListItem\",\"position\":2,\"name\":\"Rum\"}]},{\"@type\":\"WebSite\",\"@id\":\"https:\\\/\\\/nordiclighthotel.com\\\/#website\",\"url\":\"https:\\\/\\\/nordiclighthotel.com\\\/\",\"name\":\"Nordic Light Hotel\",\"description\":\"Stockholm mest centrala hotell - inklusive frukost &amp; wifi | Nordic Light Hotel\",\"potentialAction\":[{\"@type\":\"SearchAction\",\"target\":{\"@type\":\"EntryPoint\",\"urlTemplate\":\"https:\\\/\\\/nordiclighthotel.com\\\/?s={search_term_string}\"},\"query-input\":{\"@type\":\"PropertyValueSpecification\",\"valueRequired\":true,\"valueName\":\"search_term_string\"}}],\"inLanguage\":\"sv-SE\"}]}<\/script>\n<!-- \/ Yoast SEO plugin. -->","yoast_head_json":{"title":"Boka hotellrum i Stockholm | Nordisk design | Nordic Light","description":"Se v\u00e5ra hotellrum! Nordic Light \u00e4r ett modernt hotell med nordisk design bel\u00e4get vid centralstationen i Stockholm.","robots":{"index":"index","follow":"follow","max-snippet":"max-snippet:-1","max-image-preview":"max-image-preview:large","max-video-preview":"max-video-preview:-1"},"canonical":"https:\/\/nordiclighthotel.com\/sv\/hotellrum-stockholm\/","og_locale":"sv_SE","og_type":"article","og_title":"Boka hotellrum i Stockholm | Nordisk design | Nordic Light","og_description":"Se v\u00e5ra hotellrum! Nordic Light \u00e4r ett modernt hotell med nordisk design bel\u00e4get vid centralstationen i Stockholm.","og_url":"https:\/\/nordiclighthotel.com\/sv\/hotellrum-stockholm\/","og_site_name":"Nordic Light Hotel","article_modified_time":"2026-03-05T09:50:56+00:00","twitter_card":"summary_large_image","twitter_misc":{"Ber\u00e4knad l\u00e4stid":"1 minut"},"schema":{"@context":"https:\/\/schema.org","@graph":[{"@type":"WebPage","@id":"https:\/\/nordiclighthotel.com\/sv\/hotellrum-stockholm\/","url":"https:\/\/nordiclighthotel.com\/sv\/hotellrum-stockholm\/","name":"Boka hotellrum i Stockholm | Nordisk design | Nordic Light","isPartOf":{"@id":"https:\/\/nordiclighthotel.com\/#website"},"datePublished":"2018-05-29T13:44:40+00:00","dateModified":"2026-03-05T09:50:56+00:00","description":"Se v\u00e5ra hotellrum! Nordic Light \u00e4r ett modernt hotell med nordisk design bel\u00e4get vid centralstationen i Stockholm.","breadcrumb":{"@id":"https:\/\/nordiclighthotel.com\/sv\/hotellrum-stockholm\/#breadcrumb"},"inLanguage":"sv-SE","potentialAction":[{"@type":"ReadAction","target":["https:\/\/nordiclighthotel.com\/sv\/hotellrum-stockholm\/"]}]},{"@type":"BreadcrumbList","@id":"https:\/\/nordiclighthotel.com\/sv\/hotellrum-stockholm\/#breadcrumb","itemListElement":[{"@type":"ListItem","position":1,"name":"Hem","item":"https:\/\/nordiclighthotel.com\/sv\/"},{"@type":"ListItem","position":2,"name":"Rum"}]},{"@type":"WebSite","@id":"https:\/\/nordiclighthotel.com\/#website","url":"https:\/\/nordiclighthotel.com\/","name":"Nordic Light Hotel","description":"Stockholm mest centrala hotell - inklusive frukost &amp; wifi | Nordic Light Hotel","potentialAction":[{"@type":"SearchAction","target":{"@type":"EntryPoint","urlTemplate":"https:\/\/nordiclighthotel.com\/?s={search_term_string}"},"query-input":{"@type":"PropertyValueSpecification","valueRequired":true,"valueName":"search_term_string"}}],"inLanguage":"sv-SE"}]}},"_links":{"self":[{"href":"https:\/\/nordiclighthotel.com\/sv\/wp-json\/wp\/v2\/pages\/14","targetHints":{"allow":["GET"]}}],"collection":[{"href":"https:\/\/nordiclighthotel.com\/sv\/wp-json\/wp\/v2\/pages"}],"about":[{"href":"https:\/\/nordiclighthotel.com\/sv\/wp-json\/wp\/v2\/types\/page"}],"author":[{"embeddable":true,"href":"https:\/\/nordiclighthotel.com\/sv\/wp-json\/wp\/v2\/users\/3"}],"replies":[{"embeddable":true,"href":"https:\/\/nordiclighthotel.com\/sv\/wp-json\/wp\/v2\/comments?post=14"}],"version-history":[{"count":72,"href":"https:\/\/nordiclighthotel.com\/sv\/wp-json\/wp\/v2\/pages\/14\/revisions"}],"predecessor-version":[{"id":20657,"href":"https:\/\/nordiclighthotel.com\/sv\/wp-json\/wp\/v2\/pages\/14\/revisions\/20657"}],"wp:attachment":[{"href":"https:\/\/nordiclighthotel.com\/sv\/wp-json\/wp\/v2\/media?parent=14"}],"curies":[{"name":"wp","href":"https:\/\/api.w.org\/{rel}","templated":true}]}}