{"id":1302,"date":"2018-09-12T08:08:42","date_gmt":"2018-09-12T06:08:42","guid":{"rendered":"https:\/\/nordiclighthotel.se\/?page_id=1302"},"modified":"2025-04-10T09:29:05","modified_gmt":"2025-04-10T07:29:05","slug":"policy","status":"publish","type":"page","link":"https:\/\/nordiclighthotel.com\/sv\/policy\/","title":{"rendered":"Integritetspolicy"},"content":{"rendered":"<p>P\u00e5 Nordic Light Hotel behandlar vi dina personuppgifter i olika sammanhang, t.ex. n\u00e4r du best\u00e4ller tj\u00e4nster hos oss, \u00f6vernattar p\u00e5 v\u00e5ra hotell, utnyttjar tj\u00e4nster som vi tillhandah\u00e5ller och i andra sammanhang. I v\u00e5r integritetspolicy hittar du information om v\u00e5r behandling av personuppgifter. Nedan finner du ocks\u00e5 kontaktuppgifter om du har fr\u00e5gor eller om du vill beg\u00e4ra tillg\u00e5ng till information.<\/p>\n<p>Vi behandlar dina personuppgifter i enlighet med den vid var tid g\u00e4llande svenska dataskyddsf\u00f6rordningen, h\u00e4rnedan GDPR.<\/p>\n<h3><\/h3>\n<h3>1. Personuppgiftsansvarig f\u00f6r dina personuppgifter<\/h3>\n<p>V\u00e5rt f\u00f6retag Nordic Hotels i Stockholm AB, org.nr 556571-9829, Box 884, tfn: +46 8 50 56 32 00, email: <a href=\"mailto:info@nordiclighthotel.com\">info@nordiclighthotel.com<\/a>, \u00e4r ansvarig f\u00f6r behandlingen av personuppgifter i v\u00e5ra system f\u00f6r bokning, fakturering och hotelldrift. Vi \u00e4r vidare behandlingsansvariga f\u00f6r v\u00e5r marknadsf\u00f6ring och utskick av e-post till v\u00e5ra kunder och andra kontakter.<\/p>\n<h3>2. Behandling av personuppgifter i samband med bokning av \u00f6vernattning och vistelse<\/h3>\n<p>I samband med de bokningar som du g\u00f6r sj\u00e4lv eller som andra g\u00f6r p\u00e5 uppdrag av dig, behandlar vi personuppgifter som vi beh\u00f6ver f\u00f6r att kunna uppfylla avtalet om bokning och k\u00f6p av tj\u00e4nster. Detta avser uppgifter som du l\u00e4mnat till oss direkt eller som du l\u00e4mnat till oss via en resebyr\u00e5 eller en agent. Vi behandlar t.ex. upplysningar avseende din identitet, dina kontaktuppgifter och din betalningsinformation. I vissa fall sparar vi ditt passnummer. Dessutom behandlar vi andra uppgifter som du kan ha l\u00e4mnat och som har betydelse f\u00f6r din vistelse hos oss. Detta kan avse information om allergier eller speciella \u00f6nskem\u00e5l avseende din vistelse. Vi registrerar alla k\u00f6p och best\u00e4llningar du g\u00f6r hos oss, t.ex. spa, restaurang, room service, f\u00f6r att vi ska kunna leverera dessa tj\u00e4nster och f\u00f6r att du ska kunna betala f\u00f6r dem.<\/p>\n<p>Vi behandlar dessa uppgifter s\u00e5 l\u00e4nge som det \u00e4r n\u00f6dv\u00e4ndigt f\u00f6r att kunna uppfylla bokningsavtalet med dig, och dessutom s\u00e5 l\u00e4nge som g\u00e4llande lagar och f\u00f6rordningar kr\u00e4ver att vi g\u00f6r s\u00e5.<\/p>\n<p>Vi anv\u00e4nder nyckelkort f\u00f6r att logga in p\u00e5 v\u00e5ra hotell. Det g\u00f6r vi f\u00f6r att motverka och kunna l\u00f6sa brottslighet samt med h\u00e4nsyn till s\u00e4kerhet, inklusive brands\u00e4kerhet. Vi sparar inloggningarna i 21 dagar.<\/p>\n<h3>3. Behandling av personuppgifter f\u00f6r marknadsf\u00f6rings\u00e4ndam\u00e5l<\/h3>\n<p>N\u00e4r du prenumererar p\u00e5 v\u00e5rt nyhetsbrev sparar vi och anv\u00e4nder din e-postadress f\u00f6r att skicka nyheter och erbjudanden fr\u00e5n oss.<br \/>\nVi anv\u00e4nder \u00e4ven din e-postadress eller ditt telefonnummer f\u00f6r att skicka nyheter och erbjudanden i enlighet med regler g\u00e4llande befintliga kundrelationer. V\u00e5r basis f\u00f6r detta \u00e4r marknadsf\u00f6ringslagen.<br \/>\nVi kan komma att kontakta dig via sociala medier efter ditt samtycker eller i enlighet med befintliga kundrelationer. F\u00f6r att anv\u00e4nda sociala medier som kommunikationskanal m\u00e5ste vi l\u00e4mna ut din e-postadress eller ditt telefonnummer till det sociala mediet. V\u00e5r basis f\u00f6r detta \u00e4r samtycke eller legitima intressen.<\/p>\n<p>Du kan n\u00e4rsomhelst dra tillbaka samtycke som du tidigare l\u00e4mnat till oss. Du kan ocks\u00e5 avs\u00e4ga dig att erh\u00e5lla marknadsf\u00f6ring enligt befintliga kundrelationer. Detta g\u00f6r du genom att skicka e-post till <a href=\"mailto:info@nordiclighthotel.com\">info@nordiclighthotel.com<\/a><\/p>\n<h3>4. Behandling av personuppgifter f\u00f6r utveckling, fels\u00f6kning och s\u00e4kerhet<\/h3>\n<p>Vi behandlar uppgifter, inklusive personuppgifter f\u00f6r att g\u00f6ra fels\u00f6kningar och korrigera fel, f\u00f6r att f\u00f6rb\u00e4ttra v\u00e5ra tj\u00e4nster och tekniken vi anv\u00e4nder samt f\u00f6r att analysera anv\u00e4ndare och anv\u00e4ndarbeteenden. Dessutom behandlar vi personuppgifter f\u00f6r att verifiera din identitet, inklusive verifiering av identitet vid anv\u00e4ndning av v\u00e5ra digitala tj\u00e4nster.<\/p>\n<p>Vi anonymiserar uppgifter och tar fram statistik s\u00e5 l\u00e5ngt de g\u00e5r, men m\u00e5ste ocks\u00e5 behandla personuppgifter f\u00f6r utvecklings-, fels\u00f6knings-, statistik- eller s\u00e4kerhets\u00e4ndam\u00e5l.<\/p>\n<h3>5. Behandling av personuppgifter f\u00f6r andra \u00e4ndam\u00e5l<\/h3>\n<p>Om du kontaktar v\u00e5r kundtj\u00e4nst eller p\u00e5 annat s\u00e4tt v\u00e4nder dig till oss med f\u00f6rfr\u00e5gningar, behandlar vi personuppgifter du l\u00e4mnar i den utstr\u00e4ckning det beh\u00f6vs f\u00f6r att kunna besvara och logga din f\u00f6rfr\u00e5gan. Basen f\u00f6r detta \u00e4r legitima intressen, eller att kunna uppfylla avtal med dig, eller att besvara dina f\u00f6rfr\u00e5gningar.<br \/>\nF\u00f6rutom behandling som beskrivs i v\u00e5r integritetspolicy eller baserat p\u00e5 ditt samtycke, kan vi i vissa fall tvingas att behandla personuppgifter n\u00e4r g\u00e4llande f\u00f6rordningar, inklusive dataskyddsf\u00f6rordningen och GDPR, giltig myndighetsorder eller domstol \u00e5l\u00e4gger oss eller till\u00e5ter oss detta.<\/p>\n<h3>6. Utl\u00e4mning av personuppgifter och lagstadgad behandling<\/h3>\n<p>Vi l\u00e4mnar inte ut dina personuppgifter till tredje part utan ditt samtycke, eller utan att g\u00e4llande lagar, inklusive dataskyddsf\u00f6rordningen och GDPR, giltig myndighetsorder eller domstol till\u00e5ter eller \u00e5l\u00e4gger oss detta. F\u00f6r att undvika missf\u00f6rst\u00e5nd vill vi f\u00f6rtydliga att v\u00e5r databearbetning f\u00f6r behandling av uppgifter f\u00f6r v\u00e5ra egna \u00e4ndam\u00e5l, inte anses som utl\u00e4mning.<\/p>\n<h3>7. Dina r\u00e4ttighete<strong>r<\/strong><\/h3>\n<p>Som fysisk person har du ett antal r\u00e4ttigheter enligt dataskyddsf\u00f6rordningen.<br \/>\nDu har r\u00e4tt att beg\u00e4ra information, r\u00e4ttelse och radering av personuppgifter vi behandlar avseende dig. Du har vidare r\u00e4tt att beg\u00e4ra begr\u00e4nsning av behandling, r\u00e4tt att g\u00f6ra inv\u00e4ndningar mot behandlingen och r\u00e4tt till dataportabilitet. F\u00f6r att till\u00e4mpa dina r\u00e4ttigheter kan du g\u00e5 till f\u00f6ljande sida <a href=\"https:\/\/www.nordicchoicehotels.se\/generelle-betingelser\/allmanna-villkor\/begaran-om-information\/\">https:\/\/www.nordicchoicehotels.se\/generelle-betingelser\/allmanna-villkor\/begaran-om-information\/<\/a>. Vi besvarar din beg\u00e4ran s\u00e5 fort som m\u00f6jligt, och senast inom 30 dagar. Vi kommer att be dig bekr\u00e4fta din identitet eller be dig l\u00e4mna ytterligare information innan vi l\u00e5ter dig ut\u00f6va dina r\u00e4ttigheter gentemot oss. Det g\u00f6r vi f\u00f6r att f\u00f6rs\u00e4kra oss om att vi endast l\u00e4mnar ut dina personuppgifter till dig \u2013 och inte till n\u00e5gon som utger sig f\u00f6r att vara du.<\/p>\n<h3>8. Personuppgiftsbitr\u00e4de<\/h3>\n<p>Vi \u00e4r en del av Strawberry. Strawberry har sitt eget personuppgiftsbitr\u00e4de. Personuppgiftsbitr\u00e4det \u00e4r ombud f\u00f6r alla hotell som \u00e4r knutna till Strawberry, inklusive oss sj\u00e4lva. Personuppgiftsbitr\u00e4det \u00e4r v\u00e5r kontaktperson f\u00f6r Datatilsynet (Norska Datainspektionen).<br \/>\nBitr\u00e4det ger samtliga hotell inom Strawberry, v\u00e5ra uppgiftsbehandlare samt v\u00e5ra anst\u00e4llda r\u00e5d och v\u00e4gledning om behandling av personuppgifter och om best\u00e4mmelserna f\u00f6r detta. Bitr\u00e4det arbetar f\u00f6r att s\u00e4kerst\u00e4lla att vi uppfyller b\u00e5de best\u00e4mmelserna avseende personuppgifter och v\u00e5ra egna interna riktlinjer. V\u00e5rt personuppgiftsbitr\u00e4de kan ocks\u00e5 hj\u00e4lpa dig att hantera dina r\u00e4ttigheter gentemot oss, eller hj\u00e4lpa dig att f\u00e5 svar p\u00e5 fr\u00e5gor om dina personuppgifter hos oss. Du kan kontakta v\u00e5rt personuppgiftsbitr\u00e4de p\u00e5 <a href=\"mailto:DPO@choice.no\">DPO@choice.no<\/a>.<br \/>\n<span style=\"font-size: 1em;\">Om du anser att v\u00e5r behandling av dina personuppgifter inte st\u00e4mmer \u00f6verens med v\u00e5r beskrivning h\u00e4ri, eller om vi p\u00e5 annat s\u00e4tt bryter mot dataskyddsf\u00f6rordningen, kan du \u00e4ven framf\u00f6ra din klagan till Datatilsynet i Norge, eller till tillsyningsmyndigheten i det land d\u00e4r du \u00f6vernattar p\u00e5 ett av v\u00e5ra hotell. Information om hur man kontaktar Datatilsynet finns p\u00e5 Datatilsynets webbsida <a href=\"https:\/\/www.datatilsynet.no\">www.datatilsynet.no<\/a>.<\/span><\/p>\n<h3>9. Cookies<\/h3>\n<p>Vi anv\u00e4nder cookies for att f\u00f6rb\u00e4ttra anv\u00e4ndarupplevelsen p\u00e5 v\u00e5ra webbsidor.<br \/>\nEn cookie \u00e4r en liten textfil som sparas p\u00e5 din enhet (t.ex. din smartphone, dator, surfplatta). Cookies hj\u00e4lper till att identifiera vilka sidor som bes\u00f6ks p\u00e5 v\u00e5r webbplats. Den information som sparas med hj\u00e4lp av cookies kan t.ex. vara hur du anv\u00e4nder webbplatsen, vilken webbl\u00e4sare du anv\u00e4nder och vilka webbsidor du har bes\u00f6kt. En permanent cookie ligger kvar p\u00e5 din enhet under en f\u00f6rutbest\u00e4md tid. En sessioncookie sparas tillf\u00e4lligt i din enhets minne medan du \u00e4r inne p\u00e5 v\u00e5ra hemsidor. Sessioncookies raderas n\u00e4r webbl\u00e4saren st\u00e4ngs ner. Vi anv\u00e4nder b\u00e5de permanenta cookies och sessioncookies. Strawberry kan ocks\u00e5 komma att anv\u00e4nda en tredjeparts cookies.<br \/>\nOm du inte vill att v\u00e5ra webbsidor sparar cookies p\u00e5 din enhet, kan du inaktivera cookies i din webbl\u00e4sare. Om du inaktiverar cookies kommer funktionaliteten p\u00e5 v\u00e5ra webbsidor att minska.<\/p>\n<h3>10. AI Chatbot<\/h3>\n<p class=\"\" data-start=\"260\" data-end=\"644\"><strong data-start=\"260\" data-end=\"644\">Nordic Light Hotel anv\u00e4nder en AI-chattbot f\u00f6r att ge dig snabb och enkel tillg\u00e5ng till information om v\u00e5rt hotell. Chattboten samlar in information om dina interaktioner med den, inklusive dina fr\u00e5gor och svar. Denna information anv\u00e4nds f\u00f6r att f\u00f6rb\u00e4ttra chattbotens funktion och f\u00f6r att ge dig en mer personlig upplevelse. Du kan n\u00e4r som helst v\u00e4lja att inte anv\u00e4nda chattboten.<\/strong><\/p>\n<h3>11. Personanpassad vistelse hos oss<\/h3>\n<p>P\u00e5 Nordic Light Hotel vill vi erbjuda v\u00e5ra kunder den absolut b\u00e4sta hotellupplevelsen som passar den enskilde g\u00e4stens preferenser och k\u00f6phistorik.<\/p>\n<p>Vi vill, p\u00e5 basis av ber\u00e4ttigade intressen anv\u00e4nda uppgifter vi mottagit fr\u00e5n dig avseende dina \u00f6nskem\u00e5l om rum (t.ex. \u00abf\u00f6nster mot havet\u00bb \u00ab\u00f6nskar tyst rum\u00bb) och uppgifter om dina k\u00f6p hos oss (\u00absparkling water\u00bb ist\u00e4llet f\u00f6r \u00abstill water\u00bb) f\u00f6r att kunna erbjuda dig en kundanpassad vistelse.<\/p>\n<p>Denna information samlas in baserat p\u00e5 de k\u00f6p du g\u00f6r hos oss och de \u00f6nskem\u00e5l du framf\u00f6rt till v\u00e5ra anst\u00e4llda. Dessutom samlar vi vid vissa tillf\u00e4llen in information om dig fr\u00e5n \u00f6ppna k\u00e4llor, s\u00e5som internet och sociala medier, begr\u00e4nsat till information som \u00e4r relevant f\u00f6r att kunna erbjuda dig en personlig vistelse hos oss. Grunden f\u00f6r detta \u00e4r ber\u00e4ttigade intressen.<br \/>\nInformationen l\u00e4mnas inte ut till n\u00e5gon annan. Du kan mots\u00e4tta dig v\u00e5r anv\u00e4ndning av dina uppgifter f\u00f6r personlig anpassning av din vistelse. Detta kan g\u00f6ras genom att skicka ett e-postmeddelande till <a href=\"mailto:info@nordiclighthotel.com\">info@nordiclighthotel.com<\/a><\/p>\n<h3>12. \u00c4ndringar i integritetspolicyn eller behandlingen<\/h3>\n<p>Vi jobbar kontinuerligt med utveckling och f\u00f6rb\u00e4ttring av v\u00e5ra tj\u00e4nster gentemot v\u00e5ra kunder. Detta kan komma att \u00e4ndra tillv\u00e4gag\u00e5ngss\u00e4ttet eller omfattningen av v\u00e5r behandling av personuppgifter. Informationen vi l\u00e4mnar i denna integritetspolicy kommer d\u00e4rf\u00f6r att \u00e4ndras och uppdateras fr\u00e5n tid till annan. Vi kommer ocks\u00e5 att \u00e4ndra integritetspolicyn i enlighet med nya regler eller om myndighetspraxis kr\u00e4ver s\u00e5.<\/p>\n","protected":false},"excerpt":{"rendered":"<p>P\u00e5 Nordic Light Hotel behandlar vi dina personuppgifter i olika sammanhang, t.ex. n\u00e4r du best\u00e4ller tj\u00e4nster hos oss, \u00f6vernattar p\u00e5 v\u00e5ra hotell, utnyttjar tj\u00e4nster som vi tillhandah\u00e5ller och i andra sammanhang. I v\u00e5r integritetspolicy hittar du information om v\u00e5r behandling av personuppgifter. Nedan finner du ocks\u00e5 kontaktuppgifter om du har fr\u00e5gor eller om du vill&hellip;<\/p>\n","protected":false},"author":3,"featured_media":0,"parent":0,"menu_order":0,"comment_status":"closed","ping_status":"closed","template":"","meta":{"_acf_changed":false,"footnotes":""},"class_list":["post-1302","page","type-page","status-publish","hentry"],"acf":[],"yoast_head":"<!-- This site is optimized with the Yoast SEO plugin v27.3 - https:\/\/yoast.com\/product\/yoast-seo-wordpress\/ -->\n<title>Integritetspolicy - Nordic Light Hotel<\/title>\n<meta name=\"description\" content=\"Integritetspolicy f\u00f6r Nordic Light Hotel. L\u00e4s om hantering av personuppgifter och anv\u00e4ndarvillkor f\u00f6r Nordic Light Hotel webbsidor.\" \/>\n<meta name=\"robots\" content=\"index, follow, max-snippet:-1, max-image-preview:large, max-video-preview:-1\" \/>\n<link rel=\"canonical\" href=\"https:\/\/nordiclighthotel.com\/sv\/policy\/\" \/>\n<meta property=\"og:locale\" content=\"sv_SE\" \/>\n<meta property=\"og:type\" content=\"article\" \/>\n<meta property=\"og:title\" content=\"Integritetspolicy - Nordic Light Hotel\" \/>\n<meta property=\"og:description\" content=\"Integritetspolicy f\u00f6r Nordic Light Hotel. L\u00e4s om hantering av personuppgifter och anv\u00e4ndarvillkor f\u00f6r Nordic Light Hotel webbsidor.\" \/>\n<meta property=\"og:url\" content=\"https:\/\/nordiclighthotel.com\/sv\/policy\/\" \/>\n<meta property=\"og:site_name\" content=\"Nordic Light Hotel\" \/>\n<meta property=\"article:modified_time\" content=\"2025-04-10T07:29:05+00:00\" \/>\n<meta name=\"twitter:card\" content=\"summary_large_image\" \/>\n<meta name=\"twitter:label1\" content=\"Ber\u00e4knad l\u00e4stid\" \/>\n\t<meta name=\"twitter:data1\" content=\"7 minuter\" \/>\n<script type=\"application\/ld+json\" class=\"yoast-schema-graph\">{\"@context\":\"https:\\\/\\\/schema.org\",\"@graph\":[{\"@type\":\"WebPage\",\"@id\":\"https:\\\/\\\/nordiclighthotel.com\\\/sv\\\/policy\\\/\",\"url\":\"https:\\\/\\\/nordiclighthotel.com\\\/sv\\\/policy\\\/\",\"name\":\"Integritetspolicy - Nordic Light Hotel\",\"isPartOf\":{\"@id\":\"https:\\\/\\\/nordiclighthotel.com\\\/#website\"},\"datePublished\":\"2018-09-12T06:08:42+00:00\",\"dateModified\":\"2025-04-10T07:29:05+00:00\",\"description\":\"Integritetspolicy f\u00f6r Nordic Light Hotel. L\u00e4s om hantering av personuppgifter och anv\u00e4ndarvillkor f\u00f6r Nordic Light Hotel webbsidor.\",\"breadcrumb\":{\"@id\":\"https:\\\/\\\/nordiclighthotel.com\\\/sv\\\/policy\\\/#breadcrumb\"},\"inLanguage\":\"sv-SE\",\"potentialAction\":[{\"@type\":\"ReadAction\",\"target\":[\"https:\\\/\\\/nordiclighthotel.com\\\/sv\\\/policy\\\/\"]}]},{\"@type\":\"BreadcrumbList\",\"@id\":\"https:\\\/\\\/nordiclighthotel.com\\\/sv\\\/policy\\\/#breadcrumb\",\"itemListElement\":[{\"@type\":\"ListItem\",\"position\":1,\"name\":\"Hem\",\"item\":\"https:\\\/\\\/nordiclighthotel.com\\\/sv\\\/\"},{\"@type\":\"ListItem\",\"position\":2,\"name\":\"Integritetspolicy\"}]},{\"@type\":\"WebSite\",\"@id\":\"https:\\\/\\\/nordiclighthotel.com\\\/#website\",\"url\":\"https:\\\/\\\/nordiclighthotel.com\\\/\",\"name\":\"Nordic Light Hotel\",\"description\":\"Stockholm mest centrala hotell - inklusive frukost &amp; wifi | Nordic Light Hotel\",\"potentialAction\":[{\"@type\":\"SearchAction\",\"target\":{\"@type\":\"EntryPoint\",\"urlTemplate\":\"https:\\\/\\\/nordiclighthotel.com\\\/?s={search_term_string}\"},\"query-input\":{\"@type\":\"PropertyValueSpecification\",\"valueRequired\":true,\"valueName\":\"search_term_string\"}}],\"inLanguage\":\"sv-SE\"}]}<\/script>\n<!-- \/ Yoast SEO plugin. -->","yoast_head_json":{"title":"Integritetspolicy - Nordic Light Hotel","description":"Integritetspolicy f\u00f6r Nordic Light Hotel. L\u00e4s om hantering av personuppgifter och anv\u00e4ndarvillkor f\u00f6r Nordic Light Hotel webbsidor.","robots":{"index":"index","follow":"follow","max-snippet":"max-snippet:-1","max-image-preview":"max-image-preview:large","max-video-preview":"max-video-preview:-1"},"canonical":"https:\/\/nordiclighthotel.com\/sv\/policy\/","og_locale":"sv_SE","og_type":"article","og_title":"Integritetspolicy - Nordic Light Hotel","og_description":"Integritetspolicy f\u00f6r Nordic Light Hotel. L\u00e4s om hantering av personuppgifter och anv\u00e4ndarvillkor f\u00f6r Nordic Light Hotel webbsidor.","og_url":"https:\/\/nordiclighthotel.com\/sv\/policy\/","og_site_name":"Nordic Light Hotel","article_modified_time":"2025-04-10T07:29:05+00:00","twitter_card":"summary_large_image","twitter_misc":{"Ber\u00e4knad l\u00e4stid":"7 minuter"},"schema":{"@context":"https:\/\/schema.org","@graph":[{"@type":"WebPage","@id":"https:\/\/nordiclighthotel.com\/sv\/policy\/","url":"https:\/\/nordiclighthotel.com\/sv\/policy\/","name":"Integritetspolicy - Nordic Light Hotel","isPartOf":{"@id":"https:\/\/nordiclighthotel.com\/#website"},"datePublished":"2018-09-12T06:08:42+00:00","dateModified":"2025-04-10T07:29:05+00:00","description":"Integritetspolicy f\u00f6r Nordic Light Hotel. L\u00e4s om hantering av personuppgifter och anv\u00e4ndarvillkor f\u00f6r Nordic Light Hotel webbsidor.","breadcrumb":{"@id":"https:\/\/nordiclighthotel.com\/sv\/policy\/#breadcrumb"},"inLanguage":"sv-SE","potentialAction":[{"@type":"ReadAction","target":["https:\/\/nordiclighthotel.com\/sv\/policy\/"]}]},{"@type":"BreadcrumbList","@id":"https:\/\/nordiclighthotel.com\/sv\/policy\/#breadcrumb","itemListElement":[{"@type":"ListItem","position":1,"name":"Hem","item":"https:\/\/nordiclighthotel.com\/sv\/"},{"@type":"ListItem","position":2,"name":"Integritetspolicy"}]},{"@type":"WebSite","@id":"https:\/\/nordiclighthotel.com\/#website","url":"https:\/\/nordiclighthotel.com\/","name":"Nordic Light Hotel","description":"Stockholm mest centrala hotell - inklusive frukost &amp; wifi | Nordic Light Hotel","potentialAction":[{"@type":"SearchAction","target":{"@type":"EntryPoint","urlTemplate":"https:\/\/nordiclighthotel.com\/?s={search_term_string}"},"query-input":{"@type":"PropertyValueSpecification","valueRequired":true,"valueName":"search_term_string"}}],"inLanguage":"sv-SE"}]}},"_links":{"self":[{"href":"https:\/\/nordiclighthotel.com\/sv\/wp-json\/wp\/v2\/pages\/1302","targetHints":{"allow":["GET"]}}],"collection":[{"href":"https:\/\/nordiclighthotel.com\/sv\/wp-json\/wp\/v2\/pages"}],"about":[{"href":"https:\/\/nordiclighthotel.com\/sv\/wp-json\/wp\/v2\/types\/page"}],"author":[{"embeddable":true,"href":"https:\/\/nordiclighthotel.com\/sv\/wp-json\/wp\/v2\/users\/3"}],"replies":[{"embeddable":true,"href":"https:\/\/nordiclighthotel.com\/sv\/wp-json\/wp\/v2\/comments?post=1302"}],"version-history":[{"count":12,"href":"https:\/\/nordiclighthotel.com\/sv\/wp-json\/wp\/v2\/pages\/1302\/revisions"}],"predecessor-version":[{"id":18161,"href":"https:\/\/nordiclighthotel.com\/sv\/wp-json\/wp\/v2\/pages\/1302\/revisions\/18161"}],"wp:attachment":[{"href":"https:\/\/nordiclighthotel.com\/sv\/wp-json\/wp\/v2\/media?parent=1302"}],"curies":[{"name":"wp","href":"https:\/\/api.w.org\/{rel}","templated":true}]}}