{"id":12,"date":"2018-05-29T15:44:14","date_gmt":"2018-05-29T13:44:14","guid":{"rendered":"https:\/\/nordiclighthotel.se\/?page_id=12"},"modified":"2026-04-15T12:40:10","modified_gmt":"2026-04-15T10:40:10","slug":"konferens-i-stockholm","status":"publish","type":"page","link":"https:\/\/nordiclighthotel.com\/sv\/konferens-i-stockholm\/","title":{"rendered":"M\u00f6ten &amp; event"},"content":{"rendered":"\n<h1 class=\"wp-block-heading\">Moderna konferensrum och m\u00f6tesplatser i Stockholm City<\/h1>\n\n\n\n<p>\u00c4r du p\u00e5 jakt efter en konferenslokal i Stockholm eller en inspirerande m\u00f6tesplats n\u00e4ra Centralstationen? Hos oss p\u00e5 Nordic Light Hotel f\u00e5r du det b\u00e4sta av tv\u00e5 v\u00e4rldar \u2013 ett oslagbart l\u00e4ge vid Vasagatan, bara en minut fr\u00e5n Arlanda Express och Centralstationen, och moderna lokaler med design och teknik i toppklass.<\/p>\n\n\n\n<p>Vi erbjuder 15 flexibla konferensrum i Stockholm med kapacitet f\u00f6r b\u00e5de sm\u00e5 och stora grupper. V\u00e5ra m\u00f6teslokaler \u00e4r utrustade med den senaste tekniken och bemannade av ett engagerat team som alltid finns till hands. Oavsett om du planerar f\u00f6r ett event i en unik milj\u00f6, mingel, styrelsem\u00f6te eller en kreativ workshop, hittar du den perfekta l\u00f6sningen hos oss.<\/p>\n\n\n\n<p>V\u00e5r restaurang Lykke erbjuder m\u00e5ltider baserade p\u00e5 s\u00e4songens r\u00e5varor f\u00f6r ett h\u00e5llbart k\u00f6k. Fr\u00e5n energigivande kaffepauser till uppskattade luncher och middagar \u2013 din konferens i Stockholm blir b\u00e5de inspirerande och minnesv\u00e4rd.<\/p>\n\n\n\n<p><a class=\"button  \" href=\"https:\/\/my.matterport.com\/show\/?m=iWDvjZUgwyL\" target=\"\">Ta en virtuell rundtur<\/a> <a class=\"button pink-button \" href=\"https:\/\/nordiclighthotel.com\/sv\/konferens-i-stockholm\/#request2\" target=\"\">Skicka f\u00f6rfr\u00e5gan<\/a><\/p>\n\n\n\n<p><\/p>\n","protected":false},"excerpt":{"rendered":"<p>Moderna konferensrum och m\u00f6tesplatser i Stockholm City \u00c4r du p\u00e5 jakt efter en konferenslokal i Stockholm eller en inspirerande m\u00f6tesplats n\u00e4ra Centralstationen? Hos oss p\u00e5 Nordic Light Hotel f\u00e5r du det b\u00e4sta av tv\u00e5 v\u00e4rldar \u2013 ett oslagbart l\u00e4ge vid Vasagatan, bara en minut fr\u00e5n Arlanda Express och Centralstationen, och moderna lokaler med design och&hellip;<\/p>\n","protected":false},"author":3,"featured_media":1176,"parent":0,"menu_order":0,"comment_status":"closed","ping_status":"closed","template":"templates\/template-meetings.php","meta":{"_acf_changed":false,"footnotes":""},"class_list":["post-12","page","type-page","status-publish","has-post-thumbnail","hentry"],"acf":[],"yoast_head":"<!-- This site is optimized with the Yoast SEO plugin v27.3 - https:\/\/yoast.com\/product\/yoast-seo-wordpress\/ -->\n<title>Konferens i Stockholm city | M\u00f6ten &amp; event | Nordic Light<\/title>\n<meta name=\"description\" content=\"Vi har 14 konferensrum med kapacitet f\u00f6r mellan 1 till 150 deltagare - samtliga rum med den senaste tekniska utrustningen och hj\u00e4lpsam personal tillg\u00e4nglig.\" \/>\n<meta name=\"robots\" content=\"index, follow, max-snippet:-1, max-image-preview:large, max-video-preview:-1\" \/>\n<link rel=\"canonical\" href=\"https:\/\/nordiclighthotel.com\/sv\/konferens-i-stockholm\/\" \/>\n<meta property=\"og:locale\" content=\"sv_SE\" \/>\n<meta property=\"og:type\" content=\"article\" \/>\n<meta property=\"og:title\" content=\"Konferens i Stockholm city | M\u00f6ten &amp; event | Nordic Light\" \/>\n<meta property=\"og:description\" content=\"Vi har 14 konferensrum med kapacitet f\u00f6r mellan 1 till 150 deltagare - samtliga rum med den senaste tekniska utrustningen och hj\u00e4lpsam personal tillg\u00e4nglig.\" \/>\n<meta property=\"og:url\" content=\"https:\/\/nordiclighthotel.com\/sv\/konferens-i-stockholm\/\" \/>\n<meta property=\"og:site_name\" content=\"Nordic Light Hotel\" \/>\n<meta property=\"article:modified_time\" content=\"2026-04-15T10:40:10+00:00\" \/>\n<meta property=\"og:image\" content=\"https:\/\/nordiclighthotel.com\/wp-content\/uploads\/2018\/09\/CORONA_Usittning_MNO_7010.jpg\" \/>\n\t<meta property=\"og:image:width\" content=\"2250\" \/>\n\t<meta property=\"og:image:height\" content=\"1500\" \/>\n\t<meta property=\"og:image:type\" content=\"image\/jpeg\" \/>\n<meta name=\"twitter:card\" content=\"summary_large_image\" \/>\n<meta name=\"twitter:label1\" content=\"Ber\u00e4knad l\u00e4stid\" \/>\n\t<meta name=\"twitter:data1\" content=\"1 minut\" \/>\n<script type=\"application\/ld+json\" class=\"yoast-schema-graph\">{\"@context\":\"https:\\\/\\\/schema.org\",\"@graph\":[{\"@type\":\"WebPage\",\"@id\":\"https:\\\/\\\/nordiclighthotel.com\\\/sv\\\/konferens-i-stockholm\\\/\",\"url\":\"https:\\\/\\\/nordiclighthotel.com\\\/sv\\\/konferens-i-stockholm\\\/\",\"name\":\"Konferens i Stockholm city | M\u00f6ten & event | Nordic Light\",\"isPartOf\":{\"@id\":\"https:\\\/\\\/nordiclighthotel.com\\\/#website\"},\"primaryImageOfPage\":{\"@id\":\"https:\\\/\\\/nordiclighthotel.com\\\/sv\\\/konferens-i-stockholm\\\/#primaryimage\"},\"image\":{\"@id\":\"https:\\\/\\\/nordiclighthotel.com\\\/sv\\\/konferens-i-stockholm\\\/#primaryimage\"},\"thumbnailUrl\":\"https:\\\/\\\/nordiclighthotel.com\\\/wp-content\\\/uploads\\\/2018\\\/09\\\/CORONA_Usittning_MNO_7010.jpg\",\"datePublished\":\"2018-05-29T13:44:14+00:00\",\"dateModified\":\"2026-04-15T10:40:10+00:00\",\"description\":\"Vi har 14 konferensrum med kapacitet f\u00f6r mellan 1 till 150 deltagare - samtliga rum med den senaste tekniska utrustningen och hj\u00e4lpsam personal tillg\u00e4nglig.\",\"breadcrumb\":{\"@id\":\"https:\\\/\\\/nordiclighthotel.com\\\/sv\\\/konferens-i-stockholm\\\/#breadcrumb\"},\"inLanguage\":\"sv-SE\",\"potentialAction\":[{\"@type\":\"ReadAction\",\"target\":[\"https:\\\/\\\/nordiclighthotel.com\\\/sv\\\/konferens-i-stockholm\\\/\"]}]},{\"@type\":\"ImageObject\",\"inLanguage\":\"sv-SE\",\"@id\":\"https:\\\/\\\/nordiclighthotel.com\\\/sv\\\/konferens-i-stockholm\\\/#primaryimage\",\"url\":\"https:\\\/\\\/nordiclighthotel.com\\\/wp-content\\\/uploads\\\/2018\\\/09\\\/CORONA_Usittning_MNO_7010.jpg\",\"contentUrl\":\"https:\\\/\\\/nordiclighthotel.com\\\/wp-content\\\/uploads\\\/2018\\\/09\\\/CORONA_Usittning_MNO_7010.jpg\",\"width\":2250,\"height\":1500,\"caption\":\"Meeting room Coron with views over Vasagatan at Nordic Light Hotel\"},{\"@type\":\"BreadcrumbList\",\"@id\":\"https:\\\/\\\/nordiclighthotel.com\\\/sv\\\/konferens-i-stockholm\\\/#breadcrumb\",\"itemListElement\":[{\"@type\":\"ListItem\",\"position\":1,\"name\":\"Hem\",\"item\":\"https:\\\/\\\/nordiclighthotel.com\\\/sv\\\/\"},{\"@type\":\"ListItem\",\"position\":2,\"name\":\"M\u00f6ten &amp; event\"}]},{\"@type\":\"WebSite\",\"@id\":\"https:\\\/\\\/nordiclighthotel.com\\\/#website\",\"url\":\"https:\\\/\\\/nordiclighthotel.com\\\/\",\"name\":\"Nordic Light Hotel\",\"description\":\"Stockholm mest centrala hotell - inklusive frukost &amp; wifi | Nordic Light Hotel\",\"potentialAction\":[{\"@type\":\"SearchAction\",\"target\":{\"@type\":\"EntryPoint\",\"urlTemplate\":\"https:\\\/\\\/nordiclighthotel.com\\\/?s={search_term_string}\"},\"query-input\":{\"@type\":\"PropertyValueSpecification\",\"valueRequired\":true,\"valueName\":\"search_term_string\"}}],\"inLanguage\":\"sv-SE\"}]}<\/script>\n<!-- \/ Yoast SEO plugin. -->","yoast_head_json":{"title":"Konferens i Stockholm city | M\u00f6ten & event | Nordic Light","description":"Vi har 14 konferensrum med kapacitet f\u00f6r mellan 1 till 150 deltagare - samtliga rum med den senaste tekniska utrustningen och hj\u00e4lpsam personal tillg\u00e4nglig.","robots":{"index":"index","follow":"follow","max-snippet":"max-snippet:-1","max-image-preview":"max-image-preview:large","max-video-preview":"max-video-preview:-1"},"canonical":"https:\/\/nordiclighthotel.com\/sv\/konferens-i-stockholm\/","og_locale":"sv_SE","og_type":"article","og_title":"Konferens i Stockholm city | M\u00f6ten & event | Nordic Light","og_description":"Vi har 14 konferensrum med kapacitet f\u00f6r mellan 1 till 150 deltagare - samtliga rum med den senaste tekniska utrustningen och hj\u00e4lpsam personal tillg\u00e4nglig.","og_url":"https:\/\/nordiclighthotel.com\/sv\/konferens-i-stockholm\/","og_site_name":"Nordic Light Hotel","article_modified_time":"2026-04-15T10:40:10+00:00","og_image":[{"width":2250,"height":1500,"url":"https:\/\/nordiclighthotel.com\/wp-content\/uploads\/2018\/09\/CORONA_Usittning_MNO_7010.jpg","type":"image\/jpeg"}],"twitter_card":"summary_large_image","twitter_misc":{"Ber\u00e4knad l\u00e4stid":"1 minut"},"schema":{"@context":"https:\/\/schema.org","@graph":[{"@type":"WebPage","@id":"https:\/\/nordiclighthotel.com\/sv\/konferens-i-stockholm\/","url":"https:\/\/nordiclighthotel.com\/sv\/konferens-i-stockholm\/","name":"Konferens i Stockholm city | M\u00f6ten & event | Nordic Light","isPartOf":{"@id":"https:\/\/nordiclighthotel.com\/#website"},"primaryImageOfPage":{"@id":"https:\/\/nordiclighthotel.com\/sv\/konferens-i-stockholm\/#primaryimage"},"image":{"@id":"https:\/\/nordiclighthotel.com\/sv\/konferens-i-stockholm\/#primaryimage"},"thumbnailUrl":"https:\/\/nordiclighthotel.com\/wp-content\/uploads\/2018\/09\/CORONA_Usittning_MNO_7010.jpg","datePublished":"2018-05-29T13:44:14+00:00","dateModified":"2026-04-15T10:40:10+00:00","description":"Vi har 14 konferensrum med kapacitet f\u00f6r mellan 1 till 150 deltagare - samtliga rum med den senaste tekniska utrustningen och hj\u00e4lpsam personal tillg\u00e4nglig.","breadcrumb":{"@id":"https:\/\/nordiclighthotel.com\/sv\/konferens-i-stockholm\/#breadcrumb"},"inLanguage":"sv-SE","potentialAction":[{"@type":"ReadAction","target":["https:\/\/nordiclighthotel.com\/sv\/konferens-i-stockholm\/"]}]},{"@type":"ImageObject","inLanguage":"sv-SE","@id":"https:\/\/nordiclighthotel.com\/sv\/konferens-i-stockholm\/#primaryimage","url":"https:\/\/nordiclighthotel.com\/wp-content\/uploads\/2018\/09\/CORONA_Usittning_MNO_7010.jpg","contentUrl":"https:\/\/nordiclighthotel.com\/wp-content\/uploads\/2018\/09\/CORONA_Usittning_MNO_7010.jpg","width":2250,"height":1500,"caption":"Meeting room Coron with views over Vasagatan at Nordic Light Hotel"},{"@type":"BreadcrumbList","@id":"https:\/\/nordiclighthotel.com\/sv\/konferens-i-stockholm\/#breadcrumb","itemListElement":[{"@type":"ListItem","position":1,"name":"Hem","item":"https:\/\/nordiclighthotel.com\/sv\/"},{"@type":"ListItem","position":2,"name":"M\u00f6ten &amp; event"}]},{"@type":"WebSite","@id":"https:\/\/nordiclighthotel.com\/#website","url":"https:\/\/nordiclighthotel.com\/","name":"Nordic Light Hotel","description":"Stockholm mest centrala hotell - inklusive frukost &amp; wifi | Nordic Light Hotel","potentialAction":[{"@type":"SearchAction","target":{"@type":"EntryPoint","urlTemplate":"https:\/\/nordiclighthotel.com\/?s={search_term_string}"},"query-input":{"@type":"PropertyValueSpecification","valueRequired":true,"valueName":"search_term_string"}}],"inLanguage":"sv-SE"}]}},"_links":{"self":[{"href":"https:\/\/nordiclighthotel.com\/sv\/wp-json\/wp\/v2\/pages\/12","targetHints":{"allow":["GET"]}}],"collection":[{"href":"https:\/\/nordiclighthotel.com\/sv\/wp-json\/wp\/v2\/pages"}],"about":[{"href":"https:\/\/nordiclighthotel.com\/sv\/wp-json\/wp\/v2\/types\/page"}],"author":[{"embeddable":true,"href":"https:\/\/nordiclighthotel.com\/sv\/wp-json\/wp\/v2\/users\/3"}],"replies":[{"embeddable":true,"href":"https:\/\/nordiclighthotel.com\/sv\/wp-json\/wp\/v2\/comments?post=12"}],"version-history":[{"count":187,"href":"https:\/\/nordiclighthotel.com\/sv\/wp-json\/wp\/v2\/pages\/12\/revisions"}],"predecessor-version":[{"id":21059,"href":"https:\/\/nordiclighthotel.com\/sv\/wp-json\/wp\/v2\/pages\/12\/revisions\/21059"}],"wp:featuredmedia":[{"embeddable":true,"href":"https:\/\/nordiclighthotel.com\/sv\/wp-json\/wp\/v2\/media\/1176"}],"wp:attachment":[{"href":"https:\/\/nordiclighthotel.com\/sv\/wp-json\/wp\/v2\/media?parent=12"}],"curies":[{"name":"wp","href":"https:\/\/api.w.org\/{rel}","templated":true}]}}