{"id":1162,"date":"2018-09-11T10:38:32","date_gmt":"2018-09-11T08:38:32","guid":{"rendered":"https:\/\/nordiclighthotel.se\/?page_id=1162"},"modified":"2026-02-10T09:40:14","modified_gmt":"2026-02-10T08:40:14","slug":"cookie-policy","status":"publish","type":"page","link":"https:\/\/nordiclighthotel.com\/sv\/cookie-policy\/","title":{"rendered":"Cookie Policy"},"content":{"rendered":"<p>V\u00e5r webbplats anv\u00e4nder cookies enligt nedan. Genom att inte st\u00e4nga av cookies i din webbl\u00e4sare och forts\u00e4tta anv\u00e4nda webbplatsen samtycker du till v\u00e5r anv\u00e4ndning av cookies i enlighet med denna Cookie Policy.<br \/>\nDu kan \u00e4ndra ditt val genom att n\u00e4r som helst \u00e4ndra din webbl\u00e4sares inst\u00e4llningar. Om du inaktiverar cookies kan det negativt p\u00e5verka din anv\u00e4ndning av v\u00e5r webbplats.<br \/>\nBes\u00f6kare av en webbplats som anv\u00e4nder cookies ska f\u00e5 information om:<\/p>\n<ul>\n<li>Att webbplatsen inneh\u00e5ller cookies<\/li>\n<li>Vad dessa cookies anv\u00e4nds till<\/li>\n<li>Vem som anv\u00e4nder informationen<\/li>\n<li>Hur cookies kan undvikas.<\/li>\n<\/ul>\n<p>Dessutom ska du som bes\u00f6kare samtycka till anv\u00e4ndningen av cookies t.ex. genom din webbl\u00e4sares inst\u00e4llningar, men \u00e4ven ges m\u00f6jlighet att v\u00e4gra cookies.<\/p>\n<h2>Vad \u00e4r cookies och vad anv\u00e4nds de till?<\/h2>\n<p>Cookies \u00e4r sm\u00e5 textfiler som s\u00e4nds till och lagras p\u00e5 din enhet (mobil, dator eller surfplatta) och som \u00e4r vanligt f\u00f6rekommande p\u00e5 internet. En del \u00e4r n\u00f6dv\u00e4ndiga f\u00f6r att du ska kunna anv\u00e4nda webbplatsens funktionalitet fullt ut, medan andra anv\u00e4nds f\u00f6r att f\u00f6rb\u00e4ttra din anv\u00e4ndarupplevelse och underl\u00e4tta navigation p\u00e5 webbplatsen.<br \/>\nDet finns tv\u00e5 typer av cookies; permanenta och tempor\u00e4ra (s.k. sessionscookies). Permanenta cookies lagras som en fil p\u00e5 din enhet under en l\u00e4ngre period f\u00f6r att kunna anpassa webbplatsen efter dina \u00f6nskem\u00e5l, val och intressen. De anv\u00e4nds till exempel vid funktioner som talar om vad som \u00e4r nytt sedan du senast bes\u00f6kte webbplatsen. N\u00e4r utg\u00e5ngsdatumet passerats raderas cookien n\u00e4r du \u00e5terv\u00e4nder till den webbplats som skapade den. Sessionscookies placeras tempor\u00e4rt p\u00e5 din dator n\u00e4r du bes\u00f6ker webbplatsen och skickas mellan din dator och servern under tiden du bes\u00f6ker webbplatsen och raderas n\u00e4r du st\u00e4nger din webbl\u00e4sare. Den anv\u00e4nds exempelvis f\u00f6r att h\u00e5lla reda p\u00e5 vilket spr\u00e5k du valt.<br \/>\nN\u00e5gra exempel p\u00e5 vad cookies kan anv\u00e4ndas till:<\/p>\n<ul>\n<li>\u00a0N\u00e4r du loggar in p\u00e5 en webbplats placeras en cookie p\u00e5 din dator. Vid varje sidbl\u00e4ddring skickar din dator cookien till den webbplats du bes\u00f6ker och med hj\u00e4lp av cookien kan webbplatsen konstatera att du \u00e4r inloggad och slipper uppge anv\u00e4ndarnamn och l\u00f6senord f\u00f6r varje ny sida.<\/li>\n<li>N\u00e4r du vill skr\u00e4ddarsy webbplatser efter dina preferenser. Det kan g\u00e4lla formgivning p\u00e5 en webbplats du ofta bes\u00f6ker, anpassad kontrast eller teckenstorlek eller anpassad sortering eller urval.<\/li>\n<li>P\u00e5 webbplatser som s\u00e4ljer tj\u00e4nster anv\u00e4nds cookies f\u00f6r att g\u00f6ra det smidigt att boka eller best\u00e4lla.<\/li>\n<li>Registrera vilka personer som bes\u00f6kt vilka sidor p\u00e5 en webbplats. Den informationen kan sedan anv\u00e4ndas f\u00f6r att v\u00e4lja r\u00e4tt annons eller p\u00e5 annat s\u00e4tt skr\u00e4ddarsy de sidor anv\u00e4ndaren f\u00e5r se. M\u00e5nga cookies som anv\u00e4nds f\u00f6r annonsering och skr\u00e4ddarsytt inneh\u00e5ll \u00e4r tredjepartscookies.<\/li>\n<li>F\u00f6lja upp trafiken genom statistik f\u00f6r att kunna f\u00f6rb\u00e4ttra webbplatsen och f\u00f6r att l\u00e4ra sig mer om olika m\u00e5lgrupper. M\u00e5nga cookies som anv\u00e4nds f\u00f6r statistik \u00e4r tredjepartskakor.<\/li>\n<li>H\u00e5lla reda p\u00e5 spr\u00e5kval, bokningskod eller medlemsniv\u00e5.<\/li>\n<\/ul>\n<h2>Olika typer av cookies<\/h2>\n<p>Cookies kan delas in i kategorier beroende p\u00e5 dess funktion.<\/p>\n<ul>\n<li>N\u00f6dv\u00e4ndiga: Dessa \u00e4r n\u00f6dv\u00e4ndiga f\u00f6r att vissa funktioner ska fungera ex i samband med betalning, f\u00f6r att identifiera och verifiera anv\u00e4ndaren. Om du nekar dessa cookies kommer du inte att kunna nyttja den aktuella funktionaliteten.<\/li>\n<li>Presentation och funktion: Dessa g\u00f6r ditt anv\u00e4ndande av webbplatsen enklare och mer personlig. Exempelvis f\u00f6r att anpassa information och erbjudanden till s\u00e5dant som du tidigare visat intresse f\u00f6r. Dessa cookies anv\u00e4nds \u00e4ven till att samla in information (t.ex. popul\u00e4ra sidor och anv\u00e4ndarm\u00f6nster) om webbplatsens bes\u00f6kares anv\u00e4ndning av webbplatsen s\u00e5 att vi kan f\u00f6rb\u00e4ttra webbplatsen och v\u00e5ra digitala tj\u00e4nster. Om du nekar dessa cookies kommer funktionaliteten p\u00e5 v\u00e5ra digitala tj\u00e4nster begr\u00e4nsas.<\/li>\n<li>Marknadsf\u00f6ring: Dessa \u00e4r ofta tredjepartscookies d.v.s. de s\u00e4tts inte av oss men av n\u00e5gon av v\u00e5ra samarbetspartners. Dessa cookies anv\u00e4nder information om ditt anv\u00e4ndande av v\u00e5r och andra webbplatser, t.ex. webbplatser du bes\u00f6ker eller annonser du svarar p\u00e5, f\u00f6r att senare kunna tillhandah\u00e5lla annonser som \u00e4r mer anpassade f\u00f6r dig, b\u00e5de p\u00e5 v\u00e5r och andras webbplatser. Dessa annonser kallas \u201dintressebaserade annonser\u201d eftersom syftet \u00e4r att du endast ska beh\u00f6va se annonser som passar dina intressen. Om du nekar dessa cookies riskerar din anv\u00e4ndarupplevelse minska.<\/li>\n<\/ul>\n<h2>Om du vill undvika cookies<\/h2>\n<p>Cookies anv\u00e4nds inte f\u00f6r att skada eller f\u00f6rst\u00f6ra din dator och de flesta webbl\u00e4sare accepterar automatiskt cookies. Om du trots allt inte vill till\u00e5ta cookies kan du v\u00e4gra cookies i din webbl\u00e4sares inst\u00e4llning och radera cookies som finns sparade p\u00e5 din h\u00e5rddisk. Du kan \u00e4ven st\u00e4lla in din webbl\u00e4sare s\u00e5 att den meddelar dig n\u00e4r den tar emot en cookie. P\u00e5 s\u00e5 vis har du m\u00f6jlighet att acceptera eller avvisa cookien. Mer information om detta f\u00e5r du fr\u00e5n tillverkaren av din webbl\u00e4sare. Du finner \u00e4ven mer information p\u00e5\u00a0<a href=\"http:\/\/www.youronlinechoices.eu\/\">www.youronlinechoices.eu<\/a><br \/>\nVissa tredjepartscookies kontrollerar dock inte vi. Dessa kan endast st\u00e4ngas av p\u00e5 respektive webbplats och i enlighet med de instruktioner som framg\u00e5r d\u00e4r.<br \/>\nNekar du cookies kan det medf\u00f6ra att de digitala tj\u00e4nsterna inte fungerar som avsett.<\/p>\n<h2>Varf\u00f6r anv\u00e4nder vi cookies?<\/h2>\n<p>Genom att anv\u00e4nda cookies k\u00e4nner v\u00e5r webbplats igen din enhet n\u00e4r du bes\u00f6ker oss igen och du slipper ange vissa data varje g\u00e5ng du anv\u00e4nder v\u00e5ra digitala tj\u00e4nster. Cookies hj\u00e4lper \u00e4ven oss att anpassa tj\u00e4nsterna efter dina behov, exempelvis s\u00e5 du slipper v\u00e4lja spr\u00e5k. Genom att cookien h\u00e5ller ordning p\u00e5 vad du tidigare visat intresse f\u00f6r s\u00e5 kan vi visa information och erbjudanden fr\u00e5n bolag inom och utom Nordic Hotels &amp; Resorts som f\u00f6rhoppningsvis passar just dina \u00f6nskem\u00e5l. Webbplatsen blir helt enkelt enklare att anv\u00e4nda.<br \/>\nVi anv\u00e4nder \u00e4ven cookies f\u00f6r utv\u00e4rdering av s\u00f6k- och anv\u00e4ndarbeteenden inom och utanf\u00f6r v\u00e5r webbplats, f\u00f6r att vidareutveckla v\u00e5ra digitala tj\u00e4nster. Syftet \u00e4r att optimera anv\u00e4ndarupplevelsen, individualisera marknadsf\u00f6ringen samt f\u00f6ra statistik.<br \/>\nVi kan \u00e4ven anv\u00e4nda andra bolag som, i v\u00e5rt st\u00e4lle, s\u00e4tter cookies f\u00f6r att leverera tj\u00e4nster som de tillhandah\u00e5ller.<\/p>\n<h2>Samtycke till anv\u00e4ndning av cookies<\/h2>\n<p>Du samtycker till v\u00e5r anv\u00e4ndning av cookies i enlighet med denna Cookie Policy genom att forts\u00e4tta anv\u00e4nda webbplatsen och ha webbl\u00e4saren inst\u00e4lld p\u00e5 att till\u00e5ta cookies.<\/p>\n<h2>F\u00f6r\u00e4ndring av v\u00e5ra cookies<\/h2>\n<p>Vilka cookies vi anv\u00e4nder och de \u00e4ndringar vi g\u00f6r framg\u00e5r endast genom att vi uppdaterar tabellen nedan. Vi f\u00f6resl\u00e5r d\u00e4rf\u00f6r att du kontrollerar tabellen varje g\u00e5ng du bes\u00f6ker webbplatsen.<\/p>\n<h2>Kontakt<\/h2>\n<p>Fr\u00e5gor och kommentarer om v\u00e5r Cookie Policy v\u00e4lkomnas och s\u00e4nds till\u00a0<a href=\"mailto:webbplatsen@nordiclighhthotel.com\">webbplatsen@nordiclighhthotel.com<\/a>\u00a0Information om hur vi hanterar personuppgifter framg\u00e5r av vid var tid g\u00e4llande\u00a0<a href=\"https:\/\/nordiclighthotel.se\/integritetspolicy-for-nordic-light-hotel\/\">Integritetspolicy<\/a>.<\/p>\n<h2>Vilka cookies vi anv\u00e4nder<\/h2>\n<p>P\u00e5 v\u00e5ra digitala tj\u00e4nster samlas information in och sparas med teknologi fr\u00e5n olika m\u00e4tverktyg. Informationen kan anv\u00e4ndas f\u00f6r att skapa profiler under en pseudonym. Cookies kan anv\u00e4ndas till detta. Vi anv\u00e4nder oss ocks\u00e5 av tredjeparts cookies, de anv\u00e4nds oftast till att m\u00e4ta trafik och avg\u00f6ra vilken tj\u00e4nst du senast bes\u00f6kte.<\/p>\n","protected":false},"excerpt":{"rendered":"<p>V\u00e5r webbplats anv\u00e4nder cookies enligt nedan. Genom att inte st\u00e4nga av cookies i din webbl\u00e4sare och forts\u00e4tta anv\u00e4nda webbplatsen samtycker du till v\u00e5r anv\u00e4ndning av cookies i enlighet med denna Cookie Policy. Du kan \u00e4ndra ditt val genom att n\u00e4r som helst \u00e4ndra din webbl\u00e4sares inst\u00e4llningar. Om du inaktiverar cookies kan det negativt p\u00e5verka din&hellip;<\/p>\n","protected":false},"author":3,"featured_media":0,"parent":0,"menu_order":0,"comment_status":"closed","ping_status":"closed","template":"templates\/template-cookie.php","meta":{"_acf_changed":false,"footnotes":""},"class_list":["post-1162","page","type-page","status-publish","hentry"],"acf":[],"yoast_head":"<!-- This site is optimized with the Yoast SEO plugin v27.3 - https:\/\/yoast.com\/product\/yoast-seo-wordpress\/ -->\n<title>Cookie Policy | Nordic Light Hotel<\/title>\n<meta name=\"description\" content=\"Nordic Light Hotel cookie poilcy. L\u00e4s om cookies och vad det anv\u00e4nds till, olika typer av cookies och om du vill undvika cookies. Kontakta oss vid fr\u00e5gor!\" \/>\n<meta name=\"robots\" content=\"index, follow, max-snippet:-1, max-image-preview:large, max-video-preview:-1\" \/>\n<link rel=\"canonical\" href=\"https:\/\/nordiclighthotel.com\/sv\/cookie-policy\/\" \/>\n<meta property=\"og:locale\" content=\"sv_SE\" \/>\n<meta property=\"og:type\" content=\"article\" \/>\n<meta property=\"og:title\" content=\"Cookie Policy | Nordic Light Hotel\" \/>\n<meta property=\"og:description\" content=\"Nordic Light Hotel cookie poilcy. L\u00e4s om cookies och vad det anv\u00e4nds till, olika typer av cookies och om du vill undvika cookies. Kontakta oss vid fr\u00e5gor!\" \/>\n<meta property=\"og:url\" content=\"https:\/\/nordiclighthotel.com\/sv\/cookie-policy\/\" \/>\n<meta property=\"og:site_name\" content=\"Nordic Light Hotel\" \/>\n<meta property=\"article:modified_time\" content=\"2026-02-10T08:40:14+00:00\" \/>\n<meta name=\"twitter:card\" content=\"summary_large_image\" \/>\n<meta name=\"twitter:label1\" content=\"Ber\u00e4knad l\u00e4stid\" \/>\n\t<meta name=\"twitter:data1\" content=\"5 minuter\" \/>\n<script type=\"application\/ld+json\" class=\"yoast-schema-graph\">{\"@context\":\"https:\\\/\\\/schema.org\",\"@graph\":[{\"@type\":\"WebPage\",\"@id\":\"https:\\\/\\\/nordiclighthotel.com\\\/sv\\\/cookie-policy\\\/\",\"url\":\"https:\\\/\\\/nordiclighthotel.com\\\/sv\\\/cookie-policy\\\/\",\"name\":\"Cookie Policy | Nordic Light Hotel\",\"isPartOf\":{\"@id\":\"https:\\\/\\\/nordiclighthotel.com\\\/#website\"},\"datePublished\":\"2018-09-11T08:38:32+00:00\",\"dateModified\":\"2026-02-10T08:40:14+00:00\",\"description\":\"Nordic Light Hotel cookie poilcy. L\u00e4s om cookies och vad det anv\u00e4nds till, olika typer av cookies och om du vill undvika cookies. Kontakta oss vid fr\u00e5gor!\",\"breadcrumb\":{\"@id\":\"https:\\\/\\\/nordiclighthotel.com\\\/sv\\\/cookie-policy\\\/#breadcrumb\"},\"inLanguage\":\"sv-SE\",\"potentialAction\":[{\"@type\":\"ReadAction\",\"target\":[\"https:\\\/\\\/nordiclighthotel.com\\\/sv\\\/cookie-policy\\\/\"]}]},{\"@type\":\"BreadcrumbList\",\"@id\":\"https:\\\/\\\/nordiclighthotel.com\\\/sv\\\/cookie-policy\\\/#breadcrumb\",\"itemListElement\":[{\"@type\":\"ListItem\",\"position\":1,\"name\":\"Hem\",\"item\":\"https:\\\/\\\/nordiclighthotel.com\\\/sv\\\/\"},{\"@type\":\"ListItem\",\"position\":2,\"name\":\"Cookie Policy\"}]},{\"@type\":\"WebSite\",\"@id\":\"https:\\\/\\\/nordiclighthotel.com\\\/#website\",\"url\":\"https:\\\/\\\/nordiclighthotel.com\\\/\",\"name\":\"Nordic Light Hotel\",\"description\":\"Stockholm mest centrala hotell - inklusive frukost &amp; wifi | Nordic Light Hotel\",\"potentialAction\":[{\"@type\":\"SearchAction\",\"target\":{\"@type\":\"EntryPoint\",\"urlTemplate\":\"https:\\\/\\\/nordiclighthotel.com\\\/?s={search_term_string}\"},\"query-input\":{\"@type\":\"PropertyValueSpecification\",\"valueRequired\":true,\"valueName\":\"search_term_string\"}}],\"inLanguage\":\"sv-SE\"}]}<\/script>\n<!-- \/ Yoast SEO plugin. -->","yoast_head_json":{"title":"Cookie Policy | Nordic Light Hotel","description":"Nordic Light Hotel cookie poilcy. L\u00e4s om cookies och vad det anv\u00e4nds till, olika typer av cookies och om du vill undvika cookies. Kontakta oss vid fr\u00e5gor!","robots":{"index":"index","follow":"follow","max-snippet":"max-snippet:-1","max-image-preview":"max-image-preview:large","max-video-preview":"max-video-preview:-1"},"canonical":"https:\/\/nordiclighthotel.com\/sv\/cookie-policy\/","og_locale":"sv_SE","og_type":"article","og_title":"Cookie Policy | Nordic Light Hotel","og_description":"Nordic Light Hotel cookie poilcy. L\u00e4s om cookies och vad det anv\u00e4nds till, olika typer av cookies och om du vill undvika cookies. Kontakta oss vid fr\u00e5gor!","og_url":"https:\/\/nordiclighthotel.com\/sv\/cookie-policy\/","og_site_name":"Nordic Light Hotel","article_modified_time":"2026-02-10T08:40:14+00:00","twitter_card":"summary_large_image","twitter_misc":{"Ber\u00e4knad l\u00e4stid":"5 minuter"},"schema":{"@context":"https:\/\/schema.org","@graph":[{"@type":"WebPage","@id":"https:\/\/nordiclighthotel.com\/sv\/cookie-policy\/","url":"https:\/\/nordiclighthotel.com\/sv\/cookie-policy\/","name":"Cookie Policy | Nordic Light Hotel","isPartOf":{"@id":"https:\/\/nordiclighthotel.com\/#website"},"datePublished":"2018-09-11T08:38:32+00:00","dateModified":"2026-02-10T08:40:14+00:00","description":"Nordic Light Hotel cookie poilcy. L\u00e4s om cookies och vad det anv\u00e4nds till, olika typer av cookies och om du vill undvika cookies. Kontakta oss vid fr\u00e5gor!","breadcrumb":{"@id":"https:\/\/nordiclighthotel.com\/sv\/cookie-policy\/#breadcrumb"},"inLanguage":"sv-SE","potentialAction":[{"@type":"ReadAction","target":["https:\/\/nordiclighthotel.com\/sv\/cookie-policy\/"]}]},{"@type":"BreadcrumbList","@id":"https:\/\/nordiclighthotel.com\/sv\/cookie-policy\/#breadcrumb","itemListElement":[{"@type":"ListItem","position":1,"name":"Hem","item":"https:\/\/nordiclighthotel.com\/sv\/"},{"@type":"ListItem","position":2,"name":"Cookie Policy"}]},{"@type":"WebSite","@id":"https:\/\/nordiclighthotel.com\/#website","url":"https:\/\/nordiclighthotel.com\/","name":"Nordic Light Hotel","description":"Stockholm mest centrala hotell - inklusive frukost &amp; wifi | Nordic Light Hotel","potentialAction":[{"@type":"SearchAction","target":{"@type":"EntryPoint","urlTemplate":"https:\/\/nordiclighthotel.com\/?s={search_term_string}"},"query-input":{"@type":"PropertyValueSpecification","valueRequired":true,"valueName":"search_term_string"}}],"inLanguage":"sv-SE"}]}},"_links":{"self":[{"href":"https:\/\/nordiclighthotel.com\/sv\/wp-json\/wp\/v2\/pages\/1162","targetHints":{"allow":["GET"]}}],"collection":[{"href":"https:\/\/nordiclighthotel.com\/sv\/wp-json\/wp\/v2\/pages"}],"about":[{"href":"https:\/\/nordiclighthotel.com\/sv\/wp-json\/wp\/v2\/types\/page"}],"author":[{"embeddable":true,"href":"https:\/\/nordiclighthotel.com\/sv\/wp-json\/wp\/v2\/users\/3"}],"replies":[{"embeddable":true,"href":"https:\/\/nordiclighthotel.com\/sv\/wp-json\/wp\/v2\/comments?post=1162"}],"version-history":[{"count":14,"href":"https:\/\/nordiclighthotel.com\/sv\/wp-json\/wp\/v2\/pages\/1162\/revisions"}],"predecessor-version":[{"id":20387,"href":"https:\/\/nordiclighthotel.com\/sv\/wp-json\/wp\/v2\/pages\/1162\/revisions\/20387"}],"wp:attachment":[{"href":"https:\/\/nordiclighthotel.com\/sv\/wp-json\/wp\/v2\/media?parent=1162"}],"curies":[{"name":"wp","href":"https:\/\/api.w.org\/{rel}","templated":true}]}}