{"id":10,"date":"2018-05-29T15:43:47","date_gmt":"2018-05-29T13:43:47","guid":{"rendered":"https:\/\/nordiclighthotel.se\/?page_id=10"},"modified":"2024-05-20T14:46:15","modified_gmt":"2024-05-20T12:46:15","slug":"hotellpaket","status":"publish","type":"page","link":"https:\/\/nordiclighthotel.com\/sv\/hotellpaket\/","title":{"rendered":"Erbjudanden"},"content":{"rendered":"","protected":false},"excerpt":{"rendered":"","protected":false},"author":3,"featured_media":0,"parent":0,"menu_order":0,"comment_status":"closed","ping_status":"closed","template":"templates\/template-packages.php","meta":{"_acf_changed":false,"footnotes":""},"class_list":["post-10","page","type-page","status-publish","hentry"],"acf":[],"yoast_head":"<!-- This site is optimized with the Yoast SEO plugin v27.3 - https:\/\/yoast.com\/product\/yoast-seo-wordpress\/ -->\n<title>Hotellpaket i Stockholm | Unika erbjudanden | Nordic Light<\/title>\n<meta name=\"description\" content=\"V\u00e4lkommen till Nordic Light Hotel - ett modernt hotell med nordisk design bel\u00e4get vid centralstationen i Stockholm. Ta del av v\u00e5ra unika erbjudanden h\u00e4r!\" \/>\n<meta name=\"robots\" content=\"index, follow, max-snippet:-1, max-image-preview:large, max-video-preview:-1\" \/>\n<link rel=\"canonical\" href=\"https:\/\/nordiclighthotel.com\/sv\/hotellpaket\/\" \/>\n<meta property=\"og:locale\" content=\"sv_SE\" \/>\n<meta property=\"og:type\" content=\"article\" \/>\n<meta property=\"og:title\" content=\"Hotellpaket i Stockholm | Unika erbjudanden | Nordic Light\" \/>\n<meta property=\"og:description\" content=\"V\u00e4lkommen till Nordic Light Hotel - ett modernt hotell med nordisk design bel\u00e4get vid centralstationen i Stockholm. Ta del av v\u00e5ra unika erbjudanden h\u00e4r!\" \/>\n<meta property=\"og:url\" content=\"https:\/\/nordiclighthotel.com\/sv\/hotellpaket\/\" \/>\n<meta property=\"og:site_name\" content=\"Nordic Light Hotel\" \/>\n<meta property=\"article:modified_time\" content=\"2024-05-20T12:46:15+00:00\" \/>\n<meta name=\"twitter:card\" content=\"summary_large_image\" \/>\n<script type=\"application\/ld+json\" class=\"yoast-schema-graph\">{\"@context\":\"https:\\\/\\\/schema.org\",\"@graph\":[{\"@type\":\"WebPage\",\"@id\":\"https:\\\/\\\/nordiclighthotel.com\\\/sv\\\/hotellpaket\\\/\",\"url\":\"https:\\\/\\\/nordiclighthotel.com\\\/sv\\\/hotellpaket\\\/\",\"name\":\"Hotellpaket i Stockholm | Unika erbjudanden | Nordic Light\",\"isPartOf\":{\"@id\":\"https:\\\/\\\/nordiclighthotel.com\\\/#website\"},\"datePublished\":\"2018-05-29T13:43:47+00:00\",\"dateModified\":\"2024-05-20T12:46:15+00:00\",\"description\":\"V\u00e4lkommen till Nordic Light Hotel - ett modernt hotell med nordisk design bel\u00e4get vid centralstationen i Stockholm. Ta del av v\u00e5ra unika erbjudanden h\u00e4r!\",\"breadcrumb\":{\"@id\":\"https:\\\/\\\/nordiclighthotel.com\\\/sv\\\/hotellpaket\\\/#breadcrumb\"},\"inLanguage\":\"sv-SE\",\"potentialAction\":[{\"@type\":\"ReadAction\",\"target\":[\"https:\\\/\\\/nordiclighthotel.com\\\/sv\\\/hotellpaket\\\/\"]}]},{\"@type\":\"BreadcrumbList\",\"@id\":\"https:\\\/\\\/nordiclighthotel.com\\\/sv\\\/hotellpaket\\\/#breadcrumb\",\"itemListElement\":[{\"@type\":\"ListItem\",\"position\":1,\"name\":\"Hem\",\"item\":\"https:\\\/\\\/nordiclighthotel.com\\\/sv\\\/\"},{\"@type\":\"ListItem\",\"position\":2,\"name\":\"Erbjudanden\"}]},{\"@type\":\"WebSite\",\"@id\":\"https:\\\/\\\/nordiclighthotel.com\\\/#website\",\"url\":\"https:\\\/\\\/nordiclighthotel.com\\\/\",\"name\":\"Nordic Light Hotel\",\"description\":\"Stockholm mest centrala hotell - inklusive frukost &amp; wifi | Nordic Light Hotel\",\"potentialAction\":[{\"@type\":\"SearchAction\",\"target\":{\"@type\":\"EntryPoint\",\"urlTemplate\":\"https:\\\/\\\/nordiclighthotel.com\\\/?s={search_term_string}\"},\"query-input\":{\"@type\":\"PropertyValueSpecification\",\"valueRequired\":true,\"valueName\":\"search_term_string\"}}],\"inLanguage\":\"sv-SE\"}]}<\/script>\n<!-- \/ Yoast SEO plugin. -->","yoast_head_json":{"title":"Hotellpaket i Stockholm | Unika erbjudanden | Nordic Light","description":"V\u00e4lkommen till Nordic Light Hotel - ett modernt hotell med nordisk design bel\u00e4get vid centralstationen i Stockholm. Ta del av v\u00e5ra unika erbjudanden h\u00e4r!","robots":{"index":"index","follow":"follow","max-snippet":"max-snippet:-1","max-image-preview":"max-image-preview:large","max-video-preview":"max-video-preview:-1"},"canonical":"https:\/\/nordiclighthotel.com\/sv\/hotellpaket\/","og_locale":"sv_SE","og_type":"article","og_title":"Hotellpaket i Stockholm | Unika erbjudanden | Nordic Light","og_description":"V\u00e4lkommen till Nordic Light Hotel - ett modernt hotell med nordisk design bel\u00e4get vid centralstationen i Stockholm. Ta del av v\u00e5ra unika erbjudanden h\u00e4r!","og_url":"https:\/\/nordiclighthotel.com\/sv\/hotellpaket\/","og_site_name":"Nordic Light Hotel","article_modified_time":"2024-05-20T12:46:15+00:00","twitter_card":"summary_large_image","schema":{"@context":"https:\/\/schema.org","@graph":[{"@type":"WebPage","@id":"https:\/\/nordiclighthotel.com\/sv\/hotellpaket\/","url":"https:\/\/nordiclighthotel.com\/sv\/hotellpaket\/","name":"Hotellpaket i Stockholm | Unika erbjudanden | Nordic Light","isPartOf":{"@id":"https:\/\/nordiclighthotel.com\/#website"},"datePublished":"2018-05-29T13:43:47+00:00","dateModified":"2024-05-20T12:46:15+00:00","description":"V\u00e4lkommen till Nordic Light Hotel - ett modernt hotell med nordisk design bel\u00e4get vid centralstationen i Stockholm. Ta del av v\u00e5ra unika erbjudanden h\u00e4r!","breadcrumb":{"@id":"https:\/\/nordiclighthotel.com\/sv\/hotellpaket\/#breadcrumb"},"inLanguage":"sv-SE","potentialAction":[{"@type":"ReadAction","target":["https:\/\/nordiclighthotel.com\/sv\/hotellpaket\/"]}]},{"@type":"BreadcrumbList","@id":"https:\/\/nordiclighthotel.com\/sv\/hotellpaket\/#breadcrumb","itemListElement":[{"@type":"ListItem","position":1,"name":"Hem","item":"https:\/\/nordiclighthotel.com\/sv\/"},{"@type":"ListItem","position":2,"name":"Erbjudanden"}]},{"@type":"WebSite","@id":"https:\/\/nordiclighthotel.com\/#website","url":"https:\/\/nordiclighthotel.com\/","name":"Nordic Light Hotel","description":"Stockholm mest centrala hotell - inklusive frukost &amp; wifi | Nordic Light Hotel","potentialAction":[{"@type":"SearchAction","target":{"@type":"EntryPoint","urlTemplate":"https:\/\/nordiclighthotel.com\/?s={search_term_string}"},"query-input":{"@type":"PropertyValueSpecification","valueRequired":true,"valueName":"search_term_string"}}],"inLanguage":"sv-SE"}]}},"_links":{"self":[{"href":"https:\/\/nordiclighthotel.com\/sv\/wp-json\/wp\/v2\/pages\/10","targetHints":{"allow":["GET"]}}],"collection":[{"href":"https:\/\/nordiclighthotel.com\/sv\/wp-json\/wp\/v2\/pages"}],"about":[{"href":"https:\/\/nordiclighthotel.com\/sv\/wp-json\/wp\/v2\/types\/page"}],"author":[{"embeddable":true,"href":"https:\/\/nordiclighthotel.com\/sv\/wp-json\/wp\/v2\/users\/3"}],"replies":[{"embeddable":true,"href":"https:\/\/nordiclighthotel.com\/sv\/wp-json\/wp\/v2\/comments?post=10"}],"version-history":[{"count":54,"href":"https:\/\/nordiclighthotel.com\/sv\/wp-json\/wp\/v2\/pages\/10\/revisions"}],"predecessor-version":[{"id":16255,"href":"https:\/\/nordiclighthotel.com\/sv\/wp-json\/wp\/v2\/pages\/10\/revisions\/16255"}],"wp:attachment":[{"href":"https:\/\/nordiclighthotel.com\/sv\/wp-json\/wp\/v2\/media?parent=10"}],"curies":[{"name":"wp","href":"https:\/\/api.w.org\/{rel}","templated":true}]}}